{"id":1165,"date":"2025-11-11T09:16:36","date_gmt":"2025-11-11T12:16:36","guid":{"rendered":"https:\/\/carro.blog.br\/ficha-tecnica\/?page_id=1165"},"modified":"2025-12-08T23:09:02","modified_gmt":"2025-12-09T02:09:02","slug":"volkswagen-t-cross-2026","status":"publish","type":"page","link":"https:\/\/carro.blog.br\/ficha-tecnica\/volkswagen\/volkswagen-t-cross\/volkswagen-t-cross-2026","title":{"rendered":"Volkswagen T-Cross 2026"},"content":{"rendered":"<ul>\n<li><a href=\"https:\/\/carro.blog.br\/volkswagen-t-cross-sense-1-0-tsi-2026-preco-ficha-tecnica-consumo-equipamentos-e-fotos-eficiente-no-consumo-mas-com-porta-malas-limitado.html\">Volkswagen T-Cross 1.0 Sense 2026<\/a> (005520-4)<\/li>\n<li><a href=\"https:\/\/carro.blog.br\/volkswagen-t-cross-200-tsi-2026-preco-ficha-tecnica-consumo-equipamentos-e-fotos-tecnologia-embarcada-impressiona-mas-desempenho-e-basico.html\">Volkswagen T-Cross 1.0 2026<\/a> (005510-7)<\/li>\n<li><a href=\"https:\/\/carro.blog.br\/volkswagen-t-cross-comfortline-1-0-tsi-2026-preco-ficha-tecnica-consumo-equipamentos-e-fotos-seguranca-de-ponta-mas-acabamento-interno-decepciona.html\">Volkswagen T-Cross 1.0 Comfortline 2026<\/a> (005509-3)<\/li>\n<li><a href=\"https:\/\/carro.blog.br\/ficha-tecnica\/volkswagen\/volkswagen-t-cross\/volkswagen-t-cross-2026\/volkswagen-t-cross-highline-1-4-tsi-2026\">Volkswagen T-Cross 1.4 Highline 2026<\/a> (005508-5)<\/li>\n<li><a href=\"https:\/\/carro.blog.br\/ficha-tecnica\/volkswagen\/volkswagen-t-cross\/volkswagen-t-cross-2026\/volkswagen-t-cross-extreme-1-4-tsi-2026\">Volkswagen T-Cross 1.4 Extreme 2026<\/a> (005552-2)<\/li>\n<\/ul>\n<h2>Volkswagen T-Cross 2026 mant\u00e9m posi\u00e7\u00e3o de destaque entre SUVs compactos<\/h2>\n<figure id=\"attachment_176850\" aria-describedby=\"caption-attachment-176850\" style=\"width: 900px\" class=\"wp-caption aligncenter\"><img loading=\"lazy\" decoding=\"async\" src=\"https:\/\/carro.blog.br\/wp-content\/uploads\/2025\/09\/Volkswagen-T-Cross-1.4-250-TSI-Total-Flex-Extreme-Automatico-2026-900x582.webp\" alt=\"O Volkswagen T-Cross 2026 oferece vers\u00f5es com motores 1.0 TSI, voltadas para uso urbano eficiente, e 1.4 TSI, ideais para quem busca mais desempenho em viagens e versatilidade no dia a dia.\" width=\"900\" height=\"582\" class=\"size-thumbnail wp-image-176850\" \/><figcaption id=\"caption-attachment-176850\" class=\"wp-caption-text\">O Volkswagen T-Cross 2026 oferece vers\u00f5es com motores 1.0 TSI, voltadas para uso urbano eficiente, e 1.4 TSI, ideais para quem busca mais desempenho em viagens e versatilidade no dia a dia.<\/figcaption><\/figure>\n<p>O Volkswagen T-Cross 2026 segue como um dos modelos mais relevantes da categoria de SUVs compactos no Brasil. Com design atualizado e boa oferta de equipamentos, o carro se consolidou como uma op\u00e7\u00e3o vers\u00e1til para diferentes perfis de motoristas, equilibrando espa\u00e7o interno, conforto e conectividade.<\/p>\n<p>A gama de vers\u00f5es do modelo \u00e9 diversificada, atendendo desde consumidores que priorizam praticidade no dia a dia at\u00e9 aqueles que buscam mais pot\u00eancia e recursos tecnol\u00f3gicos. O motor 1.0 TSI oferece efici\u00eancia e desempenho adequado ao uso urbano, enquanto as op\u00e7\u00f5es 1.4 TSI garantem maior vigor para viagens e trajetos mais exigentes.<\/p>\n<p>No mercado brasileiro, o T-Cross se posiciona como um dos principais representantes da Volkswagen no segmento. Competindo com modelos como Jeep Renegade, Honda HR-V e Nissan Kicks, o SUV \u00e9 reconhecido pelo equil\u00edbrio entre dirigibilidade, consumo eficiente e a confian\u00e7a da marca alem\u00e3, mantendo boa aceita\u00e7\u00e3o entre fam\u00edlias e jovens motoristas.<\/p>\n","protected":false},"excerpt":{"rendered":"<p>Volkswagen T-Cross 1.0 Sense 2026 (005520-4) Volkswagen T-Cross 1.0 2026 (005510-7) Volkswagen T-Cross 1.0 Comfortline 2026 (005509-3) Volkswagen T-Cross 1.4 Highline 2026 (005508-5) Volkswagen T-Cross 1.4 Extreme 2026 (005552-2) Volkswagen T-Cross 2026 mant\u00e9m posi\u00e7\u00e3o de destaque entre SUVs compactos O Volkswagen T-Cross 2026 segue como um dos modelos mais relevantes da categoria de SUVs compactos [&hellip;]<\/p>\n","protected":false},"author":1,"featured_media":0,"parent":1159,"menu_order":0,"comment_status":"closed","ping_status":"closed","template":"","meta":{"footnotes":""},"class_list":["post-1165","page","type-page","status-publish","hentry"],"_links":{"self":[{"href":"https:\/\/carro.blog.br\/ficha-tecnica\/wp-json\/wp\/v2\/pages\/1165","targetHints":{"allow":["GET"]}}],"collection":[{"href":"https:\/\/carro.blog.br\/ficha-tecnica\/wp-json\/wp\/v2\/pages"}],"about":[{"href":"https:\/\/carro.blog.br\/ficha-tecnica\/wp-json\/wp\/v2\/types\/page"}],"author":[{"embeddable":true,"href":"https:\/\/carro.blog.br\/ficha-tecnica\/wp-json\/wp\/v2\/users\/1"}],"replies":[{"embeddable":true,"href":"https:\/\/carro.blog.br\/ficha-tecnica\/wp-json\/wp\/v2\/comments?post=1165"}],"version-history":[{"count":4,"href":"https:\/\/carro.blog.br\/ficha-tecnica\/wp-json\/wp\/v2\/pages\/1165\/revisions"}],"predecessor-version":[{"id":4975,"href":"https:\/\/carro.blog.br\/ficha-tecnica\/wp-json\/wp\/v2\/pages\/1165\/revisions\/4975"}],"up":[{"embeddable":true,"href":"https:\/\/carro.blog.br\/ficha-tecnica\/wp-json\/wp\/v2\/pages\/1159"}],"wp:attachment":[{"href":"https:\/\/carro.blog.br\/ficha-tecnica\/wp-json\/wp\/v2\/media?parent=1165"}],"curies":[{"name":"wp","href":"https:\/\/api.w.org\/{rel}","templated":true}]}}