{"id":1177,"date":"2025-11-11T10:21:46","date_gmt":"2025-11-11T13:21:46","guid":{"rendered":"https:\/\/carro.blog.br\/ficha-tecnica\/?page_id=1177"},"modified":"2025-12-21T21:00:55","modified_gmt":"2025-12-22T00:00:55","slug":"hyundai-creta-2026","status":"publish","type":"page","link":"https:\/\/carro.blog.br\/ficha-tecnica\/hyundai\/hyundai-creta\/hyundai-creta-2026","title":{"rendered":"Hyundai Creta 2026"},"content":{"rendered":"<ul>\n<li><a href=\"https:\/\/carro.blog.br\/ficha-tecnica\/hyundai\/hyundai-creta\/hyundai-creta-2026\/hyundai-creta-comfort-2026-mostra-por-que-virou-escolha-sensata-da-cidade\">Hyundai Creta 1.0 Comfort 2026<\/a> (015200-5)<\/li>\n<li><a href=\"https:\/\/carro.blog.br\/ficha-tecnica\/hyundai\/hyundai-creta\/hyundai-creta-2026\/hyundai-creta-limited-1-0-2026\">Hyundai Creta 1.0 Limited 2026<\/a> (015203-0)<\/li>\n<li><a href=\"https:\/\/carro.blog.br\/ficha-tecnica\/hyundai\/hyundai-creta\/hyundai-creta-2026\/hyundai-creta-n-line-1-0-2026\">Hyundai Creta 1.0 N Line 2026<\/a> (015212-9)<\/li>\n<li><a href=\"https:\/\/carro.blog.br\/ficha-tecnica\/hyundai\/hyundai-creta\/hyundai-creta-2026\/hyundai-creta-platinum-1-0-2026-preco-ficha-tecnica-consumo-equipamentos-e-fotos\">Hyundai Creta 1.0 Platinum 2026<\/a> (015202-1)<\/li>\n<li><a href=\"https:\/\/carro.blog.br\/ficha-tecnica\/hyundai\/hyundai-creta\/hyundai-creta-2026\/hyundai-creta-ultimate-1-6-2026-preco-ficha-tecnica-consumo-equipamentos-e-fotos\">Hyundai Creta 1.6 Ultimate 2026<\/a> (015249-8)<\/li>\n<\/ul>\n<h2>Hyundai Creta 2026 mant\u00e9m relev\u00e2ncia entre os SUVs no Brasil<\/h2>\n<figure id=\"attachment_178067\" aria-describedby=\"caption-attachment-178067\" style=\"width: 900px\" class=\"wp-caption aligncenter\"><img loading=\"lazy\" decoding=\"async\" src=\"https:\/\/carro.blog.br\/wp-content\/uploads\/2025\/09\/Hyundai-Creta-2026-900x433.webp\" alt=\"O Hyundai Creta 2026 tem vers\u00f5es para diferentes perfis: Comfort \u00e9 pr\u00e1tica, Limited agrega conforto, Platinum traz sofistica\u00e7\u00e3o, N Line aposta no estilo e Ultimate foca em desempenho.\" width=\"900\" height=\"433\" class=\"size-thumbnail wp-image-178067\" \/><figcaption id=\"caption-attachment-178067\" class=\"wp-caption-text\">O Hyundai Creta 2026 tem vers\u00f5es para diferentes perfis: Comfort \u00e9 pr\u00e1tica, Limited agrega conforto, Platinum traz sofistica\u00e7\u00e3o, N Line aposta no estilo e Ultimate foca em desempenho.<\/figcaption><\/figure>\n<p>O Hyundai Creta 2026 segue consolidado como um dos principais representantes do segmento de SUVs compactos no mercado brasileiro. Com presen\u00e7a consistente nas vendas, o modelo se apoia em um pacote de equipamentos atualizados e na combina\u00e7\u00e3o entre tecnologia, efici\u00eancia e conforto, pontos que sustentam sua popularidade nas grandes cidades e em trajetos de uso di\u00e1rio.<\/p>\n<p>A gama de vers\u00f5es do Creta 2026 foi pensada para atender perfis distintos de consumidores. A op\u00e7\u00e3o Comfort se destaca pelo equil\u00edbrio entre custo-benef\u00edcio e recursos essenciais, enquanto a Limited adiciona equipamentos que aumentam o conforto e a conectividade. J\u00e1 a Platinum tem foco em sofistica\u00e7\u00e3o, oferecendo mais conveni\u00eancia para quem busca acabamento refinado.<\/p>\n<p>Na linha mais esportiva, a vers\u00e3o N Line entrega um visual arrojado e detalhes exclusivos voltados a quem valoriza estilo e din\u00e2mica diferenciada. No topo da gama, a Ultimate traz motor 1.6 TGDI a gasolina com c\u00e2mbio DCT, combinando desempenho mais elevado e pacote completo de tecnologia e seguran\u00e7a, voltado a consumidores que priorizam performance e comodidade.<\/p>\n","protected":false},"excerpt":{"rendered":"<p>Hyundai Creta 1.0 Comfort 2026 (015200-5) Hyundai Creta 1.0 Limited 2026 (015203-0) Hyundai Creta 1.0 N Line 2026 (015212-9) Hyundai Creta 1.0 Platinum 2026 (015202-1) Hyundai Creta 1.6 Ultimate 2026 (015249-8) Hyundai Creta 2026 mant\u00e9m relev\u00e2ncia entre os SUVs no Brasil O Hyundai Creta 2026 segue consolidado como um dos principais representantes do segmento de [&hellip;]<\/p>\n","protected":false},"author":1,"featured_media":0,"parent":1173,"menu_order":0,"comment_status":"closed","ping_status":"closed","template":"","meta":{"footnotes":""},"class_list":["post-1177","page","type-page","status-publish","hentry"],"_links":{"self":[{"href":"https:\/\/carro.blog.br\/ficha-tecnica\/wp-json\/wp\/v2\/pages\/1177","targetHints":{"allow":["GET"]}}],"collection":[{"href":"https:\/\/carro.blog.br\/ficha-tecnica\/wp-json\/wp\/v2\/pages"}],"about":[{"href":"https:\/\/carro.blog.br\/ficha-tecnica\/wp-json\/wp\/v2\/types\/page"}],"author":[{"embeddable":true,"href":"https:\/\/carro.blog.br\/ficha-tecnica\/wp-json\/wp\/v2\/users\/1"}],"replies":[{"embeddable":true,"href":"https:\/\/carro.blog.br\/ficha-tecnica\/wp-json\/wp\/v2\/comments?post=1177"}],"version-history":[{"count":9,"href":"https:\/\/carro.blog.br\/ficha-tecnica\/wp-json\/wp\/v2\/pages\/1177\/revisions"}],"predecessor-version":[{"id":6096,"href":"https:\/\/carro.blog.br\/ficha-tecnica\/wp-json\/wp\/v2\/pages\/1177\/revisions\/6096"}],"up":[{"embeddable":true,"href":"https:\/\/carro.blog.br\/ficha-tecnica\/wp-json\/wp\/v2\/pages\/1173"}],"wp:attachment":[{"href":"https:\/\/carro.blog.br\/ficha-tecnica\/wp-json\/wp\/v2\/media?parent=1177"}],"curies":[{"name":"wp","href":"https:\/\/api.w.org\/{rel}","templated":true}]}}