{"id":122,"date":"2025-11-07T20:49:58","date_gmt":"2025-11-07T23:49:58","guid":{"rendered":"https:\/\/carro.blog.br\/ficha-tecnica\/?page_id=122"},"modified":"2025-11-11T09:10:38","modified_gmt":"2025-11-11T12:10:38","slug":"chevrolet-onix-2026","status":"publish","type":"page","link":"https:\/\/carro.blog.br\/ficha-tecnica\/chevrolet\/chevrolet-onix\/chevrolet-onix-2026","title":{"rendered":"Chevrolet Onix 2026"},"content":{"rendered":"<ul>\n<li><a href=\"https:\/\/carro.blog.br\/chevrolet-onix-2026-1-0-manual-preco-ficha-tecnica-consumo-equipamentos-e-fotos-hatch-compacto-mais-barato-da-chevrolet.html\">Chevrolet Onix Hatch 1.0 12v Flex 5p Manual 2026<\/a> (004517-9)<\/li>\n<li><a href=\"https:\/\/carro.blog.br\/chevrolet-onix-100-anos-1-0-2026-preco-ficha-tecnica-consumo-equipamentos-e-fotos-hatch-celebra-legado-da-gm-com-bom-consumo-e-conectividade-urbana.html\">Chevrolet Onix Hatch 1.0 12v Flex 5p Manual 100 Anos 2026<\/a> (004517-9)<\/li>\n<li>Chevrolet Onix Hatch 1.0 12v Turbo Flex 5p Manual 2026 (004512-8)<\/li>\n<li><a href=\"https:\/\/carro.blog.br\/chevrolet-onix-1-0-turbo-at-2026-preco-ficha-tecnica-consumo-equipamentos-e-fotos-com-cambio-automatico-e-116-cv-tem-respostas-rapidas-no-uso-urbano.html\">Chevrolet Onix Hatch 1.0 12v Turbo Flex 5p Aut. 2026<\/a> (004511-0)<\/li>\n<li><a href=\"https:\/\/carro.blog.br\/chevrolet-onix-lt-1-0-turbo-at-2026-preco-ficha-tecnica-consumo-equipamentos-e-fotos-hatch-faz-153-km-l-na-estrada-e-tem-autonomia-de-ate-673-km-e-pratico-no-dia-a-dia.html\">Chevrolet Onix Hatch LT 1.0 12v TB Flex 5p Aut. 2026<\/a> (004514-4)<\/li>\n<li><a href=\"https:\/\/carro.blog.br\/chevrolet-onix-ltz-1-0-at-2026-preco-ficha-tecnica-consumo-equipamentos-e-fotos-compacto-oferece-conforto-conectividade-e-boa-eficiencia-para-familias-pequenas.html\">Chevrolet Onix Hatch LTZ 1.0 12v TB Flex 5p Aut. 2026<\/a> (004515-2)<\/li>\n<li><a href=\"https:\/\/carro.blog.br\/ficha-tecnica\/chevrolet\/chevrolet-onix\/chevrolet-onix-2026\/chevrolet-onix-rs-1-0-turbo-2026-preco-ficha-tecnica-consumo-equipamentos-e-fotos\">Chevrolet Onix RS 1.0 Turbo 2026<\/a> (004530-6)<\/li>\n<li><a href=\"https:\/\/carro.blog.br\/ficha-tecnica\/chevrolet\/chevrolet-onix\/chevrolet-onix-2026\/chevrolet-onix-premier-1-0-2026-preco-ficha-tecnica-consumo-equipamentos-e-fotos\">Chevrolet Onix Premier 1.0 Turbo 2026<\/a> (004516-0)<\/li>\n<\/ul>\n<h2>Chevrolet Onix Hatch 2026 versatilidade e op\u00e7\u00f5es de vers\u00f5es<\/h2>\n<figure id=\"attachment_184264\" aria-describedby=\"caption-attachment-184264\" style=\"width: 900px\" class=\"wp-caption aligncenter\"><img loading=\"lazy\" decoding=\"async\" src=\"https:\/\/carro.blog.br\/wp-content\/uploads\/2025\/09\/Chevrolet-Onix-2026-900x588.webp\" alt=\"Vers\u00f5es do Chevrolet Onix Hatch 2026 v\u00e3o do 1.0 aspirado manual, voltado \u00e0 economia urbana, at\u00e9 o topo Premier, com pacote completo de tecnologia; RS foca no estilo esportivo.\" width=\"900\" height=\"588\" class=\"size-thumbnail wp-image-184264\" \/><figcaption id=\"caption-attachment-184264\" class=\"wp-caption-text\">Vers\u00f5es do Chevrolet Onix Hatch 2026 v\u00e3o do 1.0 aspirado manual, voltado \u00e0 economia urbana, at\u00e9 o topo Premier, com pacote completo de tecnologia; RS foca no estilo esportivo.<\/figcaption><\/figure>\n<p>O Chevrolet Onix Hatch 2026 mant\u00e9m-se como um dos modelos mais importantes do mercado brasileiro, combinando design atualizado, boa lista de equipamentos e op\u00e7\u00f5es de motores que atendem diferentes perfis de consumidores. A linha contempla tanto quem busca um carro urbano econ\u00f4mico quanto aqueles que valorizam mais desempenho e conforto em trajetos rodovi\u00e1rios.<\/p>\n<p>No mercado de autom\u00f3veis do Brasil, o Onix Hatch consolidou-se como refer\u00eancia no segmento dos hatches compactos, figurando entre os modelos mais vendidos. Seu apelo se deve ao equil\u00edbrio entre consumo, conectividade e seguran\u00e7a, fatores que o tornam competitivo frente aos principais rivais. A gama tamb\u00e9m oferece desde vers\u00f5es simples para uso cotidiano at\u00e9 configura\u00e7\u00f5es mais equipadas que entregam tecnologia avan\u00e7ada.<\/p>\n<p>As vers\u00f5es dispon\u00edveis v\u00e3o do modelo 1.0 aspirado manual, indicado para quem procura efici\u00eancia e baixo custo de uso, passando pela s\u00e9rie especial &#8220;100 Anos&#8221;, de apelo comemorativo, at\u00e9 as configura\u00e7\u00f5es com motor turbo, que garantem melhor desempenho. As op\u00e7\u00f5es LT e LTZ atendem fam\u00edlias que querem mais conforto, enquanto a RS aposta em visual esportivo. No topo, a Premier re\u00fane recursos de conectividade e equipamentos completos, ideal para quem deseja sofistica\u00e7\u00e3o dentro do segmento dos compactos.<\/p>\n","protected":false},"excerpt":{"rendered":"<p>Chevrolet Onix Hatch 1.0 12v Flex 5p Manual 2026 (004517-9) Chevrolet Onix Hatch 1.0 12v Flex 5p Manual 100 Anos 2026 (004517-9) Chevrolet Onix Hatch 1.0 12v Turbo Flex 5p Manual 2026 (004512-8) Chevrolet Onix Hatch 1.0 12v Turbo Flex 5p Aut. 2026 (004511-0) Chevrolet Onix Hatch LT 1.0 12v TB Flex 5p Aut. 2026 [&hellip;]<\/p>\n","protected":false},"author":1,"featured_media":0,"parent":120,"menu_order":0,"comment_status":"closed","ping_status":"closed","template":"","meta":{"footnotes":""},"class_list":["post-122","page","type-page","status-publish","hentry"],"_links":{"self":[{"href":"https:\/\/carro.blog.br\/ficha-tecnica\/wp-json\/wp\/v2\/pages\/122","targetHints":{"allow":["GET"]}}],"collection":[{"href":"https:\/\/carro.blog.br\/ficha-tecnica\/wp-json\/wp\/v2\/pages"}],"about":[{"href":"https:\/\/carro.blog.br\/ficha-tecnica\/wp-json\/wp\/v2\/types\/page"}],"author":[{"embeddable":true,"href":"https:\/\/carro.blog.br\/ficha-tecnica\/wp-json\/wp\/v2\/users\/1"}],"replies":[{"embeddable":true,"href":"https:\/\/carro.blog.br\/ficha-tecnica\/wp-json\/wp\/v2\/comments?post=122"}],"version-history":[{"count":2,"href":"https:\/\/carro.blog.br\/ficha-tecnica\/wp-json\/wp\/v2\/pages\/122\/revisions"}],"predecessor-version":[{"id":1158,"href":"https:\/\/carro.blog.br\/ficha-tecnica\/wp-json\/wp\/v2\/pages\/122\/revisions\/1158"}],"up":[{"embeddable":true,"href":"https:\/\/carro.blog.br\/ficha-tecnica\/wp-json\/wp\/v2\/pages\/120"}],"wp:attachment":[{"href":"https:\/\/carro.blog.br\/ficha-tecnica\/wp-json\/wp\/v2\/media?parent=122"}],"curies":[{"name":"wp","href":"https:\/\/api.w.org\/{rel}","templated":true}]}}