{"id":1264,"date":"2025-11-11T12:53:30","date_gmt":"2025-11-11T15:53:30","guid":{"rendered":"https:\/\/carro.blog.br\/ficha-tecnica\/?page_id=1264"},"modified":"2025-12-28T12:50:38","modified_gmt":"2025-12-28T15:50:38","slug":"toyota-hilux-2026","status":"publish","type":"page","link":"https:\/\/carro.blog.br\/ficha-tecnica\/toyota\/toyota-hilux\/toyota-hilux-2026","title":{"rendered":"Toyota Hilux 2026"},"content":{"rendered":"<ul>\n<li>Toyota Hilux Chassi 2.8 2026<\/li>\n<li>Toyota Hilux Chassi 2.8 AT 2026<\/li>\n<li>Toyota Hilux STD 2.8 CS 2026<\/li>\n<li>Toyota Hilux STD 2.8 CS AT 2026<\/li>\n<li>Toyota Hilux STD Power Pack 2.8 2026<\/li>\n<li>Toyota Hilux STD Power Pack 2.8 AT 2026<\/li>\n<li>Toyota Hilux SR 2.8 2026<\/li>\n<li><a href=\"https:\/\/carro.blog.br\/ficha-tecnica\/toyota\/toyota-hilux\/toyota-hilux-2026\/toyota-hilux-srv-2-8-2026\">Toyota Hilux SRV 2.8 2026<\/a><\/li>\n<li><a href=\"https:\/\/carro.blog.br\/ficha-tecnica\/toyota\/toyota-hilux\/toyota-hilux-2026\/toyota-hilux-srx-2-8-2026\">Toyota Hilux SRX 2.8 2026<\/a><\/li>\n<li><a href=\"https:\/\/carro.blog.br\/ficha-tecnica\/toyota\/toyota-hilux\/toyota-hilux-2026\/toyota-hilux-srx-plus-2-8-2026\">Toyota Hilux SRX Plus 2.8 2026<\/a><\/li>\n<\/ul>\n<h2>Toyota Hilux 2026, robustez que domina trabalho e uso di\u00e1rio<\/h2>\n<figure id=\"attachment_2267\" aria-describedby=\"caption-attachment-2267\" style=\"width: 900px\" class=\"wp-caption aligncenter\"><img loading=\"lazy\" decoding=\"async\" src=\"https:\/\/carro.blog.br\/ficha-tecnica\/wp-content\/uploads\/2025\/11\/alan-correa-2025-11-27-as-09.32.43-900x590.webp\" alt=\"Vers\u00f5es de trabalho focam carga e resist\u00eancia, enquanto SR, SRV, SRX e SRX Plus entregam mais conforto e tecnologia, mantendo a robustez t\u00edpica da Hilux.\" width=\"900\" height=\"590\" class=\"size-thumbnail wp-image-2267\" srcset=\"https:\/\/carro.blog.br\/ficha-tecnica\/wp-content\/uploads\/2025\/11\/alan-correa-2025-11-27-as-09.32.43-350x229.webp 350w, https:\/\/carro.blog.br\/ficha-tecnica\/wp-content\/uploads\/2025\/11\/alan-correa-2025-11-27-as-09.32.43-150x98.webp 150w\" sizes=\"auto, (max-width: 900px) 100vw, 900px\" \/><figcaption id=\"caption-attachment-2267\" class=\"wp-caption-text\">Vers\u00f5es de trabalho focam carga e resist\u00eancia, enquanto SR, SRV, SRX e SRX Plus entregam mais conforto e tecnologia, mantendo a robustez t\u00edpica da Hilux.<\/figcaption><\/figure>\n<p>A Toyota Hilux 2026 mant\u00e9m a f\u00f3rmula que a consolidou entre as picapes mais resistentes do pa\u00eds, combinando constru\u00e7\u00e3o s\u00f3lida, conjunto mec\u00e2nico dur\u00e1vel e tra\u00e7\u00e3o eficiente para enfrentar longos percursos, carga pesada e uso constante. O foco sempre foi entregar confiabilidade, e essa gera\u00e7\u00e3o segue exatamente essa linha, com motor 2.8 turbo a diesel, op\u00e7\u00f5es de c\u00e2mbio manual ou autom\u00e1tico e configura\u00e7\u00f5es pensadas para quem precisa de for\u00e7a real no dia a dia.<\/p>\n<p>O modelo ocupa hoje um espa\u00e7o de destaque no mercado brasileiro por unir capacidade de trabalho e versatilidade para uso misto. No campo, na cidade ou em longas viagens, mant\u00e9m comportamento previs\u00edvel, ergonomia simples de operar e um pacote estrutural que prioriza resist\u00eancia. \u00c9 uma picape que n\u00e3o surge como novidade sazonal, e sim como um produto consolidado, voltado a quem busca durabilidade acima de modismos.<\/p>\n<p>A gama 2026 inclui vers\u00f5es voltadas para perfis distintos. As op\u00e7\u00f5es STD, STD Power Pack, Chassi e CS atendem opera\u00e7\u00f5es comerciais, transporte de carga, frotas e uso rural. J\u00e1 as vers\u00f5es SR, SRV, SRX e SRX Plus focam em conforto, tecnologia e uso familiar, mantendo a mesma base mec\u00e2nica robusta, mas com n\u00edveis diferentes de equipamentos e acabamento. A estrat\u00e9gia da linha \u00e9 clara, dividindo trabalho pesado e uso cotidiano sem perder a identidade funcional da picape.<\/p>\n","protected":false},"excerpt":{"rendered":"<p>Toyota Hilux Chassi 2.8 2026 Toyota Hilux Chassi 2.8 AT 2026 Toyota Hilux STD 2.8 CS 2026 Toyota Hilux STD 2.8 CS AT 2026 Toyota Hilux STD Power Pack 2.8 2026 Toyota Hilux STD Power Pack 2.8 AT 2026 Toyota Hilux SR 2.8 2026 Toyota Hilux SRV 2.8 2026 Toyota Hilux SRX 2.8 2026 Toyota [&hellip;]<\/p>\n","protected":false},"author":1,"featured_media":0,"parent":1266,"menu_order":0,"comment_status":"closed","ping_status":"closed","template":"","meta":{"footnotes":""},"class_list":["post-1264","page","type-page","status-publish","hentry"],"_links":{"self":[{"href":"https:\/\/carro.blog.br\/ficha-tecnica\/wp-json\/wp\/v2\/pages\/1264","targetHints":{"allow":["GET"]}}],"collection":[{"href":"https:\/\/carro.blog.br\/ficha-tecnica\/wp-json\/wp\/v2\/pages"}],"about":[{"href":"https:\/\/carro.blog.br\/ficha-tecnica\/wp-json\/wp\/v2\/types\/page"}],"author":[{"embeddable":true,"href":"https:\/\/carro.blog.br\/ficha-tecnica\/wp-json\/wp\/v2\/users\/1"}],"replies":[{"embeddable":true,"href":"https:\/\/carro.blog.br\/ficha-tecnica\/wp-json\/wp\/v2\/comments?post=1264"}],"version-history":[{"count":6,"href":"https:\/\/carro.blog.br\/ficha-tecnica\/wp-json\/wp\/v2\/pages\/1264\/revisions"}],"predecessor-version":[{"id":6431,"href":"https:\/\/carro.blog.br\/ficha-tecnica\/wp-json\/wp\/v2\/pages\/1264\/revisions\/6431"}],"up":[{"embeddable":true,"href":"https:\/\/carro.blog.br\/ficha-tecnica\/wp-json\/wp\/v2\/pages\/1266"}],"wp:attachment":[{"href":"https:\/\/carro.blog.br\/ficha-tecnica\/wp-json\/wp\/v2\/media?parent=1264"}],"curies":[{"name":"wp","href":"https:\/\/api.w.org\/{rel}","templated":true}]}}