{"id":1302,"date":"2025-11-11T16:08:31","date_gmt":"2025-11-11T19:08:31","guid":{"rendered":"https:\/\/carro.blog.br\/ficha-tecnica\/?page_id=1302"},"modified":"2025-12-21T08:17:53","modified_gmt":"2025-12-21T11:17:53","slug":"fiat-strada-2026","status":"publish","type":"page","link":"https:\/\/carro.blog.br\/ficha-tecnica\/fiat\/fiat-strada\/fiat-strada-2026","title":{"rendered":"Fiat Strada 2026"},"content":{"rendered":"<ul>\n<li><a href=\"https:\/\/carro.blog.br\/fiat-strada-endurance-1-3-cs-2026-preco-ficha-tecnica-consumo-equipamentos-e-fotos-picape-cabine-simples-leva-720-kg-de-carga-e-tem-autonomia-de-ate-809-km-ideal-para-o-trabalho-diario.html\">Fiat Strada Endurance CS 2026<\/a><\/li>\n<li><a href=\"https:\/\/carro.blog.br\/ficha-tecnica\/fiat\/fiat-strada\/fiat-strada-2026\/fiat-strada-freedom-1-3-cs-2026\">Fiat Strada Freedom CS 2026<\/a><\/li>\n<li><a href=\"https:\/\/carro.blog.br\/fiat-strada-freedom-1-3-cd-2026-preco-ficha-tecnica-consumo-equipamentos-e-fotos-picape-pratica-para-trabalho.html\">Fiat Strada Freedom CD 2026<\/a><\/li>\n<li><a href=\"https:\/\/carro.blog.br\/fiat-strada-volcano-1-3-cd-2026-manual-preco-ficha-tecnica-consumo-equipamentos-e-fotos-picape-combina-conforto-desempenho-e-praticidade-no-uso-diario.html\">Fiat Strada Volcano CD 2026<\/a><\/li>\n<li><a href=\"https:\/\/carro.blog.br\/fiat-strada-volcano-1-3-cd-at-2026-preco-ficha-tecnica-consumo-equipamentos-e-fotos-picape-automatica-une-conforto-urbano-e-cacamba-para-o-trabalho-leve.html\">Fiat Strada Volcano CD AT 2026<\/a><\/li>\n<li><a href=\"https:\/\/carro.blog.br\/ficha-tecnica\/fiat\/fiat-strada\/fiat-strada-2026\/fiat-strada-ultra-1-0-turbo-2026\">Fiat Strada Ultra CD CVT 2026<\/a><\/li>\n<li><a href=\"https:\/\/carro.blog.br\/ficha-tecnica\/fiat\/fiat-strada\/fiat-strada-2026\/fiat-strada-ranch-1-0-turbo-2026-preco-ficha-tecnica-consumo-equipamentos-e-fotos\">Strada Turbo Ranch CVT 2026<\/a><\/li>\n<\/ul>\n<h2>Fiat Strada 2026 mant\u00e9m relev\u00e2ncia entre compactas<\/h2>\n<figure id=\"attachment_175126\" aria-describedby=\"caption-attachment-175126\" style=\"width: 900px\" class=\"wp-caption aligncenter\"><img loading=\"lazy\" decoding=\"async\" src=\"https:\/\/carro.blog.br\/wp-content\/uploads\/2025\/09\/fiat-strada-2026-900x505.webp\" alt=\"A Strada 2026 oferece vers\u00f5es para trabalho e uso familiar, com motores 1.0 turbo e 1.3 Firefly flex, c\u00e2mbios manual ou CVT e cabines simples ou duplas.\" width=\"900\" height=\"505\" class=\"size-thumbnail wp-image-175126\" \/><figcaption id=\"caption-attachment-175126\" class=\"wp-caption-text\">A Strada 2026 oferece vers\u00f5es para trabalho e uso familiar, com motores 1.0 turbo e 1.3 Firefly flex, c\u00e2mbios manual ou CVT e cabines simples ou duplas.<\/figcaption><\/figure>\n<p>A Fiat Strada 2026 segue como refer\u00eancia entre as picapes compactas, unindo praticidade urbana e robustez para quem precisa de um ve\u00edculo vers\u00e1til. A linha traz motores 1.0 turbo e 1.3 Firefly flex, com diferentes combina\u00e7\u00f5es de c\u00e2mbio manual e CVT, atendendo perfis distintos de consumidores.<\/p>\n<p>O modelo se destaca pelo equil\u00edbrio entre conforto e capacidade de carga, sendo procurado tanto por uso profissional quanto para o dia a dia. A cabine dupla aparece em v\u00e1rias vers\u00f5es, oferecendo maior espa\u00e7o interno, enquanto as op\u00e7\u00f5es de cabine simples priorizam a ca\u00e7amba e a funcionalidade.<\/p>\n<p>Al\u00e9m do design atualizado, a Strada se mant\u00e9m competitiva por trazer equipamentos de conveni\u00eancia e conectividade que antes eram restritos a categorias superiores. Essa evolu\u00e7\u00e3o a consolida como uma escolha s\u00f3lida para quem busca uma picape compacta confi\u00e1vel e adaptada a diferentes necessidades.<\/p>\n","protected":false},"excerpt":{"rendered":"<p>Fiat Strada Endurance CS 2026 Fiat Strada Freedom CS 2026 Fiat Strada Freedom CD 2026 Fiat Strada Volcano CD 2026 Fiat Strada Volcano CD AT 2026 Fiat Strada Ultra CD CVT 2026 Strada Turbo Ranch CVT 2026 Fiat Strada 2026 mant\u00e9m relev\u00e2ncia entre compactas A Fiat Strada 2026 segue como refer\u00eancia entre as picapes compactas, [&hellip;]<\/p>\n","protected":false},"author":1,"featured_media":0,"parent":1298,"menu_order":0,"comment_status":"closed","ping_status":"closed","template":"","meta":{"footnotes":""},"class_list":["post-1302","page","type-page","status-publish","hentry"],"_links":{"self":[{"href":"https:\/\/carro.blog.br\/ficha-tecnica\/wp-json\/wp\/v2\/pages\/1302","targetHints":{"allow":["GET"]}}],"collection":[{"href":"https:\/\/carro.blog.br\/ficha-tecnica\/wp-json\/wp\/v2\/pages"}],"about":[{"href":"https:\/\/carro.blog.br\/ficha-tecnica\/wp-json\/wp\/v2\/types\/page"}],"author":[{"embeddable":true,"href":"https:\/\/carro.blog.br\/ficha-tecnica\/wp-json\/wp\/v2\/users\/1"}],"replies":[{"embeddable":true,"href":"https:\/\/carro.blog.br\/ficha-tecnica\/wp-json\/wp\/v2\/comments?post=1302"}],"version-history":[{"count":9,"href":"https:\/\/carro.blog.br\/ficha-tecnica\/wp-json\/wp\/v2\/pages\/1302\/revisions"}],"predecessor-version":[{"id":6032,"href":"https:\/\/carro.blog.br\/ficha-tecnica\/wp-json\/wp\/v2\/pages\/1302\/revisions\/6032"}],"up":[{"embeddable":true,"href":"https:\/\/carro.blog.br\/ficha-tecnica\/wp-json\/wp\/v2\/pages\/1298"}],"wp:attachment":[{"href":"https:\/\/carro.blog.br\/ficha-tecnica\/wp-json\/wp\/v2\/media?parent=1302"}],"curies":[{"name":"wp","href":"https:\/\/api.w.org\/{rel}","templated":true}]}}