{"id":1404,"date":"2025-11-11T19:31:35","date_gmt":"2025-11-11T22:31:35","guid":{"rendered":"https:\/\/carro.blog.br\/ficha-tecnica\/?page_id=1404"},"modified":"2025-11-11T19:44:29","modified_gmt":"2025-11-11T22:44:29","slug":"jeep-compass-2022","status":"publish","type":"page","link":"https:\/\/carro.blog.br\/ficha-tecnica\/jeep\/jeep-compass\/jeep-compass-2022","title":{"rendered":"Jeep Compass 2022"},"content":{"rendered":"<ul>\n<li><a href=\"https:\/\/carro.blog.br\/ficha-tecnica\/jeep\/jeep-compass\/jeep-compass-2022\/jeep-compass-sport-1-3-2022\">Jeep Compass Sport T270 1.3 TB 4&#215;2 Flex Aut. 2022<\/a> (017072-0)<\/li>\n<li>Jeep Compass T270 80 Anos 1.3 TB 4&#215;2 Flex Aut. 2022 (017073-9)<\/li>\n<li>Jeep Compass Longitude T270 1.3 TB 4&#215;2 Flex Aut. 2022 (017071-2)<\/li>\n<li>Jeep Compass Limited T270 1.3 TB 4&#215;2 Flex Aut. 2022 (017070-4)<\/li>\n<li>Jeep Compass S T270 1.3 TB 4&#215;2 Flex Aut. 2022 (017074-7)<\/li>\n<li>Jeep Compass S 1.3 TB 4XE Aut. (H\u00edbrido) 2022 (017089-5)<\/li>\n<li>Jeep Compass Longitude TD 350 2.0 4&#215;4 Diesel Aut. 2022 (017075-5)<\/li>\n<li>Jeep Compass TD 350 80 Anos 2.0 4&#215;4 Diesel Aut. 2022 (017076-3)<\/li>\n<li>Jeep Compass Limited TD 350 2.0 4&#215;4 Diesel Aut. 2022 (017077-1)<\/li>\n<li>Jeep Compass Trailhawk TD 350 2.0 4&#215;4 Diesel Aut. 2022 (017078-0)<\/li>\n<\/ul>\n<h2>Jeep Compass 2022: o SUV que une conforto e for\u00e7a<\/h2>\n<figure id=\"attachment_1406\" aria-describedby=\"caption-attachment-1406\" style=\"width: 900px\" class=\"wp-caption aligncenter\"><img loading=\"lazy\" decoding=\"async\" src=\"https:\/\/carro.blog.br\/ficha-tecnica\/wp-content\/uploads\/2025\/11\/Jeep-Compass-2022-1-900x596.webp\" alt=\"Jeep Compass 2022 combina desempenho, conforto e tecnologia, com vers\u00f5es Flex para o uso di\u00e1rio e Diesel 4x4 voltadas a quem busca pot\u00eancia, resist\u00eancia e versatilidade.\" width=\"900\" height=\"596\" class=\"size-thumbnail wp-image-1406\" srcset=\"https:\/\/carro.blog.br\/ficha-tecnica\/wp-content\/uploads\/2025\/11\/Jeep-Compass-2022-1-350x232.webp 350w, https:\/\/carro.blog.br\/ficha-tecnica\/wp-content\/uploads\/2025\/11\/Jeep-Compass-2022-1-150x99.webp 150w\" sizes=\"auto, (max-width: 900px) 100vw, 900px\" \/><figcaption id=\"caption-attachment-1406\" class=\"wp-caption-text\">Jeep Compass 2022 combina desempenho, conforto e tecnologia, com vers\u00f5es Flex para o uso di\u00e1rio e Diesel 4&#215;4 voltadas a quem busca pot\u00eancia, resist\u00eancia e versatilidade.<\/figcaption><\/figure>\n<p>O Jeep Compass 2022 oferece o equil\u00edbrio ideal entre conforto urbano e capacidade off-road. As vers\u00f5es Flex utilizam o motor 1.3 Turbo, eficiente e \u00e1gil no uso di\u00e1rio, enquanto as Diesel TD350 entregam pot\u00eancia e tra\u00e7\u00e3o 4&#215;4 para quem busca desempenho e resist\u00eancia. O interior bem acabado, com tecnologia e seguran\u00e7a de ponta, refor\u00e7a o status do modelo como um dos SUVs mais completos do pa\u00eds.<\/p>\n<p>No mercado brasileiro, o Compass se mant\u00e9m entre os l\u00edderes de vendas no segmento de SUVs m\u00e9dios. Sua versatilidade o torna uma escolha s\u00f3lida tanto para o uso familiar quanto corporativo, com manuten\u00e7\u00e3o acess\u00edvel e boa reputa\u00e7\u00e3o de durabilidade. \u00c9 um carro que consegue transitar entre o luxo e a funcionalidade sem abrir m\u00e3o da identidade Jeep.<\/p>\n<p>As vers\u00f5es Flex, como Sport, T270, Longitude, Limited e S, atendem motoristas que priorizam conforto e efici\u00eancia. J\u00e1 as vers\u00f5es Diesel TD350, como Longitude, 80 Anos, Limited e Trailhawk, foram criadas para quem precisa de for\u00e7a, tra\u00e7\u00e3o integral e desempenho fora de estrada, mantendo o esp\u00edrito aventureiro e a tradi\u00e7\u00e3o da marca.<\/p>\n","protected":false},"excerpt":{"rendered":"<p>Jeep Compass Sport T270 1.3 TB 4&#215;2 Flex Aut. 2022 (017072-0) Jeep Compass T270 80 Anos 1.3 TB 4&#215;2 Flex Aut. 2022 (017073-9) Jeep Compass Longitude T270 1.3 TB 4&#215;2 Flex Aut. 2022 (017071-2) Jeep Compass Limited T270 1.3 TB 4&#215;2 Flex Aut. 2022 (017070-4) Jeep Compass S T270 1.3 TB 4&#215;2 Flex Aut. 2022 [&hellip;]<\/p>\n","protected":false},"author":1,"featured_media":0,"parent":216,"menu_order":0,"comment_status":"closed","ping_status":"closed","template":"","meta":{"footnotes":""},"class_list":["post-1404","page","type-page","status-publish","hentry"],"_links":{"self":[{"href":"https:\/\/carro.blog.br\/ficha-tecnica\/wp-json\/wp\/v2\/pages\/1404","targetHints":{"allow":["GET"]}}],"collection":[{"href":"https:\/\/carro.blog.br\/ficha-tecnica\/wp-json\/wp\/v2\/pages"}],"about":[{"href":"https:\/\/carro.blog.br\/ficha-tecnica\/wp-json\/wp\/v2\/types\/page"}],"author":[{"embeddable":true,"href":"https:\/\/carro.blog.br\/ficha-tecnica\/wp-json\/wp\/v2\/users\/1"}],"replies":[{"embeddable":true,"href":"https:\/\/carro.blog.br\/ficha-tecnica\/wp-json\/wp\/v2\/comments?post=1404"}],"version-history":[{"count":2,"href":"https:\/\/carro.blog.br\/ficha-tecnica\/wp-json\/wp\/v2\/pages\/1404\/revisions"}],"predecessor-version":[{"id":1431,"href":"https:\/\/carro.blog.br\/ficha-tecnica\/wp-json\/wp\/v2\/pages\/1404\/revisions\/1431"}],"up":[{"embeddable":true,"href":"https:\/\/carro.blog.br\/ficha-tecnica\/wp-json\/wp\/v2\/pages\/216"}],"wp:attachment":[{"href":"https:\/\/carro.blog.br\/ficha-tecnica\/wp-json\/wp\/v2\/media?parent=1404"}],"curies":[{"name":"wp","href":"https:\/\/api.w.org\/{rel}","templated":true}]}}