{"id":15,"date":"2025-11-07T16:43:26","date_gmt":"2025-11-07T19:43:26","guid":{"rendered":"https:\/\/carro.blog.br\/ficha-tecnica\/?page_id=15"},"modified":"2025-12-23T15:39:46","modified_gmt":"2025-12-23T18:39:46","slug":"toyota-yaris-cross-2026","status":"publish","type":"page","link":"https:\/\/carro.blog.br\/ficha-tecnica\/toyota\/toyota-yaris-cross\/toyota-yaris-cross-2026","title":{"rendered":"Toyota Yaris Cross 2026"},"content":{"rendered":"<ul>\n<li><a href=\"https:\/\/carro.blog.br\/ficha-tecnica\/toyota\/toyota-yaris-cross\/toyota-yaris-cross-2026\/toyota-yaris-cross-xre-1-5-2026\">Toyota Yaris Cross XRE 1.5 2026<\/a> (-)<\/li>\n<li><a href=\"https:\/\/carro.blog.br\/ficha-tecnica\/toyota\/toyota-yaris-cross\/toyota-yaris-cross-2026\/toyota-yaris-cross-xrx-2026-versao-flex-a-combustao-tem-122-cv-e-faz-ate-143-km-l\">Toyota Yaris Cross XRX 1.5 2026<\/a> (-)<\/li>\n<li><a href=\"https:\/\/carro.blog.br\/ficha-tecnica\/toyota\/toyota-yaris-cross\/toyota-yaris-cross-2026\/toyota-yaris-cross-xre-1-5-hev-2026\">Toyota Yaris Cross XRE Hybrid 1.5 2026<\/a> (-)<\/li>\n<li><a href=\"https:\/\/carro.blog.br\/ficha-tecnica\/toyota\/toyota-yaris-cross\/toyota-yaris-cross-2026\/toyota-yaris-cross-xrx-1-5-hev-2026-preco-ficha-tecnica-consumo-equipamentos-e-fotos\">Toyota Yaris Cross XRX Hybrid 1.5 2026<\/a> (-)<\/li>\n<\/ul>\n<h2>Toyota Yaris Cross 2026 re\u00fane espa\u00e7o, tecnologia e efici\u00eancia<\/h2>\n<figure id=\"attachment_174582\" aria-describedby=\"caption-attachment-174582\" style=\"width: 900px\" class=\"wp-caption aligncenter\"><img loading=\"lazy\" decoding=\"async\" src=\"https:\/\/carro.blog.br\/wp-content\/uploads\/2025\/09\/toyota-yaris-cross-2025-2026-5-1-900x564.webp\" alt=\"O Toyota Yaris Cross 2025 estreia no Brasil com vers\u00f5es a combust\u00e3o e h\u00edbrida, prometendo efici\u00eancia, espa\u00e7o interno e pre\u00e7o competitivo para o segmento.\" width=\"900\" height=\"564\" class=\"size-thumbnail wp-image-174582\" \/><figcaption id=\"caption-attachment-174582\" class=\"wp-caption-text\">O Toyota Yaris Cross 2025 estreia no Brasil com vers\u00f5es a combust\u00e3o e h\u00edbrida, prometendo efici\u00eancia, espa\u00e7o interno e pre\u00e7o competitivo para o segmento.<\/figcaption><\/figure>\n<p>O <a href=\"https:\/\/carro.blog.br\/toyota-yaris-cross-2025-chega-com-consumo-de-32-km-l-e-precos-a-partir-de-r-130-mil.html\">Toyota Yaris Cross 2026<\/a> se destaca entre os SUVs compactos por oferecer um bom equil\u00edbrio entre design moderno, pacote de equipamentos e solu\u00e7\u00f5es pr\u00e1ticas para o dia a dia. O modelo combina dimens\u00f5es adequadas para o uso urbano com recursos que tamb\u00e9m favorecem viagens mais longas.<\/p>\n<p>Entre as vers\u00f5es dispon\u00edveis, o Yaris Cross traz op\u00e7\u00f5es com motor a combust\u00e3o 1.5 e configura\u00e7\u00e3o h\u00edbrida, que aposta em maior efici\u00eancia energ\u00e9tica e redu\u00e7\u00e3o de consumo. Em comum, todas contam com c\u00e2mbio autom\u00e1tico e itens de conveni\u00eancia que ampliam o conforto dos ocupantes.<\/p>\n<p>O espa\u00e7o interno \u00e9 outro ponto valorizado, com bom aproveitamento para passageiros e um porta-malas generoso para a categoria. A oferta de conectividade, tecnologias de assist\u00eancia ao motorista e o cuidado com a seguran\u00e7a refor\u00e7am o posicionamento do modelo como uma alternativa competitiva no mercado brasileiro de SUVs compactos.<\/p>\n","protected":false},"excerpt":{"rendered":"<p>Toyota Yaris Cross XRE 1.5 2026 (-) Toyota Yaris Cross XRX 1.5 2026 (-) Toyota Yaris Cross XRE Hybrid 1.5 2026 (-) Toyota Yaris Cross XRX Hybrid 1.5 2026 (-) Toyota Yaris Cross 2026 re\u00fane espa\u00e7o, tecnologia e efici\u00eancia O Toyota Yaris Cross 2026 se destaca entre os SUVs compactos por oferecer um bom equil\u00edbrio [&hellip;]<\/p>\n","protected":false},"author":1,"featured_media":0,"parent":13,"menu_order":0,"comment_status":"closed","ping_status":"closed","template":"","meta":{"footnotes":""},"class_list":["post-15","page","type-page","status-publish","hentry"],"_links":{"self":[{"href":"https:\/\/carro.blog.br\/ficha-tecnica\/wp-json\/wp\/v2\/pages\/15","targetHints":{"allow":["GET"]}}],"collection":[{"href":"https:\/\/carro.blog.br\/ficha-tecnica\/wp-json\/wp\/v2\/pages"}],"about":[{"href":"https:\/\/carro.blog.br\/ficha-tecnica\/wp-json\/wp\/v2\/types\/page"}],"author":[{"embeddable":true,"href":"https:\/\/carro.blog.br\/ficha-tecnica\/wp-json\/wp\/v2\/users\/1"}],"replies":[{"embeddable":true,"href":"https:\/\/carro.blog.br\/ficha-tecnica\/wp-json\/wp\/v2\/comments?post=15"}],"version-history":[{"count":5,"href":"https:\/\/carro.blog.br\/ficha-tecnica\/wp-json\/wp\/v2\/pages\/15\/revisions"}],"predecessor-version":[{"id":6237,"href":"https:\/\/carro.blog.br\/ficha-tecnica\/wp-json\/wp\/v2\/pages\/15\/revisions\/6237"}],"up":[{"embeddable":true,"href":"https:\/\/carro.blog.br\/ficha-tecnica\/wp-json\/wp\/v2\/pages\/13"}],"wp:attachment":[{"href":"https:\/\/carro.blog.br\/ficha-tecnica\/wp-json\/wp\/v2\/media?parent=15"}],"curies":[{"name":"wp","href":"https:\/\/api.w.org\/{rel}","templated":true}]}}