{"id":1839,"date":"2025-11-22T13:27:43","date_gmt":"2025-11-22T16:27:43","guid":{"rendered":"https:\/\/carro.blog.br\/ficha-tecnica\/?page_id=1839"},"modified":"2025-12-29T21:34:30","modified_gmt":"2025-12-30T00:34:30","slug":"chevrolet-spin-2026","status":"publish","type":"page","link":"https:\/\/carro.blog.br\/ficha-tecnica\/chevrolet\/chevrolet-spin\/chevrolet-spin-2026","title":{"rendered":"Chevrolet Spin 2026"},"content":{"rendered":"<ul>\n<li>Chevrolet Spin 1.8 8V Flex 4p Autom\u00e1tico 2026 (004415-6)<\/li>\n<li>Chevrolet Spin 1.8 LT 8V Flex 4p Autom\u00e1tico 2026 (004415-6)<\/li>\n<li>Chevrolet Spin 1.8 LT 8V Flex 4p Manual 2026 (004414-8)<\/li>\n<li>Chevrolet Spin 1.8 LTZ 8V Flex 4p Autom\u00e1tico 2026 (004417-2)<\/li>\n<li><a href=\"https:\/\/carro.blog.br\/ficha-tecnica\/chevrolet\/chevrolet-spin\/chevrolet-spin-2026\/chevrolet-spin-premier-1-8-at-2026\">Chevrolet Spin 1.8 Premier 8V Flex 4p Autom\u00e1tico 2026<\/a> (004494-6)<\/li>\n<\/ul>\n<h2>Chevrolet spin 2026 chega com espa\u00e7o de sobra para toda a fam\u00edlia<\/h2>\n<figure id=\"attachment_183027\" aria-describedby=\"caption-attachment-183027\" style=\"width: 900px\" class=\"wp-caption aligncenter\"><img loading=\"lazy\" decoding=\"async\" src=\"https:\/\/carro.blog.br\/wp-content\/uploads\/2025\/09\/Chevrolet-Spin-2026-900x514.webp\" alt=\"A Chevrolet Spin 2026 \u00e9 oferecida nas vers\u00f5es LT, LTZ e Premier, com c\u00e2mbio manual ou autom\u00e1tico, sempre equipada com motor 1.8 Flex. A LT atende quem busca praticidade, a LTZ traz mais equipamentos e a Premier \u00e9 voltada a quem deseja maior conforto e sofistica\u00e7\u00e3o.\" width=\"900\" height=\"514\" class=\"size-thumbnail wp-image-183027\" \/><figcaption id=\"caption-attachment-183027\" class=\"wp-caption-text\">A Chevrolet Spin 2026 \u00e9 oferecida nas vers\u00f5es LT, LTZ e Premier, com c\u00e2mbio manual ou autom\u00e1tico, sempre equipada com motor 1.8 Flex. A LT atende quem busca praticidade, a LTZ traz mais equipamentos e a Premier \u00e9 voltada a quem deseja maior conforto e sofistica\u00e7\u00e3o.<\/figcaption><\/figure>\n<p>A Chevrolet Spin 2026 mant\u00e9m sua proposta de ser uma minivan pr\u00e1tica, voltada para fam\u00edlias e para quem precisa de espa\u00e7o no dia a dia. Com um desenho funcional e motoriza\u00e7\u00e3o j\u00e1 conhecida, o modelo segue como uma op\u00e7\u00e3o acess\u00edvel para quem busca conforto e versatilidade em um mesmo carro. Sua constru\u00e7\u00e3o prioriza o espa\u00e7o interno e a modularidade, caracter\u00edsticas que sempre foram pontos fortes do ve\u00edculo.<\/p>\n<p>No mercado brasileiro, a Spin 2026 ocupa um espa\u00e7o quase exclusivo entre os ve\u00edculos de sete lugares. Mesmo com a concorr\u00eancia dos SUVs, o modelo da Chevrolet se mant\u00e9m como alternativa para quem deseja capacidade extra sem abrir m\u00e3o da simplicidade. Essa perman\u00eancia demonstra a for\u00e7a do carro em atender um p\u00fablico espec\u00edfico, mas fiel.<\/p>\n<p>A linha oferece vers\u00f5es autom\u00e1ticas e manuais, atendendo perfis distintos de consumidores. Enquanto as op\u00e7\u00f5es LT buscam entregar o essencial com efici\u00eancia, a LTZ adiciona mais equipamentos e acabamento. J\u00e1 a Premier se posiciona como a op\u00e7\u00e3o mais completa da gama, com recursos voltados ao conforto e conveni\u00eancia.<\/p>\n","protected":false},"excerpt":{"rendered":"<p>Chevrolet Spin 1.8 8V Flex 4p Autom\u00e1tico 2026 (004415-6) Chevrolet Spin 1.8 LT 8V Flex 4p Autom\u00e1tico 2026 (004415-6) Chevrolet Spin 1.8 LT 8V Flex 4p Manual 2026 (004414-8) Chevrolet Spin 1.8 LTZ 8V Flex 4p Autom\u00e1tico 2026 (004417-2) Chevrolet Spin 1.8 Premier 8V Flex 4p Autom\u00e1tico 2026 (004494-6) Chevrolet spin 2026 chega com espa\u00e7o [&hellip;]<\/p>\n","protected":false},"author":1,"featured_media":0,"parent":1684,"menu_order":0,"comment_status":"closed","ping_status":"closed","template":"","meta":{"footnotes":""},"class_list":["post-1839","page","type-page","status-publish","hentry"],"_links":{"self":[{"href":"https:\/\/carro.blog.br\/ficha-tecnica\/wp-json\/wp\/v2\/pages\/1839","targetHints":{"allow":["GET"]}}],"collection":[{"href":"https:\/\/carro.blog.br\/ficha-tecnica\/wp-json\/wp\/v2\/pages"}],"about":[{"href":"https:\/\/carro.blog.br\/ficha-tecnica\/wp-json\/wp\/v2\/types\/page"}],"author":[{"embeddable":true,"href":"https:\/\/carro.blog.br\/ficha-tecnica\/wp-json\/wp\/v2\/users\/1"}],"replies":[{"embeddable":true,"href":"https:\/\/carro.blog.br\/ficha-tecnica\/wp-json\/wp\/v2\/comments?post=1839"}],"version-history":[{"count":2,"href":"https:\/\/carro.blog.br\/ficha-tecnica\/wp-json\/wp\/v2\/pages\/1839\/revisions"}],"predecessor-version":[{"id":6551,"href":"https:\/\/carro.blog.br\/ficha-tecnica\/wp-json\/wp\/v2\/pages\/1839\/revisions\/6551"}],"up":[{"embeddable":true,"href":"https:\/\/carro.blog.br\/ficha-tecnica\/wp-json\/wp\/v2\/pages\/1684"}],"wp:attachment":[{"href":"https:\/\/carro.blog.br\/ficha-tecnica\/wp-json\/wp\/v2\/media?parent=1839"}],"curies":[{"name":"wp","href":"https:\/\/api.w.org\/{rel}","templated":true}]}}