{"id":1992,"date":"2025-11-23T19:57:25","date_gmt":"2025-11-23T22:57:25","guid":{"rendered":"https:\/\/carro.blog.br\/ficha-tecnica\/?page_id=1992"},"modified":"2025-12-20T17:41:25","modified_gmt":"2025-12-20T20:41:25","slug":"jeep-renegade-2026","status":"publish","type":"page","link":"https:\/\/carro.blog.br\/ficha-tecnica\/jeep\/jeep-renegade\/jeep-renegade-2026","title":{"rendered":"Jeep Renegade 2026"},"content":{"rendered":"<ul>\n<li><a href=\"https:\/\/carro.blog.br\/ficha-tecnica\/jeep\/jeep-renegade\/jeep-renegade-2026\/jeep-renegade-sahara-1-3-2026\">Jeep Renegade Sahara 1.3 2026<\/a><\/li>\n<li><a href=\"https:\/\/carro.blog.br\/jeep-renegade-longitude-1-3-2026-preco-ficha-tecnica-consumo-equipamentos-e-fotos-desempenho-turbo-alia-economia-seguranca-e-praticidade-no-dia-a-dia.html\">Jeep Renegade Longitude 1.3 2026<\/a><\/li>\n<li><a href=\"https:\/\/carro.blog.br\/jeep-renegade-willys-1-3-4x4-2026-preco-ficha-tecnica-consumo-equipamentos-e-fotos-robusto-no-off-road-mas-porta-malas-pequeno.html\">Jeep Renegade Willys 1.3 4X4 2026<\/a><\/li>\n<li><a href=\"https:\/\/carro.blog.br\/jeep-renegade-altitude-1-3-2026-preco-ficha-tecnica-consumo-equipamentos-e-fotos-seguro-e-tecnologico-mas-porta-malas-pequeno.html\">Jeep Renegade Altitude 1.3 2026<\/a><\/li>\n<li><a href=\"https:\/\/carro.blog.br\/jeep-renegade-sport-1-3-2026-preco-ficha-tecnica-consumo-e-fotos-suv-combina-conforto-seguranca-e-motor-turbo-para-uso-urbano-e-viagens.html\">Jeep Renegade Sport 1.3 2026<\/a><\/li>\n<\/ul>\n<h2>Jeep Renegade 2026 mant\u00e9m tradi\u00e7\u00e3o entre os SUVs compactos<\/h2>\n<figure id=\"attachment_174474\" aria-describedby=\"caption-attachment-174474\" style=\"width: 900px\" class=\"wp-caption aligncenter\"><img loading=\"lazy\" decoding=\"async\" src=\"https:\/\/carro.blog.br\/wp-content\/uploads\/2025\/09\/Jeep-Renegade-2026-900x639.webp\" alt=\"O Jeep Renegade 2026 \u00e9 ideal para quem busca um SUV compacto vers\u00e1til, equilibrando conforto urbano e robustez off-road; vale a pena pelo conjunto moderno e confi\u00e1vel.\" width=\"900\" height=\"639\" class=\"size-thumbnail wp-image-174474\" \/><figcaption id=\"caption-attachment-174474\" class=\"wp-caption-text\">O Jeep Renegade 2026 \u00e9 ideal para quem busca um SUV compacto vers\u00e1til, equilibrando conforto urbano e robustez off-road; vale a pena pelo conjunto moderno e confi\u00e1vel.<\/figcaption><\/figure>\n<p>O Jeep Renegade 2026 segue consolidado como um dos modelos mais reconhecidos da marca no Brasil. Com design robusto e identidade visual que combina elementos urbanos e off-road, o SUV preserva caracter\u00edsticas que agradam consumidores que buscam versatilidade e conforto no dia a dia.<\/p>\n<p>A motoriza\u00e7\u00e3o 1.3 T270 turbo flex continua sendo um dos destaques do modelo, oferecendo bom desempenho tanto em trajetos urbanos quanto em viagens. As diferentes vers\u00f5es apresentam op\u00e7\u00f5es que variam do uso mais familiar at\u00e9 configura\u00e7\u00f5es voltadas para aventuras em terrenos desafiadores, como a Willys 4&#215;4 AT9.<\/p>\n<p>No interior, o Renegade mant\u00e9m a proposta de oferecer tecnologia embarcada, conectividade e acabamento que refor\u00e7am a percep\u00e7\u00e3o de qualidade. A combina\u00e7\u00e3o entre dirigibilidade, equipamentos e tradi\u00e7\u00e3o da marca faz do modelo uma escolha frequente entre os SUVs compactos.<\/p>\n","protected":false},"excerpt":{"rendered":"<p>Jeep Renegade Sahara 1.3 2026 Jeep Renegade Longitude 1.3 2026 Jeep Renegade Willys 1.3 4X4 2026 Jeep Renegade Altitude 1.3 2026 Jeep Renegade Sport 1.3 2026 Jeep Renegade 2026 mant\u00e9m tradi\u00e7\u00e3o entre os SUVs compactos O Jeep Renegade 2026 segue consolidado como um dos modelos mais reconhecidos da marca no Brasil. Com design robusto e [&hellip;]<\/p>\n","protected":false},"author":1,"featured_media":0,"parent":1987,"menu_order":0,"comment_status":"closed","ping_status":"closed","template":"","meta":{"footnotes":""},"class_list":["post-1992","page","type-page","status-publish","hentry"],"_links":{"self":[{"href":"https:\/\/carro.blog.br\/ficha-tecnica\/wp-json\/wp\/v2\/pages\/1992","targetHints":{"allow":["GET"]}}],"collection":[{"href":"https:\/\/carro.blog.br\/ficha-tecnica\/wp-json\/wp\/v2\/pages"}],"about":[{"href":"https:\/\/carro.blog.br\/ficha-tecnica\/wp-json\/wp\/v2\/types\/page"}],"author":[{"embeddable":true,"href":"https:\/\/carro.blog.br\/ficha-tecnica\/wp-json\/wp\/v2\/users\/1"}],"replies":[{"embeddable":true,"href":"https:\/\/carro.blog.br\/ficha-tecnica\/wp-json\/wp\/v2\/comments?post=1992"}],"version-history":[{"count":3,"href":"https:\/\/carro.blog.br\/ficha-tecnica\/wp-json\/wp\/v2\/pages\/1992\/revisions"}],"predecessor-version":[{"id":6004,"href":"https:\/\/carro.blog.br\/ficha-tecnica\/wp-json\/wp\/v2\/pages\/1992\/revisions\/6004"}],"up":[{"embeddable":true,"href":"https:\/\/carro.blog.br\/ficha-tecnica\/wp-json\/wp\/v2\/pages\/1987"}],"wp:attachment":[{"href":"https:\/\/carro.blog.br\/ficha-tecnica\/wp-json\/wp\/v2\/media?parent=1992"}],"curies":[{"name":"wp","href":"https:\/\/api.w.org\/{rel}","templated":true}]}}