{"id":2067,"date":"2025-11-24T11:36:39","date_gmt":"2025-11-24T14:36:39","guid":{"rendered":"https:\/\/carro.blog.br\/ficha-tecnica\/?page_id=2067"},"modified":"2025-12-24T12:16:41","modified_gmt":"2025-12-24T15:16:41","slug":"chery-tiggo-7-2026","status":"publish","type":"page","link":"https:\/\/carro.blog.br\/ficha-tecnica\/chery\/chery-tiggo-7\/chery-tiggo-7-2026","title":{"rendered":"Chery Tiggo 7 2026"},"content":{"rendered":"<p><iframe loading=\"lazy\" width=\"1840\" height=\"1035\" src=\"https:\/\/www.youtube.com\/embed\/E8Q_RfZQGMo\" title=\"NOVO CAOA CHERY TIGGO 7 SPORT 2026 Finalmente ganhou atualiza\u00e7\u00e3o! E o PRE\u00c7O mudou?\" frameborder=\"0\" allow=\"accelerometer; autoplay; clipboard-write; encrypted-media; gyroscope; picture-in-picture; web-share\" referrerpolicy=\"strict-origin-when-cross-origin\" allowfullscreen><\/iframe><\/p>\n<ul>\n<li><a href=\"https:\/\/carro.blog.br\/ficha-tecnica\/chery\/chery-tiggo-7\/chery-tiggo-7-2026\/chery-tiggo-7-sport-1-5-2026-preco-ficha-tecnica-consumo-equipamentos-e-fotos-faz-ate-123-km-l\">Chery Tiggo 7 Sport 1.5 2026<\/a><\/li>\n<li><a href=\"https:\/\/carro.blog.br\/chery-tiggo-7-pro-max-drive-1-6-2026-preco-ficha-tecnica-consumo-equipamentos-e-fotos-suv-tem-187-cv-faz-ate-13-km-l-e-vai-bem-na-cidade-e-estrada.html\">Chery Tiggo 7 Pro Max Drive 1.6 2026<\/a><\/li>\n<li><a href=\"https:\/\/carro.blog.br\/ficha-tecnica\/chery\/chery-tiggo-7\/chery-tiggo-7-2026\/chery-tiggo-7-pro-1-5-phev-2026\">Chery Tiggo 7 Pro 1.5 PHEV 2026 (H\u00edbrido)<\/a><\/li>\n<li><a href=\"https:\/\/carro.blog.br\/ficha-tecnica\/chery\/chery-tiggo-7\/chery-tiggo-7-2026\/chery-tiggo-7-pro-hybrid-max-drive-1-5-2026\">Chery Tiggo 7 Pro Hybrid Max Drive 1.5 2026 (H\u00edbrido)<\/a><\/li>\n<\/ul>\n<h2>Caoa Chery Tiggo 7 2026: SUV com vers\u00f5es flex, h\u00edbrida leve e plug-in para diferentes perfis<\/h2>\n<figure id=\"attachment_191309\" aria-describedby=\"caption-attachment-191309\" style=\"width: 900px\" class=\"wp-caption aligncenter\"><img loading=\"lazy\" decoding=\"async\" src=\"https:\/\/carro.blog.br\/wp-content\/uploads\/2025\/10\/Chery-Tiggo-7-Sport-1.5-2026-13-1-900x655.webp\" alt=\"O Tiggo 7 2026 tem 4 vers\u00f5es: flex para o dia a dia, h\u00edbrida leve para economia urbana, PHEV para rodagem el\u00e9trica e 1.6 turbo para quem exige mais desempenho.\" width=\"900\" height=\"655\" class=\"size-thumbnail wp-image-191309\" \/><figcaption id=\"caption-attachment-191309\" class=\"wp-caption-text\">O Tiggo 7 2026 tem 4 vers\u00f5es: flex para o dia a dia, h\u00edbrida leve para economia urbana, PHEV para rodagem el\u00e9trica e 1.6 turbo para quem exige mais desempenho.<\/figcaption><\/figure>\n<p>O Caoa Chery Tiggo 7 2026 se consolida como um SUV vers\u00e1til para quem busca espa\u00e7o interno, design arrojado e boa altura do solo. Ele se destaca pelo amplo porta-malas e acabamento bem resolvido, sendo uma escolha frequente para fam\u00edlias e motoristas urbanos que valorizam conforto e seguran\u00e7a. Apesar da concorr\u00eancia intensa no segmento de SUVs m\u00e9dios, o Tiggo 7 mant\u00e9m boa presen\u00e7a no mercado nacional, refor\u00e7ada pelo crescimento da Caoa Chery na rede de p\u00f3s-venda.<\/p>\n<p>A linha 2026 oferece quatro vers\u00f5es bem distintas para atender diferentes perfis. O Tiggo 7 Sport 1.5 TCI Flex CVT \u00e9 a porta de entrada, ideal para uso di\u00e1rio com motor turbo e c\u00e2mbio CVT. Para quem busca mais desempenho, o Tiggo 7 Pro Max Drive com motor 1.6 TGDI entrega respostas mais r\u00e1pidas e c\u00e2mbio de dupla embreagem. J\u00e1 a vers\u00e3o h\u00edbrida leve (1.5 TCI Flex Hybrid Max Drive CVT) combina economia e suavidade no tr\u00e2nsito urbano. E para quem prioriza m\u00e1xima efici\u00eancia energ\u00e9tica, o Tiggo 7 Pro Plug-in Hybrid (PHEV) oferece rodagem el\u00e9trica com baixa emiss\u00e3o.<\/p>\n<p>O Tiggo 7 tem se mantido relevante no mercado por oferecer m\u00faltiplas op\u00e7\u00f5es de motoriza\u00e7\u00e3o e tecnologia embarcada em todas as vers\u00f5es, abrangendo desde consumidores que querem um SUV familiar flex at\u00e9 quem busca inova\u00e7\u00e3o com tra\u00e7\u00e3o h\u00edbrida plug-in. A proposta \u00e9 atender a demandas diversas sem abrir m\u00e3o do estilo e da conectividade.<\/p>\n","protected":false},"excerpt":{"rendered":"<p>Chery Tiggo 7 Sport 1.5 2026 Chery Tiggo 7 Pro Max Drive 1.6 2026 Chery Tiggo 7 Pro 1.5 PHEV 2026 (H\u00edbrido) Chery Tiggo 7 Pro Hybrid Max Drive 1.5 2026 (H\u00edbrido) Caoa Chery Tiggo 7 2026: SUV com vers\u00f5es flex, h\u00edbrida leve e plug-in para diferentes perfis O Caoa Chery Tiggo 7 2026 se [&hellip;]<\/p>\n","protected":false},"author":1,"featured_media":0,"parent":2062,"menu_order":0,"comment_status":"closed","ping_status":"closed","template":"","meta":{"footnotes":""},"class_list":["post-2067","page","type-page","status-publish","hentry"],"_links":{"self":[{"href":"https:\/\/carro.blog.br\/ficha-tecnica\/wp-json\/wp\/v2\/pages\/2067","targetHints":{"allow":["GET"]}}],"collection":[{"href":"https:\/\/carro.blog.br\/ficha-tecnica\/wp-json\/wp\/v2\/pages"}],"about":[{"href":"https:\/\/carro.blog.br\/ficha-tecnica\/wp-json\/wp\/v2\/types\/page"}],"author":[{"embeddable":true,"href":"https:\/\/carro.blog.br\/ficha-tecnica\/wp-json\/wp\/v2\/users\/1"}],"replies":[{"embeddable":true,"href":"https:\/\/carro.blog.br\/ficha-tecnica\/wp-json\/wp\/v2\/comments?post=2067"}],"version-history":[{"count":8,"href":"https:\/\/carro.blog.br\/ficha-tecnica\/wp-json\/wp\/v2\/pages\/2067\/revisions"}],"predecessor-version":[{"id":6330,"href":"https:\/\/carro.blog.br\/ficha-tecnica\/wp-json\/wp\/v2\/pages\/2067\/revisions\/6330"}],"up":[{"embeddable":true,"href":"https:\/\/carro.blog.br\/ficha-tecnica\/wp-json\/wp\/v2\/pages\/2062"}],"wp:attachment":[{"href":"https:\/\/carro.blog.br\/ficha-tecnica\/wp-json\/wp\/v2\/media?parent=2067"}],"curies":[{"name":"wp","href":"https:\/\/api.w.org\/{rel}","templated":true}]}}