{"id":2115,"date":"2025-11-24T18:02:34","date_gmt":"2025-11-24T21:02:34","guid":{"rendered":"https:\/\/carro.blog.br\/ficha-tecnica\/?page_id=2115"},"modified":"2025-11-24T18:17:35","modified_gmt":"2025-11-24T21:17:35","slug":"volkswagen-gol-2010","status":"publish","type":"page","link":"https:\/\/carro.blog.br\/ficha-tecnica\/volkswagen\/volkswagen-gol\/volkswagen-gol-2010","title":{"rendered":"Volkswagen Gol 2010"},"content":{"rendered":"<h2>Volkswagen Gol G5 2010<\/h2>\n<ul>\n<li><a href=\"https:\/\/carro.blog.br\/volkswagen-gol-1-0-2010-preco-ficha-tecnica-consumo-equipamentos-e-fotos-carro-simples-e-confiavel-otimo-para-quem-busca-manutencao-barata-e-pratica.html\">Volkswagen Gol 1.0 Mi Total FLEX 8V 4p 2010<\/a> (005275-2)<\/li>\n<li><a href=\"https:\/\/carro.blog.br\/volkswagen-gol-1-6-2010-preco-ficha-tecnica-consumo-equipamentos-e-fotos-hatch-compacto-anda-bem-na-cidade-e-encara-viagens-curtas-com-folga.html\">Volkswagen Gol 1.6 Mi Total FLEX 8V 4p 2010<\/a> (005276-0)<\/li>\n<li>Volkswagen Gol I Motion 1.6 Mi Total FLEX 8V 4p 2010 (005309-0)<\/li>\n<li>Volkswagen Gol 1.6 Power\/Highi T.FLEX 8V 4p 2010 (005277-9)<\/li>\n<li>Volkswagen Gol 1.6 I MOTI.Power\/Highli T.FLEX 8V 4p 2010 (005310-4)<\/li>\n<\/ul>\n<h2>Volkswagen Gol G4 2010<\/h2>\n<ul>\n<li>Volkswagen Gol City (Trend) 1.0 Mi Total FLEX 8V 2p 2010 (005227-2)<\/li>\n<li><a href=\"https:\/\/carro.blog.br\/ficha-tecnica\/volkswagen\/volkswagen-gol\/volkswagen-gol-2010\/volkswagen-gol-city-1-0-2010-ficha-tecnica-preco-consumo-equipamentos-e-fotos-do-hatch-de-4-portas\">Volkswagen Gol City (Trend)\/Titan 1.0 T.FLEX 8V 4p 2010<\/a> (005228-0)<\/li>\n<\/ul>\n<h2>Volkswagen Gol 2010 versatilidade entre G4 e G5 no mercado de usados<\/h2>\n<figure id=\"attachment_184967\" aria-describedby=\"caption-attachment-184967\" style=\"width: 900px\" class=\"wp-caption aligncenter\"><img loading=\"lazy\" decoding=\"async\" src=\"https:\/\/carro.blog.br\/wp-content\/uploads\/2025\/09\/Volkswagen-Gol-2010-G5-900x564.webp\" alt=\"Gol 2010 mant\u00e9m relev\u00e2ncia com vers\u00f5es G4 b\u00e1sicas para uso urbano econ\u00f4mico e G5 mais equipadas, como Power e Highline, voltadas ao conforto e desempenho.\" width=\"900\" height=\"564\" class=\"size-thumbnail wp-image-184967\" \/><figcaption id=\"caption-attachment-184967\" class=\"wp-caption-text\">Gol 2010 mant\u00e9m relev\u00e2ncia com vers\u00f5es G4 b\u00e1sicas para uso urbano econ\u00f4mico e G5 mais equipadas, como Power e Highline, voltadas ao conforto e desempenho.<\/figcaption><\/figure>\n<p>O Volkswagen Gol 2010 se destaca entre os usados pela variedade de op\u00e7\u00f5es oferecidas em duas gera\u00e7\u00f5es, G4 e G5. O modelo apresenta bom equil\u00edbrio entre custo de manuten\u00e7\u00e3o, disponibilidade de pe\u00e7as e desempenho, caracter\u00edsticas que ajudam a manter sua procura constante no mercado de carros populares e compactos no Brasil.<\/p>\n<p>No caso do Gol G4 2010, as vers\u00f5es City, Trend e Titan cumprem o papel de modelos de entrada, voltados ao uso urbano e \u00e0 simplicidade, equipados com motores 1.0 e 1.6 flex. J\u00e1 o Gol G5 2010, em vers\u00f5es como Power, Highline e I-Motion, oferece acabamento superior, mais conforto e a possibilidade do c\u00e2mbio automatizado, atendendo consumidores que buscam maior comodidade.<\/p>\n<p>Essas duas frentes de vers\u00f5es permitem que o Gol 2010 atenda perfis distintos: quem procura economia e praticidade nas vers\u00f5es b\u00e1sicas e quem valoriza desempenho e equipamentos extras nas op\u00e7\u00f5es mais completas. Essa flexibilidade consolidou o Gol como refer\u00eancia entre hatches compactos usados, tanto para uso di\u00e1rio quanto para quem busca um carro robusto e acess\u00edvel.<\/p>\n","protected":false},"excerpt":{"rendered":"<p>Volkswagen Gol G5 2010 Volkswagen Gol 1.0 Mi Total FLEX 8V 4p 2010 (005275-2) Volkswagen Gol 1.6 Mi Total FLEX 8V 4p 2010 (005276-0) Volkswagen Gol I Motion 1.6 Mi Total FLEX 8V 4p 2010 (005309-0) Volkswagen Gol 1.6 Power\/Highi T.FLEX 8V 4p 2010 (005277-9) Volkswagen Gol 1.6 I MOTI.Power\/Highli T.FLEX 8V 4p 2010 (005310-4) [&hellip;]<\/p>\n","protected":false},"author":1,"featured_media":0,"parent":2111,"menu_order":0,"comment_status":"closed","ping_status":"closed","template":"","meta":{"footnotes":""},"class_list":["post-2115","page","type-page","status-publish","hentry"],"_links":{"self":[{"href":"https:\/\/carro.blog.br\/ficha-tecnica\/wp-json\/wp\/v2\/pages\/2115","targetHints":{"allow":["GET"]}}],"collection":[{"href":"https:\/\/carro.blog.br\/ficha-tecnica\/wp-json\/wp\/v2\/pages"}],"about":[{"href":"https:\/\/carro.blog.br\/ficha-tecnica\/wp-json\/wp\/v2\/types\/page"}],"author":[{"embeddable":true,"href":"https:\/\/carro.blog.br\/ficha-tecnica\/wp-json\/wp\/v2\/users\/1"}],"replies":[{"embeddable":true,"href":"https:\/\/carro.blog.br\/ficha-tecnica\/wp-json\/wp\/v2\/comments?post=2115"}],"version-history":[{"count":2,"href":"https:\/\/carro.blog.br\/ficha-tecnica\/wp-json\/wp\/v2\/pages\/2115\/revisions"}],"predecessor-version":[{"id":2129,"href":"https:\/\/carro.blog.br\/ficha-tecnica\/wp-json\/wp\/v2\/pages\/2115\/revisions\/2129"}],"up":[{"embeddable":true,"href":"https:\/\/carro.blog.br\/ficha-tecnica\/wp-json\/wp\/v2\/pages\/2111"}],"wp:attachment":[{"href":"https:\/\/carro.blog.br\/ficha-tecnica\/wp-json\/wp\/v2\/media?parent=2115"}],"curies":[{"name":"wp","href":"https:\/\/api.w.org\/{rel}","templated":true}]}}