{"id":222,"date":"2025-11-08T09:29:36","date_gmt":"2025-11-08T12:29:36","guid":{"rendered":"https:\/\/carro.blog.br\/ficha-tecnica\/?page_id=222"},"modified":"2025-12-28T13:25:25","modified_gmt":"2025-12-28T16:25:25","slug":"jeep-compass-2026","status":"publish","type":"page","link":"https:\/\/carro.blog.br\/ficha-tecnica\/jeep\/jeep-compass\/jeep-compass-2026","title":{"rendered":"Jeep Compass 2026"},"content":{"rendered":"<ul>\n<li><a href=\"https:\/\/carro.blog.br\/ficha-tecnica\/jeep\/jeep-compass\/jeep-compass-2026\/jeep-compass-sport-1-3-2026-mostra-desempenho-real-com-176-cv-e-uso-equilibrado-na-cidade\">Jeep Compass Sport 1.3 2026<\/a> (017072-0)<\/li>\n<li><a href=\"https:\/\/carro.blog.br\/jeep-compass-longitude-1-3-2026-preco-ficha-tecnica-consumo-equipamentos-e-fotos-suv-flex-com-176-cv-entrega-conforto-urbano-e-autonomia-rodoviaria.html\">Jeep Compass Longitude 1.3 2026<\/a> (017071-2)<\/li>\n<li><a href=\"https:\/\/carro.blog.br\/ficha-tecnica\/jeep\/jeep-compass\/jeep-compass-2026\/jeep-compass-s-1-3-2026\">Jeep Compass S 1.3 2026<\/a> (017074-7)<\/li>\n<li><a href=\"https:\/\/carro.blog.br\/ficha-tecnica\/jeep\/jeep-compass\/jeep-compass-2026\/jeep-compass-blackhawk-2-0-2026-preco-ficha-tecnica-consumo-equipamentos-e-fotos\">Jeep Compass Blackhawk 2.0 2026<\/a> (017096-8)<\/li>\n<\/ul>\n<h2>Jeep Compass 2026 versatilidade e op\u00e7\u00f5es de vers\u00f5es<\/h2>\n<figure id=\"attachment_181908\" aria-describedby=\"caption-attachment-181908\" style=\"width: 900px\" class=\"wp-caption aligncenter\"><img loading=\"lazy\" decoding=\"async\" src=\"https:\/\/carro.blog.br\/wp-content\/uploads\/2025\/09\/Jeep-Compass-Sport-2026-1-900x627.webp\" alt=\"As vers\u00f5es do Jeep Compass 2026 atendem perfis distintos: Sport \u00e9 pr\u00e1tica e acess\u00edvel, Longitude combina conforto e tecnologia, S foca em sofistica\u00e7\u00e3o, e Blackhawk prioriza esportividade.\" width=\"900\" height=\"627\" class=\"size-thumbnail wp-image-181908\" \/><figcaption id=\"caption-attachment-181908\" class=\"wp-caption-text\">As vers\u00f5es do Jeep Compass 2026 atendem perfis distintos: Sport \u00e9 pr\u00e1tica e acess\u00edvel, Longitude combina conforto e tecnologia, S foca em sofistica\u00e7\u00e3o, e Blackhawk prioriza esportividade.<\/figcaption><\/figure>\n<p>O Jeep Compass 2026 \u00e9 um dos SUVs m\u00e9dios mais reconhecidos do mercado brasileiro, reunindo conforto, robustez e boa aceita\u00e7\u00e3o entre consumidores que buscam equil\u00edbrio entre uso urbano e desempenho em viagens. Sua presen\u00e7a consolidada refor\u00e7a a estrat\u00e9gia da Jeep de manter o modelo como refer\u00eancia no segmento de utilit\u00e1rios esportivos.<\/p>\n<p>Entre as vers\u00f5es dispon\u00edveis, o Compass oferece motoriza\u00e7\u00f5es flex\u00edveis, como o 1.3 T270 turbo flex nas configura\u00e7\u00f5es Sport, Longitude e S, que atendem a diferentes perfis de condutores. Enquanto a Sport se posiciona como op\u00e7\u00e3o mais acess\u00edvel e funcional, a Longitude equilibra recursos de tecnologia e design, e a S entrega acabamento mais sofisticado e itens exclusivos.<\/p>\n<p>Para quem busca maior desempenho, h\u00e1 a vers\u00e3o equipada com o motor 2.0 Hurricane 4 turbo a gasolina, na configura\u00e7\u00e3o Blackhawk AT9. Essa op\u00e7\u00e3o \u00e9 voltada ao p\u00fablico que valoriza esportividade e pot\u00eancia, ampliando a proposta do Compass para al\u00e9m do uso cotidiano, oferecendo tamb\u00e9m performance elevada para estradas e viagens mais exigentes.<\/p>\n","protected":false},"excerpt":{"rendered":"<p>Jeep Compass Sport 1.3 2026 (017072-0) Jeep Compass Longitude 1.3 2026 (017071-2) Jeep Compass S 1.3 2026 (017074-7) Jeep Compass Blackhawk 2.0 2026 (017096-8) Jeep Compass 2026 versatilidade e op\u00e7\u00f5es de vers\u00f5es O Jeep Compass 2026 \u00e9 um dos SUVs m\u00e9dios mais reconhecidos do mercado brasileiro, reunindo conforto, robustez e boa aceita\u00e7\u00e3o entre consumidores que [&hellip;]<\/p>\n","protected":false},"author":1,"featured_media":0,"parent":216,"menu_order":0,"comment_status":"closed","ping_status":"closed","template":"","meta":{"footnotes":""},"class_list":["post-222","page","type-page","status-publish","hentry"],"_links":{"self":[{"href":"https:\/\/carro.blog.br\/ficha-tecnica\/wp-json\/wp\/v2\/pages\/222","targetHints":{"allow":["GET"]}}],"collection":[{"href":"https:\/\/carro.blog.br\/ficha-tecnica\/wp-json\/wp\/v2\/pages"}],"about":[{"href":"https:\/\/carro.blog.br\/ficha-tecnica\/wp-json\/wp\/v2\/types\/page"}],"author":[{"embeddable":true,"href":"https:\/\/carro.blog.br\/ficha-tecnica\/wp-json\/wp\/v2\/users\/1"}],"replies":[{"embeddable":true,"href":"https:\/\/carro.blog.br\/ficha-tecnica\/wp-json\/wp\/v2\/comments?post=222"}],"version-history":[{"count":4,"href":"https:\/\/carro.blog.br\/ficha-tecnica\/wp-json\/wp\/v2\/pages\/222\/revisions"}],"predecessor-version":[{"id":6449,"href":"https:\/\/carro.blog.br\/ficha-tecnica\/wp-json\/wp\/v2\/pages\/222\/revisions\/6449"}],"up":[{"embeddable":true,"href":"https:\/\/carro.blog.br\/ficha-tecnica\/wp-json\/wp\/v2\/pages\/216"}],"wp:attachment":[{"href":"https:\/\/carro.blog.br\/ficha-tecnica\/wp-json\/wp\/v2\/media?parent=222"}],"curies":[{"name":"wp","href":"https:\/\/api.w.org\/{rel}","templated":true}]}}