{"id":242,"date":"2025-11-08T09:56:24","date_gmt":"2025-11-08T12:56:24","guid":{"rendered":"https:\/\/carro.blog.br\/ficha-tecnica\/?page_id=242"},"modified":"2025-12-06T10:17:58","modified_gmt":"2025-12-06T13:17:58","slug":"chevrolet-tracker-2026","status":"publish","type":"page","link":"https:\/\/carro.blog.br\/ficha-tecnica\/chevrolet\/chevrolet-tracker\/chevrolet-tracker-2026","title":{"rendered":"Chevrolet Tracker 2026"},"content":{"rendered":"<ul>\n<li><a href=\"https:\/\/carro.blog.br\/chevrolet-tracker-1-0-at-2026-preco-ficha-tecnica-consumo-equipamentos-e-fotos-versao-de-entrada-e-pratica-para-o-uso-urbano-diario.html\">Chevrolet Tracker 1.0 2026<\/a> (004526-8)<\/li>\n<li><a href=\"https:\/\/carro.blog.br\/chevrolet-tracker-lt-1-0-2026-preco-ficha-tecnica-consumo-equipamentos-e-fotos-suv-compacto-combina-eficiencia-e-conforto-para-o-dia-a-dia-e-viagens-curtas.html\">Chevrolet Tracker 1.0 LT 2026<\/a> (004522-5)<\/li>\n<li><a href=\"https:\/\/carro.blog.br\/chevrolet-tracker-ltz-1-0-2026-preco-ficha-tecnica-consumo-equipamentos-e-fotos-suv-faz-ate-138-km-l-na-estrada-e-e-pratico-para-o-dia-a-dia.html\">Chevrolet Tracker 1.0 LTZ 2026<\/a> (004532-2)<\/li>\n<li><a href=\"https:\/\/carro.blog.br\/ficha-tecnica\/chevrolet\/chevrolet-tracker\/chevrolet-tracker-2026\/chevrolet-tracker-2026-100-anos\">Chevrolet Tracker 1.2 100 Anos 2026<\/a> (004558-6)<\/li>\n<li><a href=\"https:\/\/carro.blog.br\/ficha-tecnica\/chevrolet\/chevrolet-tracker\/chevrolet-tracker-2026\/chevrolet-tracker-premier-1-2-2026\">Chevrolet Tracker 1.2 Premier 2026<\/a> (004525-0)<\/li>\n<li><a href=\"https:\/\/carro.blog.br\/ficha-tecnica\/chevrolet\/chevrolet-tracker\/chevrolet-tracker-2026\/chevrolet-tracker-rs-1-2-2026-preco-ficha-tecnica-consumo-equipamentos-e-fotos\">Chevrolet Tracker 1.2 Rs 2026<\/a> (004544-6)<\/li>\n<\/ul>\n<h2>Chevrolet Tracker 2026: proposta de uso urbano e familiar em diferentes vers\u00f5es de acabamento<\/h2>\n<figure id=\"attachment_177813\" aria-describedby=\"caption-attachment-177813\" style=\"width: 900px\" class=\"wp-caption aligncenter\"><img loading=\"lazy\" decoding=\"async\" src=\"https:\/\/carro.blog.br\/wp-content\/uploads\/2025\/09\/Chevrolet-Tracker-2026-900x457.webp\" alt=\"O Chevrolet Tracker 2026 tem vers\u00f5es 1.0 voltadas \u00e0 economia, op\u00e7\u00f5es intermedi\u00e1rias LT e LTZ, a completa Premier, a esportiva RS e a edi\u00e7\u00e3o 100 Anos com foco em design.\" width=\"900\" height=\"457\" class=\"size-thumbnail wp-image-177813\" \/><figcaption id=\"caption-attachment-177813\" class=\"wp-caption-text\">O Chevrolet Tracker 2026 tem vers\u00f5es 1.0 voltadas \u00e0 economia, op\u00e7\u00f5es intermedi\u00e1rias LT e LTZ, a completa Premier, a esportiva RS e a edi\u00e7\u00e3o 100 Anos com foco em design.<\/figcaption><\/figure>\n<p>O Chevrolet Tracker 2026 \u00e9 um SUV compacto que se destaca pela proposta de oferecer equil\u00edbrio entre praticidade, espa\u00e7o interno e tecnologia. Sua dirigibilidade \u00e9 voltada para o uso urbano, mas tamb\u00e9m garante conforto em trajetos mais longos, atendendo diferentes perfis de motoristas que buscam versatilidade no dia a dia.<\/p>\n<p>As vers\u00f5es do Tracker 2026 se dividem em op\u00e7\u00f5es com motor 1.0 turbo flex, indicadas para quem prioriza efici\u00eancia de consumo e praticidade, e configura\u00e7\u00f5es com motor 1.2 turbo flex, que entregam mais desempenho e recursos de conveni\u00eancia. Enquanto as vers\u00f5es LT e LTZ oferecem bom n\u00edvel de equipamentos intermedi\u00e1rios, a Premier se apresenta como a mais completa, a RS tem apelo esportivo e a edi\u00e7\u00e3o 100 Anos valoriza detalhes de design e acabamento.<\/p>\n<p>No mercado de autom\u00f3veis atualmente no Brasil, o modelo figura entre os SUVs compactos mais procurados, disputando espa\u00e7o com rivais como Jeep Renegade e Volkswagen T-Cross. Essa diversidade de vers\u00f5es garante ao Tracker relev\u00e2ncia junto a consumidores que desejam desde um carro econ\u00f4mico e pr\u00e1tico at\u00e9 uma op\u00e7\u00e3o mais sofisticada, equipada e preparada para diferentes usos.<\/p>\n","protected":false},"excerpt":{"rendered":"<p>Chevrolet Tracker 1.0 2026 (004526-8) Chevrolet Tracker 1.0 LT 2026 (004522-5) Chevrolet Tracker 1.0 LTZ 2026 (004532-2) Chevrolet Tracker 1.2 100 Anos 2026 (004558-6) Chevrolet Tracker 1.2 Premier 2026 (004525-0) Chevrolet Tracker 1.2 Rs 2026 (004544-6) Chevrolet Tracker 2026: proposta de uso urbano e familiar em diferentes vers\u00f5es de acabamento O Chevrolet Tracker 2026 \u00e9 [&hellip;]<\/p>\n","protected":false},"author":1,"featured_media":0,"parent":244,"menu_order":0,"comment_status":"closed","ping_status":"closed","template":"","meta":{"footnotes":""},"class_list":["post-242","page","type-page","status-publish","hentry"],"_links":{"self":[{"href":"https:\/\/carro.blog.br\/ficha-tecnica\/wp-json\/wp\/v2\/pages\/242","targetHints":{"allow":["GET"]}}],"collection":[{"href":"https:\/\/carro.blog.br\/ficha-tecnica\/wp-json\/wp\/v2\/pages"}],"about":[{"href":"https:\/\/carro.blog.br\/ficha-tecnica\/wp-json\/wp\/v2\/types\/page"}],"author":[{"embeddable":true,"href":"https:\/\/carro.blog.br\/ficha-tecnica\/wp-json\/wp\/v2\/users\/1"}],"replies":[{"embeddable":true,"href":"https:\/\/carro.blog.br\/ficha-tecnica\/wp-json\/wp\/v2\/comments?post=242"}],"version-history":[{"count":4,"href":"https:\/\/carro.blog.br\/ficha-tecnica\/wp-json\/wp\/v2\/pages\/242\/revisions"}],"predecessor-version":[{"id":4226,"href":"https:\/\/carro.blog.br\/ficha-tecnica\/wp-json\/wp\/v2\/pages\/242\/revisions\/4226"}],"up":[{"embeddable":true,"href":"https:\/\/carro.blog.br\/ficha-tecnica\/wp-json\/wp\/v2\/pages\/244"}],"wp:attachment":[{"href":"https:\/\/carro.blog.br\/ficha-tecnica\/wp-json\/wp\/v2\/media?parent=242"}],"curies":[{"name":"wp","href":"https:\/\/api.w.org\/{rel}","templated":true}]}}