{"id":2647,"date":"2025-11-29T17:19:38","date_gmt":"2025-11-29T20:19:38","guid":{"rendered":"https:\/\/carro.blog.br\/ficha-tecnica\/?page_id=2647"},"modified":"2025-11-29T17:33:09","modified_gmt":"2025-11-29T20:33:09","slug":"chevrolet-cobalt-2020","status":"publish","type":"page","link":"https:\/\/carro.blog.br\/ficha-tecnica\/chevrolet\/chevrolet-cobalt\/chevrolet-cobalt-2020","title":{"rendered":"Chevrolet Cobalt 2020"},"content":{"rendered":"<ul>\n<li>Chevrolet Cobalt LT 1.4 8V FlexPower\/EconoFlex 4p 2020 (004384-2)<\/li>\n<li>Chevrolet Cobalt LTZ 1.4 8V FlexPower\/EconoFlex 4p 2020 (004385-0)<\/li>\n<li>Chevrolet Cobalt 1.8 8V Econo.Flex 4p Aut. (PCD) 2020 (004496-2)<\/li>\n<li>Chevrolet Cobalt LTZ 1.8 8V Econo.Flex 4p Mec. 2020 (004420-2)<\/li>\n<li><a href=\"https:\/\/carro.blog.br\/ficha-tecnica\/chevrolet\/chevrolet-cobalt\/chevrolet-cobalt-2020\/chevrolet-cobalt-ltz-1-8-2020-preco-ficha-tecnica-consumo-equipamentos-e-fotos-do-seda-que-faz-ate-76-km-l\">Chevrolet Cobalt LTZ 1.8 8V Econo.Flex 4p Aut. 2020<\/a> (004421-0)<\/li>\n<\/ul>\n<h2>Chevrolet Cobalt 2020, caracter\u00edstica principal do carro<\/h2>\n<figure id=\"attachment_2648\" aria-describedby=\"caption-attachment-2648\" style=\"width: 900px\" class=\"wp-caption aligncenter\"><img loading=\"lazy\" decoding=\"async\" src=\"https:\/\/carro.blog.br\/ficha-tecnica\/wp-content\/uploads\/2025\/11\/Chevrolet-Cobalt-LTZ-1-8-Automatico-2020-6-scaled-1-900x599.webp\" alt=\"O Cobalt 2020 oferece vers\u00f5es 1.4 focadas em economia e uso urbano, enquanto as 1.8, manuais e autom\u00e1ticas, atendem quem exige mais for\u00e7a e conforto, incluindo op\u00e7\u00e3o PCD.\" width=\"900\" height=\"599\" class=\"size-thumbnail wp-image-2648\" srcset=\"https:\/\/carro.blog.br\/ficha-tecnica\/wp-content\/uploads\/2025\/11\/Chevrolet-Cobalt-LTZ-1-8-Automatico-2020-6-scaled-1-350x233.webp 350w, https:\/\/carro.blog.br\/ficha-tecnica\/wp-content\/uploads\/2025\/11\/Chevrolet-Cobalt-LTZ-1-8-Automatico-2020-6-scaled-1-150x100.webp 150w\" sizes=\"auto, (max-width: 900px) 100vw, 900px\" \/><figcaption id=\"caption-attachment-2648\" class=\"wp-caption-text\">O Cobalt 2020 oferece vers\u00f5es 1.4 focadas em economia e uso urbano, enquanto as 1.8, manuais e autom\u00e1ticas, atendem quem exige mais for\u00e7a e conforto, incluindo op\u00e7\u00e3o PCD.<\/figcaption><\/figure>\n<p>O Chevrolet Cobalt 2020 se apoia em uma proposta clara, entregar espa\u00e7o interno generoso, porta malas amplo e condu\u00e7\u00e3o simples para quem prioriza conforto e usabilidade no dia a dia. \u00c9 um sed\u00e3 pensado para quem valoriza racionalidade, ergonomia correta e um conjunto mec\u00e2nico conhecido pela robustez.<\/p>\n<p>No mercado brasileiro, o Cobalt 2020 ocupa um nicho pr\u00e1tico, escolhido por quem precisa de um carro amplo sem buscar esportividade ou design chamativo. Ele se mant\u00e9m relevante pela combina\u00e7\u00e3o de espa\u00e7o, confiabilidade e mec\u00e2nica acess\u00edvel, caracter\u00edsticas que seguem atraindo perfis que querem previsibilidade no uso di\u00e1rio e facilidade de manuten\u00e7\u00e3o.<\/p>\n<p>As vers\u00f5es LT e LTZ com motor 1.4 atendem quem prioriza economia e simplicidade, enquanto as configura\u00e7\u00f5es 1.8, tanto mec\u00e2nica quanto autom\u00e1tica, entregam melhor desempenho para uso rodovi\u00e1rio. A vers\u00e3o autom\u00e1tica destinada ao p\u00fablico PCD adiciona conveni\u00eancia para quem precisa de acessibilidade sem abrir m\u00e3o do amplo espa\u00e7o que define o modelo.<\/p>\n","protected":false},"excerpt":{"rendered":"<p>Chevrolet Cobalt LT 1.4 8V FlexPower\/EconoFlex 4p 2020 (004384-2) Chevrolet Cobalt LTZ 1.4 8V FlexPower\/EconoFlex 4p 2020 (004385-0) Chevrolet Cobalt 1.8 8V Econo.Flex 4p Aut. (PCD) 2020 (004496-2) Chevrolet Cobalt LTZ 1.8 8V Econo.Flex 4p Mec. 2020 (004420-2) Chevrolet Cobalt LTZ 1.8 8V Econo.Flex 4p Aut. 2020 (004421-0) Chevrolet Cobalt 2020, caracter\u00edstica principal do carro [&hellip;]<\/p>\n","protected":false},"author":1,"featured_media":0,"parent":2644,"menu_order":0,"comment_status":"closed","ping_status":"closed","template":"","meta":{"footnotes":""},"class_list":["post-2647","page","type-page","status-publish","hentry"],"_links":{"self":[{"href":"https:\/\/carro.blog.br\/ficha-tecnica\/wp-json\/wp\/v2\/pages\/2647","targetHints":{"allow":["GET"]}}],"collection":[{"href":"https:\/\/carro.blog.br\/ficha-tecnica\/wp-json\/wp\/v2\/pages"}],"about":[{"href":"https:\/\/carro.blog.br\/ficha-tecnica\/wp-json\/wp\/v2\/types\/page"}],"author":[{"embeddable":true,"href":"https:\/\/carro.blog.br\/ficha-tecnica\/wp-json\/wp\/v2\/users\/1"}],"replies":[{"embeddable":true,"href":"https:\/\/carro.blog.br\/ficha-tecnica\/wp-json\/wp\/v2\/comments?post=2647"}],"version-history":[{"count":2,"href":"https:\/\/carro.blog.br\/ficha-tecnica\/wp-json\/wp\/v2\/pages\/2647\/revisions"}],"predecessor-version":[{"id":2674,"href":"https:\/\/carro.blog.br\/ficha-tecnica\/wp-json\/wp\/v2\/pages\/2647\/revisions\/2674"}],"up":[{"embeddable":true,"href":"https:\/\/carro.blog.br\/ficha-tecnica\/wp-json\/wp\/v2\/pages\/2644"}],"wp:attachment":[{"href":"https:\/\/carro.blog.br\/ficha-tecnica\/wp-json\/wp\/v2\/media?parent=2647"}],"curies":[{"name":"wp","href":"https:\/\/api.w.org\/{rel}","templated":true}]}}