{"id":2874,"date":"2025-11-30T19:10:27","date_gmt":"2025-11-30T22:10:27","guid":{"rendered":"https:\/\/carro.blog.br\/ficha-tecnica\/?page_id=2874"},"modified":"2025-12-28T15:49:53","modified_gmt":"2025-12-28T18:49:53","slug":"leapmotor-c10-2026","status":"publish","type":"page","link":"https:\/\/carro.blog.br\/ficha-tecnica\/leapmotor\/leapmotor-c10\/leapmotor-c10-2026","title":{"rendered":"Leapmotor C10 2026"},"content":{"rendered":"<ul>\n<li>Leapmotor C10 BEV 2026<\/li>\n<li><a href=\"https:\/\/carro.blog.br\/ficha-tecnica\/leapmotor\/leapmotor-c10\/leapmotor-c10-2026\/leapmotor-c10-1-5-reev-2026\">Leapmotor C10 1.5 REEV 2026<\/a><\/li>\n<\/ul>\n<h2>Leapmotor C10 2026 Caracter\u00edstica Principal Do Carro<\/h2>\n<figure id=\"attachment_2232\" aria-describedby=\"caption-attachment-2232\" style=\"width: 900px\" class=\"wp-caption aligncenter\"><img loading=\"lazy\" decoding=\"async\" src=\"https:\/\/carro.blog.br\/ficha-tecnica\/wp-content\/uploads\/2025\/11\/Leapmotor-C10-2025-9-1800x1248-1-900x624.webp\" alt=\"Carro el\u00e9trico foca uso urbano com sil\u00eancio e efici\u00eancia, enquanto a op\u00e7\u00e3o com extensor atende quem precisa rodar mais longe sem depender sempre da recarga.\" width=\"900\" height=\"624\" class=\"size-thumbnail wp-image-2232\" srcset=\"https:\/\/carro.blog.br\/ficha-tecnica\/wp-content\/uploads\/2025\/11\/Leapmotor-C10-2025-9-1800x1248-1-350x243.webp 350w, https:\/\/carro.blog.br\/ficha-tecnica\/wp-content\/uploads\/2025\/11\/Leapmotor-C10-2025-9-1800x1248-1-150x104.webp 150w\" sizes=\"auto, (max-width: 900px) 100vw, 900px\" \/><figcaption id=\"caption-attachment-2232\" class=\"wp-caption-text\">Carro el\u00e9trico foca uso urbano com sil\u00eancio e efici\u00eancia, enquanto a op\u00e7\u00e3o com extensor atende quem precisa rodar mais longe sem depender sempre da recarga.<\/figcaption><\/figure>\n<p>O Leapmotor C10 2026 aposta em um conjunto el\u00e9trico moderno, cabine ampla e foco no uso di\u00e1rio. A carroceria privilegia conforto, sil\u00eancio e efici\u00eancia, enquanto o interior concentra telas grandes, comandos simplificados e acabamento que tenta posicionar o modelo como alternativa mais tecnol\u00f3gica dentro do segmento.<\/p>\n<p>No mercado brasileiro atual, o C10 ocupa o espa\u00e7o de SUV eletrificado pensado para quem busca condu\u00e7\u00e3o suave, baixa manuten\u00e7\u00e3o e experi\u00eancia mais refinada sem depender de motores tradicionais. Ele disputa aten\u00e7\u00e3o de quem migra do el\u00e9trico urbano para algo maior, mas ainda prioriza custo operacional e simplicidade de uso.<\/p>\n<p>As vers\u00f5es servem para perfis distintos. A el\u00e9trica atende quem roda majoritariamente na cidade e quer a experi\u00eancia completa do motor alimentado apenas por bateria. J\u00e1 a configura\u00e7\u00e3o com extensor de autonomia \u00e9 direcionada a quem precisa ir mais longe sem depender constantemente de recarga, oferecendo uma camada extra de seguran\u00e7a em trajetos mistos.<\/p>\n","protected":false},"excerpt":{"rendered":"<p>Leapmotor C10 BEV 2026 Leapmotor C10 1.5 REEV 2026 Leapmotor C10 2026 Caracter\u00edstica Principal Do Carro O Leapmotor C10 2026 aposta em um conjunto el\u00e9trico moderno, cabine ampla e foco no uso di\u00e1rio. A carroceria privilegia conforto, sil\u00eancio e efici\u00eancia, enquanto o interior concentra telas grandes, comandos simplificados e acabamento que tenta posicionar o modelo [&hellip;]<\/p>\n","protected":false},"author":1,"featured_media":0,"parent":2231,"menu_order":0,"comment_status":"closed","ping_status":"closed","template":"","meta":{"footnotes":""},"class_list":["post-2874","page","type-page","status-publish","hentry"],"_links":{"self":[{"href":"https:\/\/carro.blog.br\/ficha-tecnica\/wp-json\/wp\/v2\/pages\/2874","targetHints":{"allow":["GET"]}}],"collection":[{"href":"https:\/\/carro.blog.br\/ficha-tecnica\/wp-json\/wp\/v2\/pages"}],"about":[{"href":"https:\/\/carro.blog.br\/ficha-tecnica\/wp-json\/wp\/v2\/types\/page"}],"author":[{"embeddable":true,"href":"https:\/\/carro.blog.br\/ficha-tecnica\/wp-json\/wp\/v2\/users\/1"}],"replies":[{"embeddable":true,"href":"https:\/\/carro.blog.br\/ficha-tecnica\/wp-json\/wp\/v2\/comments?post=2874"}],"version-history":[{"count":3,"href":"https:\/\/carro.blog.br\/ficha-tecnica\/wp-json\/wp\/v2\/pages\/2874\/revisions"}],"predecessor-version":[{"id":6484,"href":"https:\/\/carro.blog.br\/ficha-tecnica\/wp-json\/wp\/v2\/pages\/2874\/revisions\/6484"}],"up":[{"embeddable":true,"href":"https:\/\/carro.blog.br\/ficha-tecnica\/wp-json\/wp\/v2\/pages\/2231"}],"wp:attachment":[{"href":"https:\/\/carro.blog.br\/ficha-tecnica\/wp-json\/wp\/v2\/media?parent=2874"}],"curies":[{"name":"wp","href":"https:\/\/api.w.org\/{rel}","templated":true}]}}