{"id":2903,"date":"2025-11-30T20:19:11","date_gmt":"2025-11-30T23:19:11","guid":{"rendered":"https:\/\/carro.blog.br\/ficha-tecnica\/?page_id=2903"},"modified":"2025-11-30T20:19:11","modified_gmt":"2025-11-30T23:19:11","slug":"chevrolet-s10-2026","status":"publish","type":"page","link":"https:\/\/carro.blog.br\/ficha-tecnica\/chevrolet\/chevrolet-s10\/chevrolet-s10-2026","title":{"rendered":"Chevrolet S10 2026"},"content":{"rendered":"<ul>\n<li><a href=\"https:\/\/carro.blog.br\/chevrolet-s10-100-anos-2-8-2026-ficha-tecnica-preco-consumo-equipamentos-e-fotos-serie-comemorativa-dos-100-anos-traz-motor-duramax-e-cacamba-de-1-061-litros-para-uso-intenso.html\">Chevrolet S10 2.8 16V Turbo Diesel 100 Anos CD 4&#215;4 Autom\u00e1tico 2026<\/a> (-)<\/li>\n<li>Chevrolet S10 2.8 16V Turbo Diesel WT CD 4&#215;4 Autom\u00e1tico 2026 (004550-0)<\/li>\n<li>Chevrolet S10 2.8 16V Turbo Diesel WT CD 4&#215;4 Manual 2026 (004552-7)<\/li>\n<li>Chevrolet S10 2.8 16V Turbo Diesel WT Chassis 4&#215;4 Manual 2026 (-)<\/li>\n<li>Chevrolet S10 2.8 16V Turbo Diesel WT CS 4&#215;4 Manual 2026 (004551-9)<\/li>\n<li><a href=\"https:\/\/carro.blog.br\/chevrolet-s10-z71-2-8-2026-preco-ficha-tecnica-consumo-equipamentos-e-fotos-picape-leva-1-046-kg-na-cacamba-e-tem-motor-2-8-de-207-cv-para-trabalho-e-lazer.html\">Chevrolet S10 2.8 16V Turbo Diesel Z71 CD 4&#215;4 Autom\u00e1tico 2026<\/a> (004535-7)<\/li>\n<li><a href=\"https:\/\/carro.blog.br\/chevrolet-s10-ltz-2-8-turbo-4x4-at-cd-2026-preco-ficha-tecnica-consumo-equipamentos-e-fotos-picape-tem-207-cv-e-cacamba-de-1061-litros-para-uso-no-trabalho-e-lazer.html\">Chevrolet S10 2.8 16V Turbo Diesel LTZ CD 4&#215;4 Autom\u00e1tico 2026<\/a> (004397-4)<\/li>\n<li><a href=\"https:\/\/carro.blog.br\/chevrolet-s10-high-country-2-8-turbo-4x4-at-cd-2026-preco-ficha-tecnica-consumo-equipamentos-e-fotos-cacamba-de-1-061-litros-e-carga-util-de-1-044-kg.html\">Chevrolet S10 2.8 16V Turbo Diesel High Country CD 4&#215;4 Autom\u00e1tico 2026<\/a> (004464-4)<\/li>\n<\/ul>\n<h2>Chevrolet S10 2.8 16V Turbo Diesel 2026 robustez e versatilidade no trabalho e lazer<\/h2>\n<figure id=\"attachment_183893\" aria-describedby=\"caption-attachment-183893\" style=\"width: 900px\" class=\"wp-caption aligncenter\"><img loading=\"lazy\" decoding=\"async\" src=\"https:\/\/carro.blog.br\/wp-content\/uploads\/2025\/09\/Chevrolet-S10-2026-900x544.webp\" alt=\"As vers\u00f5es da Chevrolet S10 2026 v\u00e3o do trabalho pesado da WT chassi e cabine simples ao conforto da LTZ e High Country, passando pela Z71 aventureira e pela s\u00e9rie 100 Anos comemorativa.\" width=\"900\" height=\"544\" class=\"size-thumbnail wp-image-183893\" \/><figcaption id=\"caption-attachment-183893\" class=\"wp-caption-text\">As vers\u00f5es da Chevrolet S10 2026 v\u00e3o do trabalho pesado da WT chassi e cabine simples ao conforto da LTZ e High Country, passando pela Z71 aventureira e pela s\u00e9rie 100 Anos comemorativa.<\/figcaption><\/figure>\n<p>A Chevrolet S10 2026 \u00e9 uma das picapes m\u00e9dias mais tradicionais do Brasil, destacando-se pela robustez do motor 2.8 turbodiesel de 16 v\u00e1lvulas. Com tra\u00e7\u00e3o 4&#215;4 e op\u00e7\u00f5es de c\u00e2mbio manual ou autom\u00e1tico, o modelo alia for\u00e7a e durabilidade para enfrentar tanto o uso urbano quanto o off-road, sendo uma escolha recorrente de quem busca confiabilidade no dia a dia.<\/p>\n<p>O mercado brasileiro valoriza a S10 como ferramenta de trabalho e ve\u00edculo de uso misto, principalmente em setores que exigem desempenho em estradas de terra, transporte de carga e conforto para passageiros. A ampla rede de assist\u00eancia da marca e o hist\u00f3rico de confiabilidade refor\u00e7am sua presen\u00e7a entre produtores rurais, profissionais liberais e fam\u00edlias que procuram versatilidade.<\/p>\n<p>As vers\u00f5es se diferenciam pelo foco de utiliza\u00e7\u00e3o. A WT, dispon\u00edvel em op\u00e7\u00f5es chassi, cabine simples e cabine dupla, \u00e9 voltada para quem prioriza trabalho pesado e carga. A Z71 atende usu\u00e1rios que desejam um perfil aventureiro, enquanto a LTZ agrega equipamentos de conforto e tecnologia. No topo, a High Country entrega acabamento refinado e recursos de conveni\u00eancia, e a edi\u00e7\u00e3o 100 Anos celebra a tradi\u00e7\u00e3o da picape com design exclusivo e recursos especiais.<\/p>\n","protected":false},"excerpt":{"rendered":"<p>Chevrolet S10 2.8 16V Turbo Diesel 100 Anos CD 4&#215;4 Autom\u00e1tico 2026 (-) Chevrolet S10 2.8 16V Turbo Diesel WT CD 4&#215;4 Autom\u00e1tico 2026 (004550-0) Chevrolet S10 2.8 16V Turbo Diesel WT CD 4&#215;4 Manual 2026 (004552-7) Chevrolet S10 2.8 16V Turbo Diesel WT Chassis 4&#215;4 Manual 2026 (-) Chevrolet S10 2.8 16V Turbo Diesel [&hellip;]<\/p>\n","protected":false},"author":1,"featured_media":0,"parent":2899,"menu_order":0,"comment_status":"closed","ping_status":"closed","template":"","meta":{"footnotes":""},"class_list":["post-2903","page","type-page","status-publish","hentry"],"_links":{"self":[{"href":"https:\/\/carro.blog.br\/ficha-tecnica\/wp-json\/wp\/v2\/pages\/2903","targetHints":{"allow":["GET"]}}],"collection":[{"href":"https:\/\/carro.blog.br\/ficha-tecnica\/wp-json\/wp\/v2\/pages"}],"about":[{"href":"https:\/\/carro.blog.br\/ficha-tecnica\/wp-json\/wp\/v2\/types\/page"}],"author":[{"embeddable":true,"href":"https:\/\/carro.blog.br\/ficha-tecnica\/wp-json\/wp\/v2\/users\/1"}],"replies":[{"embeddable":true,"href":"https:\/\/carro.blog.br\/ficha-tecnica\/wp-json\/wp\/v2\/comments?post=2903"}],"version-history":[{"count":1,"href":"https:\/\/carro.blog.br\/ficha-tecnica\/wp-json\/wp\/v2\/pages\/2903\/revisions"}],"predecessor-version":[{"id":2905,"href":"https:\/\/carro.blog.br\/ficha-tecnica\/wp-json\/wp\/v2\/pages\/2903\/revisions\/2905"}],"up":[{"embeddable":true,"href":"https:\/\/carro.blog.br\/ficha-tecnica\/wp-json\/wp\/v2\/pages\/2899"}],"wp:attachment":[{"href":"https:\/\/carro.blog.br\/ficha-tecnica\/wp-json\/wp\/v2\/media?parent=2903"}],"curies":[{"name":"wp","href":"https:\/\/api.w.org\/{rel}","templated":true}]}}