{"id":3174,"date":"2025-12-02T08:50:42","date_gmt":"2025-12-02T11:50:42","guid":{"rendered":"https:\/\/carro.blog.br\/ficha-tecnica\/?page_id=3174"},"modified":"2025-12-02T08:50:42","modified_gmt":"2025-12-02T11:50:42","slug":"fiat-pulse-2026","status":"publish","type":"page","link":"https:\/\/carro.blog.br\/ficha-tecnica\/fiat\/fiat-pulse\/fiat-pulse-2026","title":{"rendered":"Fiat Pulse 2026"},"content":{"rendered":"<ul>\n<li><a href=\"https:\/\/carro.blog.br\/fiat-pulse-drive-1-3-2026-manual-preco-ficha-tecnica-consumo-equipamentos-e-fotos-hatch-e-economico-e-versatil.html\">Fiat Pulse 1.3 Flex Drive Manual 2026<\/a> (001545-8)<\/li>\n<li><a href=\"https:\/\/carro.blog.br\/fiat-pulse-drive-1-3-at-2026-preco-ficha-tecnica-consumo-equipamentos-e-fotos-suv-e-ideal-para-o-dia-a-dia.html\">Fiat Pulse 1.3 Flex Drive CVT 2026<\/a> (001544-0)<\/li>\n<li><a href=\"https:\/\/carro.blog.br\/fiat-pulse-1-0-turbo-2026-preco-ficha-tecnica-consumo-equipamentos-e-fotos-hatch-compacto-entrega-desempenho-de-130-cv.html\">Fiat Pulse 1.0 Turbo 200 Flex CVT 2026<\/a> (-)<\/li>\n<li><a href=\"https:\/\/carro.blog.br\/fiat-pulse-audace-1-0-turbo-hybrid-2026-preco-ficha-tecnica-consumo-equipamentos-e-fotos-moderno-em-tecnologia-mas-nota-baixa-em-seguranca.html\">Fiat Pulse 1.0 Turbo 200 Hybrid Audace Cvt 2026<\/a> (001579-2)<\/li>\n<li><a href=\"https:\/\/carro.blog.br\/fiat-pulse-impetus-1-0-turbo-hybrid-2026-preco-ficha-tecnica-consumo-equipamentos-e-fotos-suv-hibrido-leve-faz-ate-144-km-l-e-e-ideal-para-o-dia-a-dia.html\">Fiat Pulse 1.0 Turbo 200 Hybrid Impetus Cvt 2026<\/a> (001580-6)<\/li>\n<li><a href=\"https:\/\/carro.blog.br\/fiat-pulse-abarth-1-3-turbo-2026-preco-ficha-tecnica-consumo-equipamentos-e-fotos-hatch-tem-visual-esportivo-e-agrada-quem-busca-emocao-no-dia-a-dia.html\">Fiat Pulse 1.3 Turbo 270 Flex Abarth At6 2026<\/a> (001559-8)<\/li>\n<\/ul>\n<h2>Fiat Pulse 2026 mant\u00e9m identidade e amplia sua relev\u00e2ncia no segmento<\/h2>\n<figure id=\"attachment_3175\" aria-describedby=\"caption-attachment-3175\" style=\"width: 1536px\" class=\"wp-caption aligncenter\"><img loading=\"lazy\" decoding=\"async\" src=\"https:\/\/carro.blog.br\/ficha-tecnica\/wp-content\/uploads\/2025\/12\/fiat-pulse-2026-1536x884-1.webp\" alt=\"O Fiat Pulse 2026 mant\u00e9m visual urbano, interior funcional e ampla gama de vers\u00f5es, do 1.3 econ\u00f4mico aos h\u00edbridos e ao Abarth esportivo, refor\u00e7ando sua posi\u00e7\u00e3o entre os SUVs compactos.\" width=\"1536\" height=\"884\" class=\"size-full wp-image-3175\" srcset=\"https:\/\/carro.blog.br\/ficha-tecnica\/wp-content\/uploads\/2025\/12\/fiat-pulse-2026-1536x884-1-350x201.webp 350w, https:\/\/carro.blog.br\/ficha-tecnica\/wp-content\/uploads\/2025\/12\/fiat-pulse-2026-1536x884-1-150x86.webp 150w\" sizes=\"auto, (max-width: 1536px) 100vw, 1536px\" \/><figcaption id=\"caption-attachment-3175\" class=\"wp-caption-text\">O Fiat Pulse 2026 mant\u00e9m visual urbano, interior funcional e ampla gama de vers\u00f5es, do 1.3 econ\u00f4mico aos h\u00edbridos e ao Abarth esportivo, refor\u00e7ando sua posi\u00e7\u00e3o entre os SUVs compactos.<\/figcaption><\/figure>\n<p>O Fiat Pulse 2026 segue como um dos principais representantes da categoria de SUVs compactos no mercado nacional. O modelo combina visual moderno com linhas marcantes e detalhes que refor\u00e7am sua proposta urbana, oferecendo tamb\u00e9m uma boa dose de esportividade em algumas vers\u00f5es. <\/p>\n<p>Por dentro, o ve\u00edculo aposta em acabamento funcional e conectividade, trazendo central multim\u00eddia com tela sens\u00edvel ao toque, integra\u00e7\u00e3o com smartphones e recursos que atendem \u00e0s exig\u00eancias do p\u00fablico que busca praticidade no dia a dia. O espa\u00e7o interno e a posi\u00e7\u00e3o de dirigir elevada tamb\u00e9m s\u00e3o pontos que se destacam na condu\u00e7\u00e3o. <\/p>\n<p>Al\u00e9m disso, a diversidade de vers\u00f5es garante alternativas que v\u00e3o do perfil mais acess\u00edvel at\u00e9 op\u00e7\u00f5es com desempenho superior, atendendo desde quem prioriza economia at\u00e9 quem valoriza respostas mais r\u00e1pidas. Dessa forma, o Pulse 2026 refor\u00e7a sua posi\u00e7\u00e3o de destaque em um dos segmentos mais competitivos do Brasil.<\/p>\n","protected":false},"excerpt":{"rendered":"<p>Fiat Pulse 1.3 Flex Drive Manual 2026 (001545-8) Fiat Pulse 1.3 Flex Drive CVT 2026 (001544-0) Fiat Pulse 1.0 Turbo 200 Flex CVT 2026 (-) Fiat Pulse 1.0 Turbo 200 Hybrid Audace Cvt 2026 (001579-2) Fiat Pulse 1.0 Turbo 200 Hybrid Impetus Cvt 2026 (001580-6) Fiat Pulse 1.3 Turbo 270 Flex Abarth At6 2026 (001559-8) [&hellip;]<\/p>\n","protected":false},"author":1,"featured_media":0,"parent":2454,"menu_order":0,"comment_status":"closed","ping_status":"closed","template":"","meta":{"footnotes":""},"class_list":["post-3174","page","type-page","status-publish","hentry"],"_links":{"self":[{"href":"https:\/\/carro.blog.br\/ficha-tecnica\/wp-json\/wp\/v2\/pages\/3174","targetHints":{"allow":["GET"]}}],"collection":[{"href":"https:\/\/carro.blog.br\/ficha-tecnica\/wp-json\/wp\/v2\/pages"}],"about":[{"href":"https:\/\/carro.blog.br\/ficha-tecnica\/wp-json\/wp\/v2\/types\/page"}],"author":[{"embeddable":true,"href":"https:\/\/carro.blog.br\/ficha-tecnica\/wp-json\/wp\/v2\/users\/1"}],"replies":[{"embeddable":true,"href":"https:\/\/carro.blog.br\/ficha-tecnica\/wp-json\/wp\/v2\/comments?post=3174"}],"version-history":[{"count":1,"href":"https:\/\/carro.blog.br\/ficha-tecnica\/wp-json\/wp\/v2\/pages\/3174\/revisions"}],"predecessor-version":[{"id":3176,"href":"https:\/\/carro.blog.br\/ficha-tecnica\/wp-json\/wp\/v2\/pages\/3174\/revisions\/3176"}],"up":[{"embeddable":true,"href":"https:\/\/carro.blog.br\/ficha-tecnica\/wp-json\/wp\/v2\/pages\/2454"}],"wp:attachment":[{"href":"https:\/\/carro.blog.br\/ficha-tecnica\/wp-json\/wp\/v2\/media?parent=3174"}],"curies":[{"name":"wp","href":"https:\/\/api.w.org\/{rel}","templated":true}]}}