{"id":3464,"date":"2025-12-03T17:40:17","date_gmt":"2025-12-03T20:40:17","guid":{"rendered":"https:\/\/carro.blog.br\/ficha-tecnica\/?page_id=3464"},"modified":"2025-12-03T17:40:28","modified_gmt":"2025-12-03T20:40:28","slug":"fiat-titano-2026","status":"publish","type":"page","link":"https:\/\/carro.blog.br\/ficha-tecnica\/fiat\/fiat-titano\/fiat-titano-2026","title":{"rendered":"Fiat Titano 2026"},"content":{"rendered":"<ul>\n<li><a href=\"https:\/\/carro.blog.br\/fiat-titano-endurance-2-2-mt-2026-preco-ficha-tecnica-consumo-equipamentos-e-fotos-tracao-4x4-cambio-manual-cacamba-de-1-109-litros-e-suporta-1-020-kg.html\">Fiat Titano 2.2 Turbo Diesel Endurance 4&#215;4 Manual 2026<\/a> (001573-3)<\/li>\n<li><a href=\"https:\/\/carro.blog.br\/a-nova-fiat-titano-volcano-2026-chega-para-desafiar-o-conforto-das-rivais.html\">Fiat Titano 2.2 Turbo Diesel Volcano 4&#215;4 AT8 2026<\/a> (001574-1)<\/li>\n<li><a href=\"https:\/\/carro.blog.br\/fiat-titano-ranch-2-2-2026-preco-ficha-tecnica-consumo-equipamentos-e-fotos-picape-media-com-tracao-4x4-e-conforto-para-trabalho-e-viagem.html\">Fiat Titano 2.2 Turbo Diesel Ranch 4&#215;4 AT8 2026<\/a> (001575-0)<\/li>\n<\/ul>\n<h2>Fiat Titano 2026 une robustez, conforto e tecnologia em picape m\u00e9dia 4&#215;4<\/h2>\n<figure id=\"attachment_190632\" aria-describedby=\"caption-attachment-190632\" style=\"width: 900px\" class=\"wp-caption aligncenter\"><img loading=\"lazy\" decoding=\"async\" src=\"https:\/\/carro.blog.br\/wp-content\/uploads\/2025\/10\/Fiat-Titano-2026-900x594.webp\" alt=\"As vers\u00f5es da Fiat Titano 2026 variam do uso profissional ao familiar: Endurance foca no trabalho, Volcano equilibra conforto e for\u00e7a, e Ranch entrega luxo e tecnologia em alto n\u00edvel.\" width=\"900\" height=\"594\" class=\"size-thumbnail wp-image-190632\" \/><figcaption id=\"caption-attachment-190632\" class=\"wp-caption-text\">As vers\u00f5es da Fiat Titano 2026 variam do uso profissional ao familiar: Endurance foca no trabalho, Volcano equilibra conforto e for\u00e7a, e Ranch entrega luxo e tecnologia em alto n\u00edvel.<\/figcaption><\/figure>\n<p>A Fiat Titano 2026 \u00e9 uma picape m\u00e9dia desenvolvida para quem busca for\u00e7a e versatilidade em diferentes terrenos. Com estrutura refor\u00e7ada, tra\u00e7\u00e3o 4&#215;4 e motor 2.2 turbodiesel, o modelo alia desempenho e durabilidade t\u00edpicos de utilit\u00e1rios voltados tanto para o trabalho pesado quanto para o uso urbano. A cabine dupla oferece bom espa\u00e7o interno, conforto ac\u00fastico e tecnologia embarcada, com central multim\u00eddia moderna e recursos de seguran\u00e7a que atendem aos padr\u00f5es atuais da Stellantis.<\/p>\n<p>No mercado de autom\u00f3veis brasileiro, a Titano ocupa o espa\u00e7o entre as picapes m\u00e9dias, competindo com Toyota Hilux, Chevrolet S10 e Ford Ranger. Seu p\u00fablico-alvo \u00e9 diversificado: produtores rurais, empresas e motoristas que valorizam desempenho e conforto em viagens. O design combina robustez e acabamento refinado, refor\u00e7ando a estrat\u00e9gia da Fiat de ampliar sua presen\u00e7a nesse segmento.<\/p>\n<p>As vers\u00f5es da Titano 2026 atendem perfis distintos. A Endurance \u00e9 voltada ao uso profissional, com c\u00e2mbio manual e foco na praticidade. A Volcano traz transmiss\u00e3o autom\u00e1tica de 8 marchas e mais equipamentos de conveni\u00eancia, sendo equilibrada para trabalho e lazer. J\u00e1 a Ranch \u00e9 a mais completa, priorizando luxo, conectividade e acabamento premium, ideal para quem quer uma picape robusta, mas com conforto de SUV.<\/p>\n","protected":false},"excerpt":{"rendered":"<p>Fiat Titano 2.2 Turbo Diesel Endurance 4&#215;4 Manual 2026 (001573-3) Fiat Titano 2.2 Turbo Diesel Volcano 4&#215;4 AT8 2026 (001574-1) Fiat Titano 2.2 Turbo Diesel Ranch 4&#215;4 AT8 2026 (001575-0) Fiat Titano 2026 une robustez, conforto e tecnologia em picape m\u00e9dia 4&#215;4 A Fiat Titano 2026 \u00e9 uma picape m\u00e9dia desenvolvida para quem busca for\u00e7a [&hellip;]<\/p>\n","protected":false},"author":1,"featured_media":0,"parent":3457,"menu_order":0,"comment_status":"closed","ping_status":"closed","template":"","meta":{"footnotes":""},"class_list":["post-3464","page","type-page","status-publish","hentry"],"_links":{"self":[{"href":"https:\/\/carro.blog.br\/ficha-tecnica\/wp-json\/wp\/v2\/pages\/3464","targetHints":{"allow":["GET"]}}],"collection":[{"href":"https:\/\/carro.blog.br\/ficha-tecnica\/wp-json\/wp\/v2\/pages"}],"about":[{"href":"https:\/\/carro.blog.br\/ficha-tecnica\/wp-json\/wp\/v2\/types\/page"}],"author":[{"embeddable":true,"href":"https:\/\/carro.blog.br\/ficha-tecnica\/wp-json\/wp\/v2\/users\/1"}],"replies":[{"embeddable":true,"href":"https:\/\/carro.blog.br\/ficha-tecnica\/wp-json\/wp\/v2\/comments?post=3464"}],"version-history":[{"count":1,"href":"https:\/\/carro.blog.br\/ficha-tecnica\/wp-json\/wp\/v2\/pages\/3464\/revisions"}],"predecessor-version":[{"id":3467,"href":"https:\/\/carro.blog.br\/ficha-tecnica\/wp-json\/wp\/v2\/pages\/3464\/revisions\/3467"}],"up":[{"embeddable":true,"href":"https:\/\/carro.blog.br\/ficha-tecnica\/wp-json\/wp\/v2\/pages\/3457"}],"wp:attachment":[{"href":"https:\/\/carro.blog.br\/ficha-tecnica\/wp-json\/wp\/v2\/media?parent=3464"}],"curies":[{"name":"wp","href":"https:\/\/api.w.org\/{rel}","templated":true}]}}