{"id":3677,"date":"2025-12-04T00:30:31","date_gmt":"2025-12-04T03:30:31","guid":{"rendered":"https:\/\/carro.blog.br\/ficha-tecnica\/?page_id=3677"},"modified":"2025-12-06T22:59:55","modified_gmt":"2025-12-07T01:59:55","slug":"chevrolet-spark-2026","status":"publish","type":"page","link":"https:\/\/carro.blog.br\/ficha-tecnica\/chevrolet\/chevrolet-spark-euv\/chevrolet-spark-2026","title":{"rendered":"Chevrolet Spark 2026"},"content":{"rendered":"<ul>\n<li><a href=\"https:\/\/carro.blog.br\/ficha-tecnica\/chevrolet\/chevrolet-spark-euv\/chevrolet-spark-2026\/chevrolet-spark-euv-2026\">Chevrolet Spark Euv 42 Kw El\u00e9trico 2026<\/a><\/li>\n<\/ul>\n<p><iframe loading=\"lazy\" width=\"800\" height=\"450\" src=\"https:\/\/www.youtube.com\/embed\/ncTl7MV2tRE\" title=\"Chevrolet Spark EUV \u00e9 o RIVAL que o BYD Dolphin N\u00c3O\u00a0gostaria\u00a0de\u00a0ter (EXCLUSIVO)\" frameborder=\"0\" allow=\"accelerometer; autoplay; clipboard-write; encrypted-media; gyroscope; picture-in-picture; web-share\" referrerpolicy=\"strict-origin-when-cross-origin\" allowfullscreen><\/iframe><\/p>\n<h2>Chevrolet Spark EUV Activ 2026 no mercado de autom\u00f3veis<\/h2>\n<figure id=\"attachment_179288\" aria-describedby=\"caption-attachment-179288\" style=\"width: 900px\" class=\"wp-caption aligncenter\"><img loading=\"lazy\" decoding=\"async\" src=\"https:\/\/carro.blog.br\/wp-content\/uploads\/2025\/09\/Chevrolet-Spark-2026-9-900x600.webp\" alt=\"O Chevrolet Spark EUV Activ 2026 \u00e9 voltado para motoristas urbanos, fam\u00edlias compactas e quem busca tecnologia e seguran\u00e7a no uso di\u00e1rio\" width=\"900\" height=\"600\" class=\"size-thumbnail wp-image-179288\" \/><figcaption id=\"caption-attachment-179288\" class=\"wp-caption-text\">O Chevrolet Spark EUV Activ 2026 \u00e9 voltado para motoristas urbanos, fam\u00edlias compactas e quem busca tecnologia e seguran\u00e7a no uso di\u00e1rio<\/figcaption><\/figure>\n<p>O Chevrolet Spark EUV Activ 2026 ocupa um espa\u00e7o relevante no mercado brasileiro de carros el\u00e9tricos compactos, em especial entre consumidores que procuram praticidade urbana. Com dimens\u00f5es enxutas e visual de SUV, o modelo dialoga diretamente com a tend\u00eancia de ve\u00edculos sustent\u00e1veis voltados para a mobilidade nas grandes cidades.<\/p>\n<p>O conjunto el\u00e9trico de 101 cv e 18,4 kgfm de torque dianteiro, associado \u00e0 autonomia de 258 km, atende bem ao perfil de uso di\u00e1rio, seja em deslocamentos de rotina ou trajetos curtos em centros urbanos. Al\u00e9m disso, oferece recarga r\u00e1pida em corrente cont\u00ednua de at\u00e9 50 kW, garantindo maior conveni\u00eancia para quem n\u00e3o disp\u00f5e de longos per\u00edodos de recarga.<\/p>\n<p>No Brasil, a configura\u00e7\u00e3o Activ concentra as vers\u00f5es dispon\u00edveis do Spark EUV, trazendo pacotes voltados a p\u00fablicos distintos: motoristas que priorizam efici\u00eancia e conforto no tr\u00e2nsito urbano, fam\u00edlias pequenas que buscam um carro tecnol\u00f3gico para o dia a dia e usu\u00e1rios interessados em recursos de seguran\u00e7a avan\u00e7ados. Cada vers\u00e3o cumpre a fun\u00e7\u00e3o de oferecer praticidade sem abrir m\u00e3o de conectividade e prote\u00e7\u00e3o.<\/p>\n","protected":false},"excerpt":{"rendered":"<p>Chevrolet Spark Euv 42 Kw El\u00e9trico 2026 Chevrolet Spark EUV Activ 2026 no mercado de autom\u00f3veis O Chevrolet Spark EUV Activ 2026 ocupa um espa\u00e7o relevante no mercado brasileiro de carros el\u00e9tricos compactos, em especial entre consumidores que procuram praticidade urbana. Com dimens\u00f5es enxutas e visual de SUV, o modelo dialoga diretamente com a tend\u00eancia [&hellip;]<\/p>\n","protected":false},"author":1,"featured_media":0,"parent":3673,"menu_order":0,"comment_status":"closed","ping_status":"closed","template":"","meta":{"footnotes":""},"class_list":["post-3677","page","type-page","status-publish","hentry"],"_links":{"self":[{"href":"https:\/\/carro.blog.br\/ficha-tecnica\/wp-json\/wp\/v2\/pages\/3677","targetHints":{"allow":["GET"]}}],"collection":[{"href":"https:\/\/carro.blog.br\/ficha-tecnica\/wp-json\/wp\/v2\/pages"}],"about":[{"href":"https:\/\/carro.blog.br\/ficha-tecnica\/wp-json\/wp\/v2\/types\/page"}],"author":[{"embeddable":true,"href":"https:\/\/carro.blog.br\/ficha-tecnica\/wp-json\/wp\/v2\/users\/1"}],"replies":[{"embeddable":true,"href":"https:\/\/carro.blog.br\/ficha-tecnica\/wp-json\/wp\/v2\/comments?post=3677"}],"version-history":[{"count":3,"href":"https:\/\/carro.blog.br\/ficha-tecnica\/wp-json\/wp\/v2\/pages\/3677\/revisions"}],"predecessor-version":[{"id":4535,"href":"https:\/\/carro.blog.br\/ficha-tecnica\/wp-json\/wp\/v2\/pages\/3677\/revisions\/4535"}],"up":[{"embeddable":true,"href":"https:\/\/carro.blog.br\/ficha-tecnica\/wp-json\/wp\/v2\/pages\/3673"}],"wp:attachment":[{"href":"https:\/\/carro.blog.br\/ficha-tecnica\/wp-json\/wp\/v2\/media?parent=3677"}],"curies":[{"name":"wp","href":"https:\/\/api.w.org\/{rel}","templated":true}]}}