{"id":3698,"date":"2025-12-04T01:12:02","date_gmt":"2025-12-04T04:12:02","guid":{"rendered":"https:\/\/carro.blog.br\/ficha-tecnica\/?page_id=3698"},"modified":"2025-12-04T20:54:59","modified_gmt":"2025-12-04T23:54:59","slug":"jeep-compass-2018","status":"publish","type":"page","link":"https:\/\/carro.blog.br\/ficha-tecnica\/jeep\/jeep-compass\/jeep-compass-2018","title":{"rendered":"Jeep Compass 2018"},"content":{"rendered":"<ul>\n<li>Jeep Compass Night Eagle 2.0 Turbodiesel 2018<\/li>\n<li><a href=\"https:\/\/carro.blog.br\/ficha-tecnica\/jeep\/jeep-compass\/jeep-compass-2018\/jeep-compass-sport-2-0-2018-ficha-tecnica-preco-consumo-equipamentos-e-fotos-do-suv-que-faz-0-100-km-h-em-106-s\">Jeep Compass Sport 2.0 2018<\/a><\/li>\n<li>Jeep Compass Sport 2.0 4&#215;4 2018<\/li>\n<li>Jeep Compass Night Eagle 2.0 2018<\/li>\n<li>Jeep Compass Longitude 2.0 2018<\/li>\n<li>Jeep Compass Limited 2.0 2018<\/li>\n<li>Jeep Compass Longitude 2.0 Turbodiesel 2018<\/li>\n<li>Jeep Compass Limited 2.0 Turbodiesel 2018<\/li>\n<li><a href=\"https:\/\/carro.blog.br\/ficha-tecnica\/jeep\/jeep-compass\/jeep-compass-2018\/jeep-compass-trailhawk-2-0-turbodiesel-2018-consumo-ficha-tecnica-preco-equipamentos-e-fotos-do-suv-4x-4-de-170-cv\">Jeep Compass Trailhawk 2.0 Turbodiesel 2018<\/a><\/li>\n<\/ul>\n<h2>Jeep Compass 2018 Vers\u00f5es Flex E Diesel Com Foco Em Conforto E Versatilidade<\/h2>\n<figure id=\"attachment_3699\" aria-describedby=\"caption-attachment-3699\" style=\"width: 2530px\" class=\"wp-caption aligncenter\"><img loading=\"lazy\" decoding=\"async\" src=\"https:\/\/carro.blog.br\/ficha-tecnica\/wp-content\/uploads\/2025\/12\/alan-correa-2025-12-04-as-01.11.23.webp\" alt=\"As vers\u00f5es flex priorizam conforto urbano, enquanto as diesel entregam torque alto e tra\u00e7\u00e3o 4x4 para quem enfrenta estradas e terrenos dif\u00edceis. A Night Eagle adiciona visual exclusivo.\" width=\"2530\" height=\"1326\" class=\"size-full wp-image-3699\" srcset=\"https:\/\/carro.blog.br\/ficha-tecnica\/wp-content\/uploads\/2025\/12\/alan-correa-2025-12-04-as-01.11.23-350x183.webp 350w, https:\/\/carro.blog.br\/ficha-tecnica\/wp-content\/uploads\/2025\/12\/alan-correa-2025-12-04-as-01.11.23-150x79.webp 150w\" sizes=\"auto, (max-width: 2530px) 100vw, 2530px\" \/><figcaption id=\"caption-attachment-3699\" class=\"wp-caption-text\">As vers\u00f5es flex priorizam conforto urbano, enquanto as diesel entregam torque alto e tra\u00e7\u00e3o 4&#215;4 para quem enfrenta estradas e terrenos dif\u00edceis. A Night Eagle adiciona visual exclusivo.<\/figcaption><\/figure>\n<p>O Jeep Compass 2018 consolidou seu espa\u00e7o combinando design marcante, ergonomia bem resolvida e um conjunto mec\u00e2nico que atende perfis diferentes de uso. A linha oferece motores flex e diesel, cada um com propostas espec\u00edficas, sempre mantendo bom n\u00edvel de conforto, interior bem equipado e comportamento equilibrado no asfalto e fora dele. As vers\u00f5es variam em acabamento, tra\u00e7\u00e3o e n\u00edvel de tecnologia, permitindo que o modelo atenda desde o uso urbano di\u00e1rio at\u00e9 percursos exigentes.<\/p>\n<p>No Brasil, o Compass 2018 se posiciona como op\u00e7\u00e3o recorrente para quem busca um SUV de porte m\u00e9dio com voca\u00e7\u00e3o familiar e boa capacidade de estrada. As escolhas entre tra\u00e7\u00e3o 4&#215;2 ou 4&#215;4, c\u00e2mbio autom\u00e1tico de seis ou nove marchas e pacotes de conveni\u00eancia fazem o modelo permanecer atual no mercado de usados, mantendo relev\u00e2ncia entre consumidores que priorizam estabilidade, seguran\u00e7a e praticidade no dia a dia.<\/p>\n<p>As vers\u00f5es flex, como Sport, Longitude e Limited, s\u00e3o voltadas a quem precisa de uso predominantemente urbano e rodovi\u00e1rio com foco em conforto. J\u00e1 as op\u00e7\u00f5es diesel, incluindo Longitude Turbodiesel, Limited Turbodiesel e Trailhawk, atendem motoristas que precisam de torque elevado, consumo mais eficiente e tra\u00e7\u00e3o 4&#215;4 com modos espec\u00edficos para terrenos dif\u00edceis. A Night Eagle, dispon\u00edvel em flex e diesel, acrescenta visual escurecido e acabamento diferenciado, refor\u00e7ando apelo est\u00e9tico dentro da linha.<\/p>\n","protected":false},"excerpt":{"rendered":"<p>Jeep Compass Night Eagle 2.0 Turbodiesel 2018 Jeep Compass Sport 2.0 2018 Jeep Compass Sport 2.0 4&#215;4 2018 Jeep Compass Night Eagle 2.0 2018 Jeep Compass Longitude 2.0 2018 Jeep Compass Limited 2.0 2018 Jeep Compass Longitude 2.0 Turbodiesel 2018 Jeep Compass Limited 2.0 Turbodiesel 2018 Jeep Compass Trailhawk 2.0 Turbodiesel 2018 Jeep Compass 2018 [&hellip;]<\/p>\n","protected":false},"author":1,"featured_media":0,"parent":216,"menu_order":0,"comment_status":"closed","ping_status":"closed","template":"","meta":{"footnotes":""},"class_list":["post-3698","page","type-page","status-publish","hentry"],"_links":{"self":[{"href":"https:\/\/carro.blog.br\/ficha-tecnica\/wp-json\/wp\/v2\/pages\/3698","targetHints":{"allow":["GET"]}}],"collection":[{"href":"https:\/\/carro.blog.br\/ficha-tecnica\/wp-json\/wp\/v2\/pages"}],"about":[{"href":"https:\/\/carro.blog.br\/ficha-tecnica\/wp-json\/wp\/v2\/types\/page"}],"author":[{"embeddable":true,"href":"https:\/\/carro.blog.br\/ficha-tecnica\/wp-json\/wp\/v2\/users\/1"}],"replies":[{"embeddable":true,"href":"https:\/\/carro.blog.br\/ficha-tecnica\/wp-json\/wp\/v2\/comments?post=3698"}],"version-history":[{"count":3,"href":"https:\/\/carro.blog.br\/ficha-tecnica\/wp-json\/wp\/v2\/pages\/3698\/revisions"}],"predecessor-version":[{"id":3888,"href":"https:\/\/carro.blog.br\/ficha-tecnica\/wp-json\/wp\/v2\/pages\/3698\/revisions\/3888"}],"up":[{"embeddable":true,"href":"https:\/\/carro.blog.br\/ficha-tecnica\/wp-json\/wp\/v2\/pages\/216"}],"wp:attachment":[{"href":"https:\/\/carro.blog.br\/ficha-tecnica\/wp-json\/wp\/v2\/media?parent=3698"}],"curies":[{"name":"wp","href":"https:\/\/api.w.org\/{rel}","templated":true}]}}