{"id":3814,"date":"2025-12-04T17:44:46","date_gmt":"2025-12-04T20:44:46","guid":{"rendered":"https:\/\/carro.blog.br\/ficha-tecnica\/?page_id=3814"},"modified":"2025-12-04T17:44:46","modified_gmt":"2025-12-04T20:44:46","slug":"nissan-x-trail-2026","status":"publish","type":"page","link":"https:\/\/carro.blog.br\/ficha-tecnica\/nissan\/nissan-x-trail\/nissan-x-trail-2026","title":{"rendered":"Nissan X-Trail 2026"},"content":{"rendered":"<ul>\n<li>Nissan X-Trail Platinum 1.5 E-Power 2026<\/li>\n<\/ul>\n<h2>Nissan X-Trail no Brasil<\/h2>\n<figure id=\"attachment_3815\" aria-describedby=\"caption-attachment-3815\" style=\"width: 2560px\" class=\"wp-caption aligncenter\"><img loading=\"lazy\" decoding=\"async\" src=\"https:\/\/carro.blog.br\/ficha-tecnica\/wp-content\/uploads\/2025\/12\/Nissan-X-Trail-2026-10-1-scaled.webp\" alt=\"Vers\u00e3o \u00fanica Platinum 1.5 E-Power resume o conceito do SUV, oferecendo tra\u00e7\u00e3o el\u00e9trica, autonomia ampliada e uso vers\u00e1til sem depender de recarga externa.\" width=\"2560\" height=\"1593\" class=\"size-full wp-image-3815\" srcset=\"https:\/\/carro.blog.br\/ficha-tecnica\/wp-content\/uploads\/2025\/12\/Nissan-X-Trail-2026-10-1-350x218.webp 350w, https:\/\/carro.blog.br\/ficha-tecnica\/wp-content\/uploads\/2025\/12\/Nissan-X-Trail-2026-10-1-150x93.webp 150w\" sizes=\"auto, (max-width: 2560px) 100vw, 2560px\" \/><figcaption id=\"caption-attachment-3815\" class=\"wp-caption-text\">Vers\u00e3o \u00fanica Platinum 1.5 E-Power resume o conceito do SUV, oferecendo tra\u00e7\u00e3o el\u00e9trica, autonomia ampliada e uso vers\u00e1til sem depender de recarga externa.<\/figcaption><\/figure>\n<p>O Nissan X-Trail Platinum 1.5 E-Power 2026 \u00e9 um SUV h\u00edbrido s\u00e9rie que se destaca por usar o motor 1.5 Turbo apenas como gerador, enquanto a tra\u00e7\u00e3o \u00e9 100 por cento el\u00e9trica. Isso garante respostas r\u00e1pidas, sil\u00eancio de rodagem e efici\u00eancia elevada, mantendo a autonomia de um ve\u00edculo a combust\u00e3o. O interior amplo, o porta malas generoso e o conjunto de tecnologia refor\u00e7am o foco em conforto, estabilidade e condu\u00e7\u00e3o previs\u00edvel.<\/p>\n<p>No mercado brasileiro, o X-Trail se posiciona como alternativa de proposta mais refinada entre os SUVs m\u00e9dios, atendendo motoristas que desejam experi\u00eancia el\u00e9trica sem depender de recarga externa. A din\u00e2mica lembra a de um el\u00e9trico, enquanto a arquitetura h\u00edbrida facilita o uso di\u00e1rio, viagens longas e deslocamentos urbanos com menor consumo. A tra\u00e7\u00e3o el\u00e9trica integral, quando presente, amplia a sensa\u00e7\u00e3o de controle em diferentes condi\u00e7\u00f5es.<\/p>\n<p>Como \u00fanica configura\u00e7\u00e3o, a vers\u00e3o Platinum 1.5 E-Power concentra toda a proposta do modelo, unindo efici\u00eancia, torque imediato e pacote completo de equipamentos. A f\u00f3rmula funciona de forma atemporal, j\u00e1 que o sistema h\u00edbrido s\u00e9rie se mant\u00e9m relevante por entregar simplicidade de uso, rodagem confort\u00e1vel e tecnologia de propuls\u00e3o sempre el\u00e9trica.<\/p>\n","protected":false},"excerpt":{"rendered":"<p>Nissan X-Trail Platinum 1.5 E-Power 2026 Nissan X-Trail no Brasil O Nissan X-Trail Platinum 1.5 E-Power 2026 \u00e9 um SUV h\u00edbrido s\u00e9rie que se destaca por usar o motor 1.5 Turbo apenas como gerador, enquanto a tra\u00e7\u00e3o \u00e9 100 por cento el\u00e9trica. Isso garante respostas r\u00e1pidas, sil\u00eancio de rodagem e efici\u00eancia elevada, mantendo a autonomia [&hellip;]<\/p>\n","protected":false},"author":1,"featured_media":0,"parent":3808,"menu_order":0,"comment_status":"closed","ping_status":"closed","template":"","meta":{"footnotes":""},"class_list":["post-3814","page","type-page","status-publish","hentry"],"_links":{"self":[{"href":"https:\/\/carro.blog.br\/ficha-tecnica\/wp-json\/wp\/v2\/pages\/3814","targetHints":{"allow":["GET"]}}],"collection":[{"href":"https:\/\/carro.blog.br\/ficha-tecnica\/wp-json\/wp\/v2\/pages"}],"about":[{"href":"https:\/\/carro.blog.br\/ficha-tecnica\/wp-json\/wp\/v2\/types\/page"}],"author":[{"embeddable":true,"href":"https:\/\/carro.blog.br\/ficha-tecnica\/wp-json\/wp\/v2\/users\/1"}],"replies":[{"embeddable":true,"href":"https:\/\/carro.blog.br\/ficha-tecnica\/wp-json\/wp\/v2\/comments?post=3814"}],"version-history":[{"count":1,"href":"https:\/\/carro.blog.br\/ficha-tecnica\/wp-json\/wp\/v2\/pages\/3814\/revisions"}],"predecessor-version":[{"id":3816,"href":"https:\/\/carro.blog.br\/ficha-tecnica\/wp-json\/wp\/v2\/pages\/3814\/revisions\/3816"}],"up":[{"embeddable":true,"href":"https:\/\/carro.blog.br\/ficha-tecnica\/wp-json\/wp\/v2\/pages\/3808"}],"wp:attachment":[{"href":"https:\/\/carro.blog.br\/ficha-tecnica\/wp-json\/wp\/v2\/media?parent=3814"}],"curies":[{"name":"wp","href":"https:\/\/api.w.org\/{rel}","templated":true}]}}