{"id":3992,"date":"2025-12-05T17:33:27","date_gmt":"2025-12-05T20:33:27","guid":{"rendered":"https:\/\/carro.blog.br\/ficha-tecnica\/?page_id=3992"},"modified":"2025-12-05T17:44:50","modified_gmt":"2025-12-05T20:44:50","slug":"ford-ecosport-2013","status":"publish","type":"page","link":"https:\/\/carro.blog.br\/ficha-tecnica\/ford\/ford-ecosport\/ford-ecosport-2013","title":{"rendered":"Ford Ecosport 2013"},"content":{"rendered":"<ul>\n<li><a href=\"https:\/\/carro.blog.br\/ford-ecosport-titanium-2-0-2013-ficha-tecnica-preco-consumo-equipamentos-e-fotos-compacto-traz-200-mm-de-altura-do-solo-e-bom-espaco-para-familia.html\">Ford Ecosport Titanium 2.0 16V Flex 5p 2013<\/a> (003370-7)<\/li>\n<li>Ford Ecosport Freestyle 2.0 16V Flex 5p 2013 (003369-3)<\/li>\n<li><a href=\"https:\/\/carro.blog.br\/quanto-a-ecosport-1-6-2013-faz-por-litro-preco-detalhes-e-fotos-do-suv.html\">Ford Ecosport S 1.6 16V Flex 5p 2013<\/a> (003365-0)<\/li>\n<li>Ford Ecosport SE 1.6 16V Flex 5p Mec. 2013 (003366-9)<\/li>\n<li>Ford Ecosport SE 2.0 16V Flex 5p Aut. 2013 (003373-1)<\/li>\n<li>Ford Ecosport Titanium 2.0 16V Flex 5p Aut. 2013 (003374-0)<\/li>\n<li>Ford Ecosport Titanium 1.6 16V Flex 5p 2013 (003368-5)<\/li>\n<li><a href=\"https:\/\/carro.blog.br\/ficha-tecnica\/ford\/ford-ecosport\/qual-o-preco-do-ford-ecosport-freestyle-1-6-2013-consumo-ficha-tecnica-equipamentos-e-fotos-do-suv-que-rende-ate-118-km-l\">Ford Ecosport Freestyle 1.6 16V Flex 5p 2013<\/a> (003367-7)<\/li>\n<li><a href=\"https:\/\/carro.blog.br\/ford-ecosport-freestyle-2-0-4wd-2013-preco-ficha-tecnica-consumo-equipamentos-e-fotos-suv-com-tracao-integral-e-suspensao-independente-ideal-para-estrada-e-cidade.html\">Ford Ecosport Freestyle 2.0 16V 4WD Flex 5p 2013<\/a> (003391-0)<\/li>\n<\/ul>\n<h2>Ford EcoSport 2013: SUV compacto vers\u00e1til para uso urbano e viagens<\/h2>\n<figure id=\"attachment_188079\" aria-describedby=\"caption-attachment-188079\" style=\"width: 900px\" class=\"wp-caption aligncenter\"><img loading=\"lazy\" decoding=\"async\" src=\"https:\/\/carro.blog.br\/wp-content\/uploads\/2025\/09\/Ford-EcoSport-Titanium-2.0-2013-11-1-900x600.webp\" alt=\"As vers\u00f5es do Ford EcoSport 2013 v\u00e3o do pr\u00e1tico S e SE, ideais para uso urbano, ao Freestyle para quem busca estilo aventureiro, at\u00e9 o Titanium, focado em conforto e tecnologia.\" width=\"900\" height=\"600\" class=\"size-thumbnail wp-image-188079\" \/><figcaption id=\"caption-attachment-188079\" class=\"wp-caption-text\">As vers\u00f5es do Ford EcoSport 2013 v\u00e3o do pr\u00e1tico S e SE, ideais para uso urbano, ao Freestyle para quem busca estilo aventureiro, at\u00e9 o Titanium, focado em conforto e tecnologia.<\/figcaption><\/figure>\n<p>O Ford EcoSport 2013 consolidou-se como um dos principais SUVs compactos do Brasil, oferecendo bom espa\u00e7o interno, posi\u00e7\u00e3o de dirigir elevada e caracter\u00edsticas que atendem tanto ao dia a dia urbano quanto \u00e0s viagens. Ele foi projetado para quem busca praticidade em ruas movimentadas sem abrir m\u00e3o de conforto e robustez em estradas mais longas.<\/p>\n<p>No mercado de autom\u00f3veis usados, o EcoSport 2013 ainda \u00e9 um modelo procurado por consumidores que valorizam a versatilidade e a confiabilidade mec\u00e2nica. Ele combina dirigibilidade f\u00e1cil, suspens\u00e3o elevada para enfrentar ruas irregulares e uma boa lista de equipamentos de seguran\u00e7a e conveni\u00eancia, que variam conforme a vers\u00e3o.<\/p>\n<p>As vers\u00f5es dispon\u00edveis incluem motores 1.6 e 2.0, al\u00e9m de op\u00e7\u00f5es com c\u00e2mbio manual, autom\u00e1tico e at\u00e9 tra\u00e7\u00e3o 4WD. As configura\u00e7\u00f5es S e SE atendem quem busca um SUV mais simples e econ\u00f4mico, a Freestyle oferece visual aventureiro e recursos adicionais, enquanto a Titanium se posiciona como a op\u00e7\u00e3o mais equipada, voltada a quem prioriza conforto e tecnologia.<\/p>\n","protected":false},"excerpt":{"rendered":"<p>Ford Ecosport Titanium 2.0 16V Flex 5p 2013 (003370-7) Ford Ecosport Freestyle 2.0 16V Flex 5p 2013 (003369-3) Ford Ecosport S 1.6 16V Flex 5p 2013 (003365-0) Ford Ecosport SE 1.6 16V Flex 5p Mec. 2013 (003366-9) Ford Ecosport SE 2.0 16V Flex 5p Aut. 2013 (003373-1) Ford Ecosport Titanium 2.0 16V Flex 5p Aut. [&hellip;]<\/p>\n","protected":false},"author":1,"featured_media":0,"parent":3984,"menu_order":0,"comment_status":"closed","ping_status":"closed","template":"","meta":{"footnotes":""},"class_list":["post-3992","page","type-page","status-publish","hentry"],"_links":{"self":[{"href":"https:\/\/carro.blog.br\/ficha-tecnica\/wp-json\/wp\/v2\/pages\/3992","targetHints":{"allow":["GET"]}}],"collection":[{"href":"https:\/\/carro.blog.br\/ficha-tecnica\/wp-json\/wp\/v2\/pages"}],"about":[{"href":"https:\/\/carro.blog.br\/ficha-tecnica\/wp-json\/wp\/v2\/types\/page"}],"author":[{"embeddable":true,"href":"https:\/\/carro.blog.br\/ficha-tecnica\/wp-json\/wp\/v2\/users\/1"}],"replies":[{"embeddable":true,"href":"https:\/\/carro.blog.br\/ficha-tecnica\/wp-json\/wp\/v2\/comments?post=3992"}],"version-history":[{"count":2,"href":"https:\/\/carro.blog.br\/ficha-tecnica\/wp-json\/wp\/v2\/pages\/3992\/revisions"}],"predecessor-version":[{"id":4020,"href":"https:\/\/carro.blog.br\/ficha-tecnica\/wp-json\/wp\/v2\/pages\/3992\/revisions\/4020"}],"up":[{"embeddable":true,"href":"https:\/\/carro.blog.br\/ficha-tecnica\/wp-json\/wp\/v2\/pages\/3984"}],"wp:attachment":[{"href":"https:\/\/carro.blog.br\/ficha-tecnica\/wp-json\/wp\/v2\/media?parent=3992"}],"curies":[{"name":"wp","href":"https:\/\/api.w.org\/{rel}","templated":true}]}}