{"id":4107,"date":"2025-12-05T18:53:30","date_gmt":"2025-12-05T21:53:30","guid":{"rendered":"https:\/\/carro.blog.br\/ficha-tecnica\/?page_id=4107"},"modified":"2025-12-05T19:08:24","modified_gmt":"2025-12-05T22:08:24","slug":"volkswagen-new-beetle-2010","status":"publish","type":"page","link":"https:\/\/carro.blog.br\/ficha-tecnica\/volkswagen\/volkswagen-new-beetle\/volkswagen-new-beetle-2010","title":{"rendered":"Volkswagen New Beetle 2010"},"content":{"rendered":"<ul>\n<li><a href=\"https:\/\/carro.blog.br\/ficha-tecnica\/volkswagen\/volkswagen-new-beetle\/volkswagen-new-beetle-2010\/qual-o-valor-de-um-new-beetle-2010-ficha-tecnica-preco-consumo-equipamentos-e-fotos-do-novo-fusca\">Volkswagen New Beetle 2.0 AT 2010<\/a><\/li>\n<li>Volkswagen New Beetle 2.0 2010<\/li>\n<\/ul>\n<h2>Volkswagen New Beetle 2010, design ic\u00f4nico com mec\u00e2nica confi\u00e1vel<\/h2>\n<figure id=\"attachment_4115\" aria-describedby=\"caption-attachment-4115\" style=\"width: 2560px\" class=\"wp-caption aligncenter\"><img loading=\"lazy\" decoding=\"async\" src=\"https:\/\/carro.blog.br\/ficha-tecnica\/wp-content\/uploads\/2025\/12\/Volkswagen_New_Beetle_2010_1-scaled.webp\" alt=\"Vers\u00f5es do Volkswagen New Beetle 2010, ambas com motor 2.0, servem perfis diferentes do p\u00fablico, uma voltada ao controle manual e outra \u00e0 comodidade da transmiss\u00e3o autom\u00e1tica, entregando comportamento previs\u00edvel e visual ic\u00f4nico em qualquer uso.\" width=\"2560\" height=\"1602\" class=\"size-full wp-image-4115\" srcset=\"https:\/\/carro.blog.br\/ficha-tecnica\/wp-content\/uploads\/2025\/12\/Volkswagen_New_Beetle_2010_1-350x219.webp 350w, https:\/\/carro.blog.br\/ficha-tecnica\/wp-content\/uploads\/2025\/12\/Volkswagen_New_Beetle_2010_1-150x94.webp 150w\" sizes=\"auto, (max-width: 2560px) 100vw, 2560px\" \/><figcaption id=\"caption-attachment-4115\" class=\"wp-caption-text\">Vers\u00f5es do Volkswagen New Beetle 2010, ambas com motor 2.0, servem perfis diferentes do p\u00fablico, uma voltada ao controle manual e outra \u00e0 comodidade da transmiss\u00e3o autom\u00e1tica, entregando comportamento previs\u00edvel e visual ic\u00f4nico em qualquer uso.<\/figcaption><\/figure>\n<p>O Volkswagen New Beetle 2010 combina identidade visual marcante com uma base mec\u00e2nica simples e robusta, derivada de plataformas amplamente usadas pela marca. O motor 2.0 de 8 v\u00e1lvulas oferece condu\u00e7\u00e3o previs\u00edvel e manuten\u00e7\u00e3o direta, enquanto a cabine aposta em ergonomia, boa visibilidade e equipamentos que elevam o conforto no uso di\u00e1rio. A proposta sempre foi unir nostalgia ao uso pr\u00e1tico, com dirigibilidade leve e comportamento urbano eficiente.<\/p>\n<p>A gama era enxuta, centrada no motor 2.0, com op\u00e7\u00e3o de c\u00e2mbio manual ou autom\u00e1tico, atendendo perfis diferentes de uso. O acerto de suspens\u00e3o, com McPherson na dianteira e eixo de tor\u00e7\u00e3o na traseira, privilegia estabilidade e simplicidade t\u00e9cnica. Itens como ar condicionado, dire\u00e7\u00e3o hidr\u00e1ulica, airbags, freios ABS, rodas de liga e computador de bordo refor\u00e7am o esp\u00edrito do carro, que buscava unir estilo pr\u00f3prio e funcionalidade sem exigir complexidade mec\u00e2nica.<\/p>\n<p>No mercado brasileiro atual, o New Beetle 2010 se posiciona como um modelo de nicho, procurado por quem valoriza est\u00e9tica retr\u00f4, confiabilidade e manuten\u00e7\u00e3o acess\u00edvel. \u00c9 um carro que n\u00e3o depende de tend\u00eancias e mant\u00e9m interesse est\u00e1vel, especialmente entre entusiastas que buscam personalidade sem abrir m\u00e3o do uso cotidiano. As vers\u00f5es existentes atendem tanto quem prefere trocas de marcha manuais quanto quem prioriza comodidade com o c\u00e2mbio autom\u00e1tico.<\/p>\n","protected":false},"excerpt":{"rendered":"<p>Volkswagen New Beetle 2.0 AT 2010 Volkswagen New Beetle 2.0 2010 Volkswagen New Beetle 2010, design ic\u00f4nico com mec\u00e2nica confi\u00e1vel O Volkswagen New Beetle 2010 combina identidade visual marcante com uma base mec\u00e2nica simples e robusta, derivada de plataformas amplamente usadas pela marca. O motor 2.0 de 8 v\u00e1lvulas oferece condu\u00e7\u00e3o previs\u00edvel e manuten\u00e7\u00e3o direta, [&hellip;]<\/p>\n","protected":false},"author":1,"featured_media":0,"parent":4101,"menu_order":0,"comment_status":"closed","ping_status":"closed","template":"","meta":{"footnotes":""},"class_list":["post-4107","page","type-page","status-publish","hentry"],"_links":{"self":[{"href":"https:\/\/carro.blog.br\/ficha-tecnica\/wp-json\/wp\/v2\/pages\/4107","targetHints":{"allow":["GET"]}}],"collection":[{"href":"https:\/\/carro.blog.br\/ficha-tecnica\/wp-json\/wp\/v2\/pages"}],"about":[{"href":"https:\/\/carro.blog.br\/ficha-tecnica\/wp-json\/wp\/v2\/types\/page"}],"author":[{"embeddable":true,"href":"https:\/\/carro.blog.br\/ficha-tecnica\/wp-json\/wp\/v2\/users\/1"}],"replies":[{"embeddable":true,"href":"https:\/\/carro.blog.br\/ficha-tecnica\/wp-json\/wp\/v2\/comments?post=4107"}],"version-history":[{"count":2,"href":"https:\/\/carro.blog.br\/ficha-tecnica\/wp-json\/wp\/v2\/pages\/4107\/revisions"}],"predecessor-version":[{"id":4129,"href":"https:\/\/carro.blog.br\/ficha-tecnica\/wp-json\/wp\/v2\/pages\/4107\/revisions\/4129"}],"up":[{"embeddable":true,"href":"https:\/\/carro.blog.br\/ficha-tecnica\/wp-json\/wp\/v2\/pages\/4101"}],"wp:attachment":[{"href":"https:\/\/carro.blog.br\/ficha-tecnica\/wp-json\/wp\/v2\/media?parent=4107"}],"curies":[{"name":"wp","href":"https:\/\/api.w.org\/{rel}","templated":true}]}}