{"id":4605,"date":"2025-12-07T10:21:45","date_gmt":"2025-12-07T13:21:45","guid":{"rendered":"https:\/\/carro.blog.br\/ficha-tecnica\/?page_id=4605"},"modified":"2025-12-07T11:50:09","modified_gmt":"2025-12-07T14:50:09","slug":"chevrolet-celta-2016","status":"publish","type":"page","link":"https:\/\/carro.blog.br\/ficha-tecnica\/chevrolet\/chevrolet-celta\/chevrolet-celta-2016","title":{"rendered":"Chevrolet Celta 2016"},"content":{"rendered":"<ul>\n<li><a href=\"https:\/\/carro.blog.br\/ficha-tecnica\/chevrolet\/chevrolet-celta\/chevrolet-celta-2016\/chevrolet-celta-lt-1-0-2016\">Chevrolet Celta Spirit\/LT 1.0 2016<\/a> (004321-4)<\/li>\n<\/ul>\n<h2>Chevrolet Celta LT 1.0 2016 mant\u00e9m relev\u00e2ncia no mercado de usados<\/h2>\n<figure id=\"attachment_74113\" aria-describedby=\"caption-attachment-74113\" style=\"width: 900px\" class=\"wp-caption aligncenter\"><img loading=\"lazy\" decoding=\"async\" src=\"https:\/\/carro.blog.br\/wp-content\/uploads\/2025\/01\/Chevrolet-Celta-LT-1-0-2016-6-900x599.webp\" alt=\"O Chevrolet Celta LT 1.0 2016 \u00e9 um hatch usado econ\u00f4mico, pr\u00e1tico e confi\u00e1vel, ideal para o dia a dia urbano, mas limitado em espa\u00e7o interno e recursos modernos.\" width=\"900\" height=\"599\" class=\"size-thumbnail wp-image-74113\" \/><figcaption id=\"caption-attachment-74113\" class=\"wp-caption-text\">O Chevrolet Celta LT 1.0 2016 \u00e9 um hatch usado econ\u00f4mico, pr\u00e1tico e confi\u00e1vel, ideal para o dia a dia urbano, mas limitado em espa\u00e7o interno e recursos modernos.<\/figcaption><\/figure>\n<p>O Chevrolet Celta LT 1.0 2016 segue como um dos hatches mais procurados no mercado de usados do Brasil. Compacto, econ\u00f4mico e de manuten\u00e7\u00e3o simples, ele atende motoristas iniciantes, fam\u00edlias que buscam um segundo carro e quem precisa de um ve\u00edculo confi\u00e1vel para o dia a dia.<\/p>\n<p>No uso urbano, o modelo entrega consumo eficiente, autonomia satisfat\u00f3ria e praticidade no tr\u00e2nsito. \u00c9 um carro f\u00e1cil de estacionar, \u00e1gil em deslocamentos curtos e com manuten\u00e7\u00e3o acess\u00edvel, o que garante boa aceita\u00e7\u00e3o no mercado de segunda m\u00e3o.<\/p>\n<p>Como usado, o Celta LT 2016 serve bem para quem busca mobilidade econ\u00f4mica e confiabilidade mec\u00e2nica. Embora tenha limita\u00e7\u00f5es de espa\u00e7o interno e acabamento simples, segue funcional para o transporte di\u00e1rio, compras e pequenas viagens.<\/p>\n","protected":false},"excerpt":{"rendered":"<p>Chevrolet Celta Spirit\/LT 1.0 2016 (004321-4) Chevrolet Celta LT 1.0 2016 mant\u00e9m relev\u00e2ncia no mercado de usados O Chevrolet Celta LT 1.0 2016 segue como um dos hatches mais procurados no mercado de usados do Brasil. Compacto, econ\u00f4mico e de manuten\u00e7\u00e3o simples, ele atende motoristas iniciantes, fam\u00edlias que buscam um segundo carro e quem precisa [&hellip;]<\/p>\n","protected":false},"author":1,"featured_media":0,"parent":4600,"menu_order":0,"comment_status":"closed","ping_status":"closed","template":"","meta":{"footnotes":""},"class_list":["post-4605","page","type-page","status-publish","hentry"],"_links":{"self":[{"href":"https:\/\/carro.blog.br\/ficha-tecnica\/wp-json\/wp\/v2\/pages\/4605","targetHints":{"allow":["GET"]}}],"collection":[{"href":"https:\/\/carro.blog.br\/ficha-tecnica\/wp-json\/wp\/v2\/pages"}],"about":[{"href":"https:\/\/carro.blog.br\/ficha-tecnica\/wp-json\/wp\/v2\/types\/page"}],"author":[{"embeddable":true,"href":"https:\/\/carro.blog.br\/ficha-tecnica\/wp-json\/wp\/v2\/users\/1"}],"replies":[{"embeddable":true,"href":"https:\/\/carro.blog.br\/ficha-tecnica\/wp-json\/wp\/v2\/comments?post=4605"}],"version-history":[{"count":3,"href":"https:\/\/carro.blog.br\/ficha-tecnica\/wp-json\/wp\/v2\/pages\/4605\/revisions"}],"predecessor-version":[{"id":4633,"href":"https:\/\/carro.blog.br\/ficha-tecnica\/wp-json\/wp\/v2\/pages\/4605\/revisions\/4633"}],"up":[{"embeddable":true,"href":"https:\/\/carro.blog.br\/ficha-tecnica\/wp-json\/wp\/v2\/pages\/4600"}],"wp:attachment":[{"href":"https:\/\/carro.blog.br\/ficha-tecnica\/wp-json\/wp\/v2\/media?parent=4605"}],"curies":[{"name":"wp","href":"https:\/\/api.w.org\/{rel}","templated":true}]}}