{"id":477,"date":"2025-11-08T15:55:19","date_gmt":"2025-11-08T18:55:19","guid":{"rendered":"https:\/\/carro.blog.br\/ficha-tecnica\/?page_id=477"},"modified":"2025-12-18T20:54:09","modified_gmt":"2025-12-18T23:54:09","slug":"volkswagen-polo","status":"publish","type":"page","link":"https:\/\/carro.blog.br\/ficha-tecnica\/volkswagen\/volkswagen-polo","title":{"rendered":"Volkswagen Polo"},"content":{"rendered":"<ul class=\"col4\">\n<li><a href=\"https:\/\/carro.blog.br\/ficha-tecnica\/volkswagen\/volkswagen-polo\/volkswagen-polo-2026\">2026<\/a><\/li>\n<li><a href=\"https:\/\/carro.blog.br\/montadoras\/volkswagen\/volkswagen-polo\/volkswagen-polo-2025\">2025<\/a><\/li>\n<li><a href=\"https:\/\/carro.blog.br\/montadoras\/volkswagen\/volkswagen-polo\/volkswagen-polo-2024\">2024<\/a><\/li>\n<li><a href=\"https:\/\/carro.blog.br\/montadoras\/volkswagen\/volkswagen-polo\/volkswagen-polo-2023\">2023<\/a><\/li>\n<li><a href=\"https:\/\/carro.blog.br\/montadoras\/volkswagen\/volkswagen-polo\/volkswagen-polo-2022\">2022<\/a><\/li>\n<li><a href=\"https:\/\/carro.blog.br\/montadoras\/volkswagen\/volkswagen-polo\/volkswagen-polo-2021\">2021<\/a><\/li>\n<li><a href=\"https:\/\/carro.blog.br\/montadoras\/volkswagen\/volkswagen-polo\/volkswagen-polo-2020\">2020<\/a><\/li>\n<li><a href=\"https:\/\/carro.blog.br\/montadoras\/volkswagen\/volkswagen-polo\/volkswagen-polo-2019\">2019<\/a><\/li>\n<li><a href=\"https:\/\/carro.blog.br\/ficha-tecnica\/volkswagen\/volkswagen-polo\/volkswagen-polo-2018\">2018<\/a><\/li>\n<li>2017<\/a><\/li>\n<li>2016<\/a><\/li>\n<li><a href=\"https:\/\/carro.blog.br\/montadoras\/volkswagen\/volkswagen-polo\/volkswagen-polo-2015\">2015<\/a><\/li>\n<li><a href=\"https:\/\/carro.blog.br\/montadoras\/volkswagen\/volkswagen-polo\/volkswagen-polo-2014\">2014<\/a><\/li>\n<li><a href=\"https:\/\/carro.blog.br\/montadoras\/volkswagen\/volkswagen-polo\/volkswagen-polo-2013\">2013<\/a><\/li>\n<li><a href=\"https:\/\/carro.blog.br\/montadoras\/volkswagen\/volkswagen-polo\/volkswagen-polo-2012\">2012<\/a><\/li>\n<li><a href=\"https:\/\/carro.blog.br\/montadoras\/volkswagen\/volkswagen-polo\/volkswagen-polo-2011\">2011<\/a><\/li>\n<li><a href=\"https:\/\/carro.blog.br\/montadoras\/volkswagen\/volkswagen-polo\/volkswagen-polo-2010\">2010<\/a><\/li>\n<li><a href=\"https:\/\/carro.blog.br\/montadoras\/volkswagen\/volkswagen-polo\/volkswagen-polo-2009\">2009<\/a><\/li>\n<li><a href=\"https:\/\/carro.blog.br\/montadoras\/volkswagen\/volkswagen-polo\/volkswagen-polo-2008\">2008<\/a><\/li>\n<li><a href=\"https:\/\/carro.blog.br\/montadoras\/volkswagen\/volkswagen-polo\/volkswagen-polo-2007\">2007<\/a><\/li>\n<li><a href=\"https:\/\/carro.blog.br\/montadoras\/volkswagen\/volkswagen-polo\/volkswagen-polo-2006\">2006<\/a><\/li>\n<li><a href=\"https:\/\/carro.blog.br\/montadoras\/volkswagen\/volkswagen-polo\/volkswagen-polo-2005\">2005<\/a><\/li>\n<li><a href=\"https:\/\/carro.blog.br\/montadoras\/volkswagen\/volkswagen-polo\/volkswagen-polo-2004\">2004<\/a><\/li>\n<li><a href=\"https:\/\/carro.blog.br\/montadoras\/volkswagen\/volkswagen-polo\/volkswagen-polo-2003\">2003<\/a><\/li>\n<\/ul>\n<h2>Por que n\u00e3o tem VW Polo 2016 e 2017<\/h2>\n<p>A Volkswagen n\u00e3o lan\u00e7ou uma vers\u00e3o do Polo em 2017 no Brasil. O modelo Polo, que ficou ausente do mercado brasileiro por alguns anos, foi relan\u00e7ado em 2018 com uma nova gera\u00e7\u00e3o, marcando seu retorno. Antes disso, o Polo havia sido descontinuado no Brasil em 2014, e o intervalo entre esses anos sem o modelo se deve a mudan\u00e7as estrat\u00e9gicas da marca e \u00e0 introdu\u00e7\u00e3o de novos ve\u00edculos, como o Volkswagen Fox, que ocupou uma faixa de mercado semelhante.<\/p>\n<p>Se voc\u00ea estiver se referindo ao mercado europeu, o Volkswagen Polo 2017 foi lan\u00e7ado em algumas regi\u00f5es, mas o foco da marca para o Brasil naquele momento estava em outros modelos.<\/p>\n<p>Fonte: <a href=\"https:\/\/pt.wikipedia.org\/wiki\/Volkswagen_Polo\">Wikipedia<\/a>.<\/p>\n","protected":false},"excerpt":{"rendered":"<p>2026 2025 2024 2023 2022 2021 2020 2019 2018 2017 2016 2015 2014 2013 2012 2011 2010 2009 2008 2007 2006 2005 2004 2003 Por que n\u00e3o tem VW Polo 2016 e 2017 A Volkswagen n\u00e3o lan\u00e7ou uma vers\u00e3o do Polo em 2017 no Brasil. O modelo Polo, que ficou ausente do mercado brasileiro por [&hellip;]<\/p>\n","protected":false},"author":1,"featured_media":0,"parent":93,"menu_order":0,"comment_status":"closed","ping_status":"closed","template":"","meta":{"footnotes":""},"class_list":["post-477","page","type-page","status-publish","hentry"],"_links":{"self":[{"href":"https:\/\/carro.blog.br\/ficha-tecnica\/wp-json\/wp\/v2\/pages\/477","targetHints":{"allow":["GET"]}}],"collection":[{"href":"https:\/\/carro.blog.br\/ficha-tecnica\/wp-json\/wp\/v2\/pages"}],"about":[{"href":"https:\/\/carro.blog.br\/ficha-tecnica\/wp-json\/wp\/v2\/types\/page"}],"author":[{"embeddable":true,"href":"https:\/\/carro.blog.br\/ficha-tecnica\/wp-json\/wp\/v2\/users\/1"}],"replies":[{"embeddable":true,"href":"https:\/\/carro.blog.br\/ficha-tecnica\/wp-json\/wp\/v2\/comments?post=477"}],"version-history":[{"count":2,"href":"https:\/\/carro.blog.br\/ficha-tecnica\/wp-json\/wp\/v2\/pages\/477\/revisions"}],"predecessor-version":[{"id":5898,"href":"https:\/\/carro.blog.br\/ficha-tecnica\/wp-json\/wp\/v2\/pages\/477\/revisions\/5898"}],"up":[{"embeddable":true,"href":"https:\/\/carro.blog.br\/ficha-tecnica\/wp-json\/wp\/v2\/pages\/93"}],"wp:attachment":[{"href":"https:\/\/carro.blog.br\/ficha-tecnica\/wp-json\/wp\/v2\/media?parent=477"}],"curies":[{"name":"wp","href":"https:\/\/api.w.org\/{rel}","templated":true}]}}