{"id":4917,"date":"2025-12-08T19:14:30","date_gmt":"2025-12-08T22:14:30","guid":{"rendered":"https:\/\/carro.blog.br\/ficha-tecnica\/?page_id=4917"},"modified":"2025-12-08T19:14:30","modified_gmt":"2025-12-08T22:14:30","slug":"jeep-renegade-2025","status":"publish","type":"page","link":"https:\/\/carro.blog.br\/ficha-tecnica\/jeep\/jeep-renegade\/jeep-renegade-2025","title":{"rendered":"Jeep Renegade 2025"},"content":{"rendered":"<ul>\n<li>Jeep Renegade 1.3 AT6 2025 (017092-5)<\/li>\n<li>Jeep Renegade Sport Altitude AT6 2025 (017103-4)<\/li>\n<li>Jeep Renegade Night Eagle AT6 2025 (017102-6)<\/li>\n<li>Jeep Renegade Longitude AT6 2025 (017088-7)<\/li>\n<li>Jeep Renegade Altitude AT6 2025 (017105-0)<\/li>\n<li><a href=\"https:\/\/carro.blog.br\/jeep-renegade-sahara-1-3-2025-preco-ficha-tecnica-consumo-equipamentos-e-fotos-suv-compacto-com-bom-consumo-e-conforto-ideal-para-quem-busca-estabilidade-e-seguranca-no-dia-a-dia.html\">Jeep Renegade Sahara AT6 2025<\/a> (017100-0)<\/li>\n<li><a href=\"https:\/\/carro.blog.br\/jeep-renegade-trailhawk-1-3-4x4-2025-preco-ficha-tecnica-consumo-equipamentos-e-fotos-tracao-integral-e-motor-turbo-garantem-desempenho-e-seguranca.html\">Jeep Renegade Trailhawk 4&#215;4 AT9 2025<\/a> (017086-0)<\/li>\n<li><a href=\"https:\/\/carro.blog.br\/jeep-renegade-willys-1-3-4x4-automatico-2025-ficha-tecnica-consumo-e-fotos-versao-especial-combina-desempenho-e-tradicao-off-road-para-uso-urbano-e-rural.html\">Jeep Renegade Willys 4&#215;4 AT9 2025<\/a> (017101-8)<\/li>\n<\/ul>\n<h2>Jeep Renegade 2025 desempenho e vers\u00f5es no mercado brasileiro<\/h2>\n<figure id=\"attachment_197026\" aria-describedby=\"caption-attachment-197026\" style=\"width: 900px\" class=\"wp-caption aligncenter\"><img loading=\"lazy\" decoding=\"async\" src=\"https:\/\/carro.blog.br\/wp-content\/uploads\/2025\/10\/Jeep-Renegade-Trailhawk-1.3-4x4-2025-18-1-900x593.webp\" alt=\"As vers\u00f5es AT6 priorizam conforto e uso urbano, enquanto as 4x4 AT9, como Trailhawk e Willys, destacam o esp\u00edrito off-road do Jeep Renegade 2025.\" width=\"900\" height=\"593\" class=\"size-thumbnail wp-image-197026\" \/><figcaption id=\"caption-attachment-197026\" class=\"wp-caption-text\">As vers\u00f5es AT6 priorizam conforto e uso urbano, enquanto as 4&#215;4 AT9, como Trailhawk e Willys, destacam o esp\u00edrito off-road do Jeep Renegade 2025.<\/figcaption><\/figure>\n<p>O Jeep Renegade 2025 continua sendo um dos SUVs compactos mais equilibrados do pa\u00eds, combinando motor turbo flex T270 com c\u00e2mbio autom\u00e1tico e tra\u00e7\u00e3o 4&#215;2 ou 4&#215;4. Fabricado em Pernambuco, o modelo mant\u00e9m o apelo de robustez e dirigibilidade urbana, com dimens\u00f5es compactas, cabine silenciosa e conforto de suspens\u00e3o acima da m\u00e9dia, mantendo-se competitivo frente a rivais como T-Cross e Tracker.<\/p>\n<p>No mercado de autom\u00f3veis brasileiro, o Renegade consolidou sua imagem como um SUV urbano com voca\u00e7\u00e3o off-road. O conjunto mec\u00e2nico 1.3 T270 Turbo Flex de 185 cv e 27,5 kgfm garante desempenho consistente tanto na cidade quanto na estrada. A boa distribui\u00e7\u00e3o de torque e a transmiss\u00e3o autom\u00e1tica de seis ou nove marchas refor\u00e7am o equil\u00edbrio entre for\u00e7a e efici\u00eancia, mantendo o modelo relevante mesmo ap\u00f3s quase uma d\u00e9cada de presen\u00e7a no pa\u00eds.<\/p>\n<p>A linha 2025 \u00e9 composta por oito vers\u00f5es. As op\u00e7\u00f5es AT6 (Sport Altitude, Night Eagle, Longitude, Altitude e Sahara) priorizam conforto e tecnologia, ideais para uso urbano e rodovi\u00e1rio. J\u00e1 as configura\u00e7\u00f5es AT9 4&#215;4 (Trailhawk e Willys) atendem ao p\u00fablico que busca desempenho em trilhas e terrenos dif\u00edceis. O Renegade permanece uma escolha s\u00f3lida para quem deseja um SUV compacto com DNA genuinamente Jeep.<\/p>\n","protected":false},"excerpt":{"rendered":"<p>Jeep Renegade 1.3 AT6 2025 (017092-5) Jeep Renegade Sport Altitude AT6 2025 (017103-4) Jeep Renegade Night Eagle AT6 2025 (017102-6) Jeep Renegade Longitude AT6 2025 (017088-7) Jeep Renegade Altitude AT6 2025 (017105-0) Jeep Renegade Sahara AT6 2025 (017100-0) Jeep Renegade Trailhawk 4&#215;4 AT9 2025 (017086-0) Jeep Renegade Willys 4&#215;4 AT9 2025 (017101-8) Jeep Renegade 2025 [&hellip;]<\/p>\n","protected":false},"author":1,"featured_media":0,"parent":1987,"menu_order":0,"comment_status":"closed","ping_status":"closed","template":"","meta":{"footnotes":""},"class_list":["post-4917","page","type-page","status-publish","hentry"],"_links":{"self":[{"href":"https:\/\/carro.blog.br\/ficha-tecnica\/wp-json\/wp\/v2\/pages\/4917","targetHints":{"allow":["GET"]}}],"collection":[{"href":"https:\/\/carro.blog.br\/ficha-tecnica\/wp-json\/wp\/v2\/pages"}],"about":[{"href":"https:\/\/carro.blog.br\/ficha-tecnica\/wp-json\/wp\/v2\/types\/page"}],"author":[{"embeddable":true,"href":"https:\/\/carro.blog.br\/ficha-tecnica\/wp-json\/wp\/v2\/users\/1"}],"replies":[{"embeddable":true,"href":"https:\/\/carro.blog.br\/ficha-tecnica\/wp-json\/wp\/v2\/comments?post=4917"}],"version-history":[{"count":1,"href":"https:\/\/carro.blog.br\/ficha-tecnica\/wp-json\/wp\/v2\/pages\/4917\/revisions"}],"predecessor-version":[{"id":4919,"href":"https:\/\/carro.blog.br\/ficha-tecnica\/wp-json\/wp\/v2\/pages\/4917\/revisions\/4919"}],"up":[{"embeddable":true,"href":"https:\/\/carro.blog.br\/ficha-tecnica\/wp-json\/wp\/v2\/pages\/1987"}],"wp:attachment":[{"href":"https:\/\/carro.blog.br\/ficha-tecnica\/wp-json\/wp\/v2\/media?parent=4917"}],"curies":[{"name":"wp","href":"https:\/\/api.w.org\/{rel}","templated":true}]}}