{"id":5163,"date":"2025-12-09T22:41:22","date_gmt":"2025-12-10T01:41:22","guid":{"rendered":"https:\/\/carro.blog.br\/ficha-tecnica\/?page_id=5163"},"modified":"2025-12-09T22:52:24","modified_gmt":"2025-12-10T01:52:24","slug":"toyota-hilux-2013","status":"publish","type":"page","link":"https:\/\/carro.blog.br\/ficha-tecnica\/toyota\/toyota-hilux\/toyota-hilux-2013","title":{"rendered":"Toyota Hilux 2013"},"content":{"rendered":"<ul>\n<li><a href=\"https:\/\/carro.blog.br\/ficha-tecnica\/toyota\/toyota-hilux\/toyota-hilux-2013\/toyota-hilux-srv-3-0-turbo-4x4-automatica-2013\">Toyota Hilux SRV 3.0 Turbo 4&#215;4 AT CD 2013<\/a><\/li>\n<li>Toyota Hilux SRV 3.0 Turbo 4&#215;4 CD 2013<\/li>\n<li>Toyota Hilux SR 3.0 Turbo 4&#215;4 CD 2013<\/li>\n<li>Toyota Hilux SR 3.0 Turbo 4&#215;4 AT CD 2013<\/li>\n<li>Toyota Hilux SR 2.7 4&#215;2 AT CD 2013<\/li>\n<li>Toyota Hilux SRV 2.7 4&#215;4 AT CD 2013<\/li>\n<li>Toyota Hilux Chassi 3.0 Turbo 4&#215;4 2013<\/li>\n<li>Toyota Hilux STD 3.0 Turbo 4&#215;4 CS 2013<\/li>\n<\/ul>\n<h2>Toyota Hilux 2013: robustez e versatilidade para todos os usos<\/h2>\n<figure id=\"attachment_5167\" aria-describedby=\"caption-attachment-5167\" style=\"width: 1300px\" class=\"wp-caption aligncenter\"><img loading=\"lazy\" decoding=\"async\" src=\"https:\/\/carro.blog.br\/ficha-tecnica\/wp-content\/uploads\/2025\/12\/Toyota-Hilux-SRV-3-0-Turbo-4-x-4-AT-CD-2013-10.webp\" alt=\"Hilux 2013 oferece vers\u00f5es 2.7 flex para uso urbano, 2.7 flex 4x4 para estrada e terreno e 3.0 diesel 4x4 para carga e off-road, combinando robustez, versatilidade e confiabilidade.\" width=\"1300\" height=\"815\" class=\"size-full wp-image-5167\" srcset=\"https:\/\/carro.blog.br\/ficha-tecnica\/wp-content\/uploads\/2025\/12\/Toyota-Hilux-SRV-3-0-Turbo-4-x-4-AT-CD-2013-10-350x219.webp 350w, https:\/\/carro.blog.br\/ficha-tecnica\/wp-content\/uploads\/2025\/12\/Toyota-Hilux-SRV-3-0-Turbo-4-x-4-AT-CD-2013-10-150x94.webp 150w\" sizes=\"auto, (max-width: 1300px) 100vw, 1300px\" \/><figcaption id=\"caption-attachment-5167\" class=\"wp-caption-text\">Hilux 2013 oferece vers\u00f5es 2.7 flex para uso urbano, 2.7 flex 4&#215;4 para estrada e terreno e 3.0 diesel 4&#215;4 para carga e off-road, combinando robustez, versatilidade e confiabilidade.<\/figcaption><\/figure>\n<p>A Toyota Hilux 2013 destaca-se pela combina\u00e7\u00e3o de motoriza\u00e7\u00e3o forte, op\u00e7\u00f5es flex\u00edveis de tra\u00e7\u00e3o e estrutura robusta, oferecendo vers\u00f5es que v\u00e3o da 2.7 flex 4&#215;2 at\u00e9 as 3.0 diesel 4&#215;4. Essa variedade garante adaptabilidade, seja para uso urbano ou trabalho pesado, com motor 2.7 flex adequado ao dia a dia e vers\u00f5es 3.0 diesel preparadas para carga e terrenos dif\u00edceis.<\/p>\n<p>No mercado brasileiro de usados a Hilux 2013 mant\u00e9m bom prest\u00edgio pela confiabilidade, durabilidade mec\u00e2nica e versatilidade de uso. Entre vers\u00f5es 2.7 e 3.0, elas atendem perfis diferentes: a flex 4&#215;2 para quem busca praticidade e economia, a flex 4&#215;4 para uso misto estrada\/terreno e as diesel 4&#215;4 para quem precisa de torque, capacidade de carga e desempenho em off-road. Essa variedade torna a Hilux 2013 atraente tanto para fam\u00edlias quanto para trabalho e transporte.<\/p>\n","protected":false},"excerpt":{"rendered":"<p>Toyota Hilux SRV 3.0 Turbo 4&#215;4 AT CD 2013 Toyota Hilux SRV 3.0 Turbo 4&#215;4 CD 2013 Toyota Hilux SR 3.0 Turbo 4&#215;4 CD 2013 Toyota Hilux SR 3.0 Turbo 4&#215;4 AT CD 2013 Toyota Hilux SR 2.7 4&#215;2 AT CD 2013 Toyota Hilux SRV 2.7 4&#215;4 AT CD 2013 Toyota Hilux Chassi 3.0 Turbo [&hellip;]<\/p>\n","protected":false},"author":1,"featured_media":0,"parent":1266,"menu_order":0,"comment_status":"closed","ping_status":"closed","template":"","meta":{"footnotes":""},"class_list":["post-5163","page","type-page","status-publish","hentry"],"_links":{"self":[{"href":"https:\/\/carro.blog.br\/ficha-tecnica\/wp-json\/wp\/v2\/pages\/5163","targetHints":{"allow":["GET"]}}],"collection":[{"href":"https:\/\/carro.blog.br\/ficha-tecnica\/wp-json\/wp\/v2\/pages"}],"about":[{"href":"https:\/\/carro.blog.br\/ficha-tecnica\/wp-json\/wp\/v2\/types\/page"}],"author":[{"embeddable":true,"href":"https:\/\/carro.blog.br\/ficha-tecnica\/wp-json\/wp\/v2\/users\/1"}],"replies":[{"embeddable":true,"href":"https:\/\/carro.blog.br\/ficha-tecnica\/wp-json\/wp\/v2\/comments?post=5163"}],"version-history":[{"count":2,"href":"https:\/\/carro.blog.br\/ficha-tecnica\/wp-json\/wp\/v2\/pages\/5163\/revisions"}],"predecessor-version":[{"id":5185,"href":"https:\/\/carro.blog.br\/ficha-tecnica\/wp-json\/wp\/v2\/pages\/5163\/revisions\/5185"}],"up":[{"embeddable":true,"href":"https:\/\/carro.blog.br\/ficha-tecnica\/wp-json\/wp\/v2\/pages\/1266"}],"wp:attachment":[{"href":"https:\/\/carro.blog.br\/ficha-tecnica\/wp-json\/wp\/v2\/media?parent=5163"}],"curies":[{"name":"wp","href":"https:\/\/api.w.org\/{rel}","templated":true}]}}