{"id":5964,"date":"2024-12-20T10:31:57","date_gmt":"2024-12-20T13:31:57","guid":{"rendered":"https:\/\/carro.blog.br\/ficha-tecnica\/?page_id=5964"},"modified":"2025-12-20T10:34:21","modified_gmt":"2025-12-20T13:34:21","slug":"toyota-corolla-2014","status":"publish","type":"page","link":"https:\/\/carro.blog.br\/ficha-tecnica\/toyota\/toyota-corolla\/toyota-corolla-2014","title":{"rendered":"Toyota Corolla 2014"},"content":{"rendered":"<ul>\n<li><a href=\"https:\/\/carro.blog.br\/toyota-corolla-xli-1-8-2014-manual-usado-confiavel-economico-e-com-espaco-para-familia-mas-com-equipamentos-limitados.html\">Toyota Corolla XLi 1.8\/1.8 Flex 16v Mec. 2014<\/a> (002027-3)<\/li>\n<li><a href=\"https:\/\/carro.blog.br\/toyota-corolla-gli-1-8-2014-preco-ficha-tecnica-consumo-equipamentos-e-fotos-confortavel-para-familias-mas-pouco-empolgante-ao-dirigir.html\">Toyota Corolla GLi 1.8 Flex 16v Mec. 2014<\/a> (002108-3)<\/li>\n<li><a href=\"https:\/\/carro.blog.br\/toyota-corolla-xli-1-8-at-2014-preco-ficha-tecnica-consumo-equipamentos-e-fotos-confiavel-no-uso-diario-mas-cambio-ultrapassado.html\">Toyota Corolla XLi 1.8\/1.8 Flex 16v Aut. 2014<\/a> (002062-1)<\/li>\n<li><a href=\"https:\/\/carro.blog.br\/toyota-corolla-gli-1-8-at-2014-preco-ficha-tecnica-consumo-equipamentos-e-fotos-manutencao-acessivel-mas-aceleracao-pouco-empolgante.html\">Toyota Corolla GLi 1.8 Flex 16v Aut. 2014<\/a> (002109-1)<\/li>\n<li><a href=\"https:\/\/carro.blog.br\/guia-de-usados-ficha-tecnica-do-toyota-corolla-xei-2-0-2014-preco-e-consumo-do-sedan-confiavel.html\">Toyota Corolla XEi 2.0 Flex 16v Aut. 2014<\/a> (002111-3)<\/li>\n<li><a href=\"https:\/\/carro.blog.br\/toyota-corolla-xrs-2-0-2014-preco-ficha-tecnica-consumo-equipamentos-e-fotos-confortavel-e-confiavel-mas-cambio-ultrapassado.html\">Toyota Corolla XRS 2.0 Flex 16v Aut. 2014<\/a> (002115-6)<\/li>\n<li><a href=\"https:\/\/carro.blog.br\/toyota-corolla-altis-2-0-2014-preco-ficha-tecnica-consumo-equipamentos-e-fotos-pacote-completo-de-seguranca-mas-desempenho-sem-empolgar.html\">Toyota Corolla ALTIS\/A.Premium 2.0 Flex 16v Aut. 2014<\/a> (002112-1)<\/li>\n<\/ul>\n<h2>Toyota Corolla 2014 mant\u00e9m relev\u00e2ncia no mercado de usados<\/h2>\n<figure id=\"attachment_179371\" aria-describedby=\"caption-attachment-179371\" style=\"width: 900px\" class=\"wp-caption aligncenter\"><img loading=\"lazy\" decoding=\"async\" src=\"https:\/\/carro.blog.br\/wp-content\/uploads\/2025\/09\/Toyota-Corolla-XRS-2.0-2014-22-1-900x596.webp\" alt=\"O Corolla 2014 tem vers\u00f5es 1.8 para uso pr\u00e1tico e econ\u00f4mico, 2.0 XEi para mais conforto, XRS com apelo esportivo e Altis como topo de linha sofisticado.\" width=\"900\" height=\"596\" class=\"size-thumbnail wp-image-179371\" \/><figcaption id=\"caption-attachment-179371\" class=\"wp-caption-text\">O Corolla 2014 tem vers\u00f5es 1.8 para uso pr\u00e1tico e econ\u00f4mico, 2.0 XEi para mais conforto, XRS com apelo esportivo e Altis como topo de linha sofisticado.<\/figcaption><\/figure>\n<p>O Toyota Corolla 2014 se consolidou como um dos sed\u00e3s m\u00e9dios mais procurados no mercado de usados no Brasil. Sua reputa\u00e7\u00e3o de confiabilidade mec\u00e2nica e manuten\u00e7\u00e3o acess\u00edvel sustenta a boa liquidez entre lojistas e consumidores, mantendo o modelo como refer\u00eancia de durabilidade mesmo diante da concorr\u00eancia mais recente.<\/p>\n<p>As vers\u00f5es XLi e GLi equipadas com motor 1.8 atendem motoristas que buscam um carro econ\u00f4mico e pr\u00e1tico, seja com c\u00e2mbio manual ou autom\u00e1tico. J\u00e1 a op\u00e7\u00e3o XEi com motor 2.0 oferece desempenho superior e mais equipamentos de conforto, enquanto a vers\u00e3o XRS, tamb\u00e9m 2.0, acrescenta um perfil esportivo e detalhes de acabamento diferenciados.<\/p>\n<p>No topo da linha, o Altis 2.0 aparece como a configura\u00e7\u00e3o mais completa, voltada para quem prioriza sofistica\u00e7\u00e3o e tecnologia embarcada. Essa diversidade de vers\u00f5es permite que o Corolla 2014 atenda p\u00fablicos distintos, desde frotistas e motoristas de aplicativo at\u00e9 fam\u00edlias que valorizam conforto e confiabilidade em viagens.<\/p>\n","protected":false},"excerpt":{"rendered":"<p>Toyota Corolla XLi 1.8\/1.8 Flex 16v Mec. 2014 (002027-3) Toyota Corolla GLi 1.8 Flex 16v Mec. 2014 (002108-3) Toyota Corolla XLi 1.8\/1.8 Flex 16v Aut. 2014 (002062-1) Toyota Corolla GLi 1.8 Flex 16v Aut. 2014 (002109-1) Toyota Corolla XEi 2.0 Flex 16v Aut. 2014 (002111-3) Toyota Corolla XRS 2.0 Flex 16v Aut. 2014 (002115-6) Toyota [&hellip;]<\/p>\n","protected":false},"author":1,"featured_media":0,"parent":539,"menu_order":0,"comment_status":"closed","ping_status":"closed","template":"","meta":{"footnotes":""},"class_list":["post-5964","page","type-page","status-publish","hentry"],"_links":{"self":[{"href":"https:\/\/carro.blog.br\/ficha-tecnica\/wp-json\/wp\/v2\/pages\/5964","targetHints":{"allow":["GET"]}}],"collection":[{"href":"https:\/\/carro.blog.br\/ficha-tecnica\/wp-json\/wp\/v2\/pages"}],"about":[{"href":"https:\/\/carro.blog.br\/ficha-tecnica\/wp-json\/wp\/v2\/types\/page"}],"author":[{"embeddable":true,"href":"https:\/\/carro.blog.br\/ficha-tecnica\/wp-json\/wp\/v2\/users\/1"}],"replies":[{"embeddable":true,"href":"https:\/\/carro.blog.br\/ficha-tecnica\/wp-json\/wp\/v2\/comments?post=5964"}],"version-history":[{"count":1,"href":"https:\/\/carro.blog.br\/ficha-tecnica\/wp-json\/wp\/v2\/pages\/5964\/revisions"}],"predecessor-version":[{"id":5966,"href":"https:\/\/carro.blog.br\/ficha-tecnica\/wp-json\/wp\/v2\/pages\/5964\/revisions\/5966"}],"up":[{"embeddable":true,"href":"https:\/\/carro.blog.br\/ficha-tecnica\/wp-json\/wp\/v2\/pages\/539"}],"wp:attachment":[{"href":"https:\/\/carro.blog.br\/ficha-tecnica\/wp-json\/wp\/v2\/media?parent=5964"}],"curies":[{"name":"wp","href":"https:\/\/api.w.org\/{rel}","templated":true}]}}