{"id":5972,"date":"2024-12-20T17:03:41","date_gmt":"2024-12-20T20:03:41","guid":{"rendered":"https:\/\/carro.blog.br\/ficha-tecnica\/?page_id=5972"},"modified":"2025-12-20T17:06:07","modified_gmt":"2025-12-20T20:06:07","slug":"chevrolet-astra","status":"publish","type":"page","link":"https:\/\/carro.blog.br\/ficha-tecnica\/chevrolet\/chevrolet-astra","title":{"rendered":"Chevrolet Astra"},"content":{"rendered":"<ul class=\"col4\">\n<li><a href=\"https:\/\/carro.blog.br\/ficha-tecnica\/chevrolet\/chevrolet-astra\/chevrolet-astra-2011\">2011<\/a><\/li>\n<li><a href=\"https:\/\/carro.blog.br\/montadoras\/chevrolet\/chevrolet-astra\/chevrolet-astra-2010\">2010<\/a><\/li>\n<li><a href=\"https:\/\/carro.blog.br\/montadoras\/chevrolet\/chevrolet-astra\/chevrolet-astra-2009\">2009<\/a><\/li>\n<li><a href=\"https:\/\/carro.blog.br\/montadoras\/chevrolet\/chevrolet-astra\/chevrolet-astra-2008\">2008<\/a><\/li>\n<li><a href=\"https:\/\/carro.blog.br\/montadoras\/chevrolet\/chevrolet-astra\/chevrolet-astra-2007\">2007<\/a><\/li>\n<li><a href=\"https:\/\/carro.blog.br\/montadoras\/chevrolet\/chevrolet-astra\/chevrolet-astra-2006\">2006<\/a><\/li>\n<li><a href=\"https:\/\/carro.blog.br\/montadoras\/chevrolet\/chevrolet-astra\/chevrolet-astra-2005\">2005<\/a><\/li>\n<li><a href=\"https:\/\/carro.blog.br\/montadoras\/chevrolet\/chevrolet-astra\/chevrolet-astra-2004\">2004<\/a><\/li>\n<li><a href=\"https:\/\/carro.blog.br\/montadoras\/chevrolet\/chevrolet-astra\/chevrolet-astra-2003\">2003<\/a><\/li>\n<li><a href=\"https:\/\/carro.blog.br\/montadoras\/chevrolet\/chevrolet-astra\/chevrolet-astra-2002\">2002<\/a><\/li>\n<li><a href=\"https:\/\/carro.blog.br\/montadoras\/chevrolet\/chevrolet-astra\/chevrolet-astra-2001\">2001<\/a><\/li>\n<li><a href=\"https:\/\/carro.blog.br\/montadoras\/chevrolet\/chevrolet-astra\/chevrolet-astra-2000\">2000<\/a><\/li>\n<li><a href=\"https:\/\/carro.blog.br\/montadoras\/chevrolet\/chevrolet-astra\/chevrolet-astra-1999\">1999<\/a><\/li>\n<li><a href=\"https:\/\/carro.blog.br\/montadoras\/chevrolet\/chevrolet-astra\/chevrolet-astra-1995\">1995<\/a><\/li>\n<\/ul>\n<h2>Chevrolet Astra marcou presen\u00e7a na ind\u00fastria automotiva brasileira<\/h2>\n<figure id=\"attachment_176385\" aria-describedby=\"caption-attachment-176385\" style=\"width: 900px\" class=\"wp-caption aligncenter\"><img loading=\"lazy\" decoding=\"async\" class=\"size-thumbnail wp-image-176385\" src=\"https:\/\/carro.blog.br\/wp-content\/uploads\/2025\/09\/Chevrolet-Astra-Advantage-2-0-8V-2011-9-1-900x466.webp\" alt=\"O Astra teve vers\u00f5es familiares, esportivas como GSi e SS e edi\u00e7\u00f5es especiais, equilibrando conforto, robustez e desempenho para diferentes perfis de motoristas.\" width=\"900\" height=\"466\" \/><figcaption id=\"caption-attachment-176385\" class=\"wp-caption-text\">O Astra teve vers\u00f5es familiares, esportivas como GSi e SS e edi\u00e7\u00f5es especiais, equilibrando conforto, robustez e desempenho para diferentes perfis de motoristas.<\/figcaption><\/figure>\n<p>O Chevrolet Astra se consolidou como um dos modelos m\u00e9dios mais importantes da Chevrolet no Brasil. Introduzido nos anos 1990, o carro logo ganhou produ\u00e7\u00e3o nacional e uma linha variada de vers\u00f5es, que atendiam desde consumidores que buscavam praticidade no dia a dia at\u00e9 os que valorizavam esportividade.<\/p>\n<p>Ao longo de sua trajet\u00f3ria, o Astra passou por atualiza\u00e7\u00f5es que inclu\u00edram edi\u00e7\u00f5es especiais, como Advantage e Elite, al\u00e9m de vers\u00f5es esportivas como GSi e SS, reconhecidas pelo desempenho diferenciado. O modelo tamb\u00e9m teve participa\u00e7\u00e3o nas pistas da Stock Car Brasil, refor\u00e7ando sua imagem de robustez e esportividade no mercado.<\/p>\n<p>Atualmente, mesmo fora de linha h\u00e1 mais de uma d\u00e9cada, o Astra ainda ocupa espa\u00e7o no mercado de usados. \u00c9 lembrado por sua confiabilidade mec\u00e2nica, custo de manuten\u00e7\u00e3o acess\u00edvel e pela versatilidade que o tornou uma op\u00e7\u00e3o valorizada tanto para uso familiar quanto para quem busca um carro com bom desempenho.<\/p>\n","protected":false},"excerpt":{"rendered":"<p>2011 2010 2009 2008 2007 2006 2005 2004 2003 2002 2001 2000 1999 1995 Chevrolet Astra marcou presen\u00e7a na ind\u00fastria automotiva brasileira O Chevrolet Astra se consolidou como um dos modelos m\u00e9dios mais importantes da Chevrolet no Brasil. Introduzido nos anos 1990, o carro logo ganhou produ\u00e7\u00e3o nacional e uma linha variada de vers\u00f5es, que [&hellip;]<\/p>\n","protected":false},"author":1,"featured_media":0,"parent":118,"menu_order":0,"comment_status":"closed","ping_status":"closed","template":"","meta":{"footnotes":""},"class_list":["post-5972","page","type-page","status-publish","hentry"],"_links":{"self":[{"href":"https:\/\/carro.blog.br\/ficha-tecnica\/wp-json\/wp\/v2\/pages\/5972","targetHints":{"allow":["GET"]}}],"collection":[{"href":"https:\/\/carro.blog.br\/ficha-tecnica\/wp-json\/wp\/v2\/pages"}],"about":[{"href":"https:\/\/carro.blog.br\/ficha-tecnica\/wp-json\/wp\/v2\/types\/page"}],"author":[{"embeddable":true,"href":"https:\/\/carro.blog.br\/ficha-tecnica\/wp-json\/wp\/v2\/users\/1"}],"replies":[{"embeddable":true,"href":"https:\/\/carro.blog.br\/ficha-tecnica\/wp-json\/wp\/v2\/comments?post=5972"}],"version-history":[{"count":2,"href":"https:\/\/carro.blog.br\/ficha-tecnica\/wp-json\/wp\/v2\/pages\/5972\/revisions"}],"predecessor-version":[{"id":5979,"href":"https:\/\/carro.blog.br\/ficha-tecnica\/wp-json\/wp\/v2\/pages\/5972\/revisions\/5979"}],"up":[{"embeddable":true,"href":"https:\/\/carro.blog.br\/ficha-tecnica\/wp-json\/wp\/v2\/pages\/118"}],"wp:attachment":[{"href":"https:\/\/carro.blog.br\/ficha-tecnica\/wp-json\/wp\/v2\/media?parent=5972"}],"curies":[{"name":"wp","href":"https:\/\/api.w.org\/{rel}","templated":true}]}}