{"id":6013,"date":"2024-12-20T23:48:07","date_gmt":"2024-12-21T02:48:07","guid":{"rendered":"https:\/\/carro.blog.br\/ficha-tecnica\/?page_id=6013"},"modified":"2025-12-20T23:49:33","modified_gmt":"2025-12-21T02:49:33","slug":"toyota-corolla-cross-2024","status":"publish","type":"page","link":"https:\/\/carro.blog.br\/ficha-tecnica\/toyota\/toyota-corolla-cross\/toyota-corolla-cross-2024","title":{"rendered":"Toyota Corolla Cross 2024"},"content":{"rendered":"<ul>\n<li>Toyota Corolla Cross XR 2.0 16V Flex Aut. 2024 (002201-2)<\/li>\n<li><a href=\"https:\/\/carro.blog.br\/toyota-corolla-cross-xre-2-0-2024-preco-ficha-tecnica-consumo-equipamentos-e-fotos-traz-bancos-de-couro-central-multimidia-e-direcao-eletrica-com-bom-acabamento.html\">Toyota Corolla Cross XRE 2.0 16V Flex Aut. 2024<\/a> (002203-9)<\/li>\n<li>Toyota Corolla Cross XRV 1.8 16V Aut. H\u00edbrido 2024 (002200-4)<\/li>\n<li>Toyota Corolla Cross GR-S 2.0 16V Flex Aut. 2024 (002208-0)<\/li>\n<li>Toyota Corolla Cross XRX 2.0 16V Flex Aut. 2024 (002216-0)<\/li>\n<li>Toyota Corolla Cross XRX 1.8 16V Aut. H\u00edbrido 2024 (002204-7)<\/li>\n<\/ul>\n<h2>Toyota Corolla Cross 2024 equil\u00edbrio entre efici\u00eancia, conforto e tecnologia<\/h2>\n<figure id=\"attachment_200510\" aria-describedby=\"caption-attachment-200510\" style=\"width: 900px\" class=\"wp-caption aligncenter\"><img loading=\"lazy\" decoding=\"async\" src=\"https:\/\/carro.blog.br\/wp-content\/uploads\/2025\/10\/Toyota-Corolla-Cross-2024-900x538.webp\" alt=\"As vers\u00f5es do Toyota Corolla Cross 2024 equilibram efici\u00eancia e desempenho, com op\u00e7\u00f5es h\u00edbridas econ\u00f4micas e flex potentes, ideais tanto para uso urbano quanto em viagens.\" width=\"900\" height=\"538\" class=\"size-thumbnail wp-image-200510\" \/><figcaption id=\"caption-attachment-200510\" class=\"wp-caption-text\">As vers\u00f5es do Toyota Corolla Cross 2024 equilibram efici\u00eancia e desempenho, com op\u00e7\u00f5es h\u00edbridas econ\u00f4micas e flex potentes, ideais tanto para uso urbano quanto em viagens.<\/figcaption><\/figure>\n<p>O Toyota Corolla Cross 2024 mant\u00e9m sua posi\u00e7\u00e3o como um dos SUVs m\u00e9dios mais equilibrados do mercado brasileiro. Com design robusto, boa altura em rela\u00e7\u00e3o ao solo e acabamento interno de n\u00edvel superior, o modelo alia conforto e confiabilidade mec\u00e2nica. O conjunto de suspens\u00e3o independente nas quatro rodas e o c\u00e2mbio autom\u00e1tico CVT asseguram uma condu\u00e7\u00e3o suave, ideal tanto para o uso urbano quanto para viagens em estrada.<\/p>\n<p>No mercado nacional, o Corolla Cross se consolidou como uma das principais op\u00e7\u00f5es para quem busca efici\u00eancia e seguran\u00e7a em um utilit\u00e1rio esportivo. A oferta de vers\u00f5es flex e h\u00edbridas amplia seu alcance entre p\u00fablicos diferentes \u2014 de motoristas que priorizam baixo consumo a fam\u00edlias que valorizam desempenho e espa\u00e7o interno. O sistema h\u00edbrido, compartilhado com o sed\u00e3 Corolla, destaca-se pela durabilidade e baixo custo de manuten\u00e7\u00e3o.<\/p>\n<p>As vers\u00f5es XR e XRE atendem ao p\u00fablico que procura um SUV confi\u00e1vel para o dia a dia, enquanto as variantes GR-S e XRX focam em desempenho e sofistica\u00e7\u00e3o, respectivamente. J\u00e1 as op\u00e7\u00f5es h\u00edbridas XRV e XRX entregam m\u00e1xima efici\u00eancia energ\u00e9tica e condu\u00e7\u00e3o silenciosa. Essa variedade torna o Corolla Cross 2024 um dos modelos mais vers\u00e1teis e completos de seu segmento no Brasil.<\/p>\n","protected":false},"excerpt":{"rendered":"<p>Toyota Corolla Cross XR 2.0 16V Flex Aut. 2024 (002201-2) Toyota Corolla Cross XRE 2.0 16V Flex Aut. 2024 (002203-9) Toyota Corolla Cross XRV 1.8 16V Aut. H\u00edbrido 2024 (002200-4) Toyota Corolla Cross GR-S 2.0 16V Flex Aut. 2024 (002208-0) Toyota Corolla Cross XRX 2.0 16V Flex Aut. 2024 (002216-0) Toyota Corolla Cross XRX 1.8 [&hellip;]<\/p>\n","protected":false},"author":1,"featured_media":0,"parent":21,"menu_order":0,"comment_status":"closed","ping_status":"closed","template":"","meta":{"footnotes":""},"class_list":["post-6013","page","type-page","status-publish","hentry"],"_links":{"self":[{"href":"https:\/\/carro.blog.br\/ficha-tecnica\/wp-json\/wp\/v2\/pages\/6013","targetHints":{"allow":["GET"]}}],"collection":[{"href":"https:\/\/carro.blog.br\/ficha-tecnica\/wp-json\/wp\/v2\/pages"}],"about":[{"href":"https:\/\/carro.blog.br\/ficha-tecnica\/wp-json\/wp\/v2\/types\/page"}],"author":[{"embeddable":true,"href":"https:\/\/carro.blog.br\/ficha-tecnica\/wp-json\/wp\/v2\/users\/1"}],"replies":[{"embeddable":true,"href":"https:\/\/carro.blog.br\/ficha-tecnica\/wp-json\/wp\/v2\/comments?post=6013"}],"version-history":[{"count":1,"href":"https:\/\/carro.blog.br\/ficha-tecnica\/wp-json\/wp\/v2\/pages\/6013\/revisions"}],"predecessor-version":[{"id":6014,"href":"https:\/\/carro.blog.br\/ficha-tecnica\/wp-json\/wp\/v2\/pages\/6013\/revisions\/6014"}],"up":[{"embeddable":true,"href":"https:\/\/carro.blog.br\/ficha-tecnica\/wp-json\/wp\/v2\/pages\/21"}],"wp:attachment":[{"href":"https:\/\/carro.blog.br\/ficha-tecnica\/wp-json\/wp\/v2\/media?parent=6013"}],"curies":[{"name":"wp","href":"https:\/\/api.w.org\/{rel}","templated":true}]}}