{"id":717,"date":"2025-11-09T10:23:33","date_gmt":"2025-11-09T13:23:33","guid":{"rendered":"https:\/\/carro.blog.br\/ficha-tecnica\/?page_id=717"},"modified":"2026-01-04T20:08:18","modified_gmt":"2026-01-04T23:08:18","slug":"toyota-corolla-2013","status":"publish","type":"page","link":"https:\/\/carro.blog.br\/ficha-tecnica\/toyota\/toyota-corolla\/toyota-corolla-2013","title":{"rendered":"Toyota Corolla 2013"},"content":{"rendered":"<ul>\n<li><a href=\"https:\/\/carro.blog.br\/toyota-corolla-xli-1-8-2013-manual-vantagens-desvantagens-e-principais-defeitos-confira-preco-e-ficha-tecnica-do-sedan-usado.html\">Corolla XLi 1.8\/1.8 Flex 16V Mec. 2013<\/a> (002027-3)<\/li>\n<li><a href=\"https:\/\/carro.blog.br\/guia-de-usados-ficha-tecnica-do-toyota-corolla-gli-1-8-2013-confira-preco-fotos-e-desempenho-do-sedan-manual.html\">Corolla GLi 1.8 Flex 16V Mec. 2013<\/a> (002108-3)<\/li>\n<li><a href=\"https:\/\/carro.blog.br\/toyota-corolla-xli-1-8-automatico-2013-preco-ficha-tecnica-consumo-equipamentos-e-fotos-confiavel-no-uso-diario-mas-cambio-limitado.html\">Corolla XLi 1.8\/1.8 Flex 16V Aut. 2013<\/a>(002062-1)<\/li>\n<li><a href=\"https:\/\/carro.blog.br\/ficha-tecnica\/toyota\/toyota-corolla\/toyota-corolla-2013\/toyota-corolla-gli-1-8-automatico-2013\">Corolla GLi 1.8 Flex 16V Aut. 2013<\/a> (002109-1)<\/li>\n<li><a href=\"https:\/\/carro.blog.br\/ficha-tecnica\/toyota\/toyota-corolla\/toyota-corolla-2013\/toyota-corolla-xei-2-0-2013-preco-ficha-tecnica-consumo-equipamentos-e-fotos\">Corolla XEi 2.0 Flex 16V Aut. 2013<\/a> (002111-3)<\/li>\n<li><a href=\"https:\/\/carro.blog.br\/ficha-tecnica\/toyota\/toyota-corolla\/toyota-corolla-2013\/toyota-corolla-xrs-2-0-2013\">Corolla XRS 2.0 Flex 16V Aut. 2013<\/a> (002115-6)<\/li>\n<li><a href=\"https:\/\/carro.blog.br\/toyota-corolla-altis-2-0-2013-preco-ficha-tecnica-consumo-equipamentos-e-fotos-confiavel-no-uso-mas-pouco-esportivo.html\">Corolla Altis\/A.Premiu. 2.0 Flex 16V Aut. 2013<\/a> (002112-1)<\/li>\n<\/ul>\n<h2>Toyota Corolla 2013 mant\u00e9m relev\u00e2ncia no mercado de usados<\/h2>\n<figure id=\"attachment_176027\" aria-describedby=\"caption-attachment-176027\" style=\"width: 900px\" class=\"wp-caption aligncenter\"><img loading=\"lazy\" decoding=\"async\" src=\"https:\/\/carro.blog.br\/wp-content\/uploads\/2025\/09\/Toyota-Corolla-XEi-2-0-2013-1-1800x936-1-900x468.webp\" alt=\"O Corolla 2013 traz vers\u00f5es 1.8 e 2.0, com c\u00e2mbio manual ou autom\u00e1tico. Serve bem para fam\u00edlias, motoristas urbanos e quem busca conforto e confiabilidade em um sed\u00e3 usado.\" width=\"900\" height=\"468\" class=\"size-thumbnail wp-image-176027\" \/><figcaption id=\"caption-attachment-176027\" class=\"wp-caption-text\">O Corolla 2013 traz vers\u00f5es 1.8 e 2.0, com c\u00e2mbio manual ou autom\u00e1tico. Serve bem para fam\u00edlias, motoristas urbanos e quem busca conforto e confiabilidade em um sed\u00e3 usado.<\/figcaption><\/figure>\n<p>O Toyota Corolla 2013 segue como uma op\u00e7\u00e3o s\u00f3lida para quem procura um sed\u00e3 confi\u00e1vel e confort\u00e1vel. Reconhecido pela durabilidade e pelo bom espa\u00e7o interno, o modelo atende fam\u00edlias e motoristas que priorizam robustez no dia a dia.<\/p>\n<p>Com vers\u00f5es que variam entre motores 1.8 e 2.0 flex, c\u00e2mbio manual ou autom\u00e1tico, o carro oferece alternativas que equilibram desempenho e economia. Al\u00e9m disso, a dirigibilidade suave e a manuten\u00e7\u00e3o acess\u00edvel ajudam a manter o Corolla como refer\u00eancia entre os usados.<\/p>\n<p>Outro ponto forte est\u00e1 no conjunto de conforto e seguran\u00e7a. Bancos ergon\u00f4micos, bom isolamento ac\u00fastico, ampla lista de equipamentos e constru\u00e7\u00e3o robusta refor\u00e7am a imagem de carro seguro, ideal tanto para uso urbano quanto em viagens.<\/p>\n","protected":false},"excerpt":{"rendered":"<p>Corolla XLi 1.8\/1.8 Flex 16V Mec. 2013 (002027-3) Corolla GLi 1.8 Flex 16V Mec. 2013 (002108-3) Corolla XLi 1.8\/1.8 Flex 16V Aut. 2013(002062-1) Corolla GLi 1.8 Flex 16V Aut. 2013 (002109-1) Corolla XEi 2.0 Flex 16V Aut. 2013 (002111-3) Corolla XRS 2.0 Flex 16V Aut. 2013 (002115-6) Corolla Altis\/A.Premiu. 2.0 Flex 16V Aut. 2013 (002112-1) [&hellip;]<\/p>\n","protected":false},"author":1,"featured_media":0,"parent":539,"menu_order":0,"comment_status":"closed","ping_status":"closed","template":"","meta":{"footnotes":""},"class_list":["post-717","page","type-page","status-publish","hentry"],"_links":{"self":[{"href":"https:\/\/carro.blog.br\/ficha-tecnica\/wp-json\/wp\/v2\/pages\/717","targetHints":{"allow":["GET"]}}],"collection":[{"href":"https:\/\/carro.blog.br\/ficha-tecnica\/wp-json\/wp\/v2\/pages"}],"about":[{"href":"https:\/\/carro.blog.br\/ficha-tecnica\/wp-json\/wp\/v2\/types\/page"}],"author":[{"embeddable":true,"href":"https:\/\/carro.blog.br\/ficha-tecnica\/wp-json\/wp\/v2\/users\/1"}],"replies":[{"embeddable":true,"href":"https:\/\/carro.blog.br\/ficha-tecnica\/wp-json\/wp\/v2\/comments?post=717"}],"version-history":[{"count":4,"href":"https:\/\/carro.blog.br\/ficha-tecnica\/wp-json\/wp\/v2\/pages\/717\/revisions"}],"predecessor-version":[{"id":6704,"href":"https:\/\/carro.blog.br\/ficha-tecnica\/wp-json\/wp\/v2\/pages\/717\/revisions\/6704"}],"up":[{"embeddable":true,"href":"https:\/\/carro.blog.br\/ficha-tecnica\/wp-json\/wp\/v2\/pages\/539"}],"wp:attachment":[{"href":"https:\/\/carro.blog.br\/ficha-tecnica\/wp-json\/wp\/v2\/media?parent=717"}],"curies":[{"name":"wp","href":"https:\/\/api.w.org\/{rel}","templated":true}]}}