{"id":870,"date":"2025-11-09T22:59:02","date_gmt":"2025-11-10T01:59:02","guid":{"rendered":"https:\/\/carro.blog.br\/ficha-tecnica\/?page_id=870"},"modified":"2025-11-09T22:59:02","modified_gmt":"2025-11-10T01:59:02","slug":"volkswagen-nivus-2026","status":"publish","type":"page","link":"https:\/\/carro.blog.br\/ficha-tecnica\/volkswagen\/volkswagen-nivus\/volkswagen-nivus-2026","title":{"rendered":"Volkswagen Nivus 2026"},"content":{"rendered":"<ul>\n<li><a href=\"https:\/\/carro.blog.br\/volkswagen-nivus-sense-1-0-tsi-2026-preco-ficha-tecnica-consumo-equipamentos-e-fotos-suv-compacto-e-eficiente-e-ideal-para-o-dia-a-dia.html\">Volkswagen Nivus 1.0 200 TSI Total Flex Sense Autom\u00e1tico 2026<\/a> (005548-4)<\/li>\n<li><a href=\"https:\/\/carro.blog.br\/volkswagen-nivus-comfortline-1-0-tsi-2026-preco-ficha-tecnica-consumo-e-equipamentos-motor-1-0-turbo-entrega-128-cv-e-garante-agilidade-nas-manobras-da-cidade.html\">Volkswagen Nivus 1.0 200 TSI Total Flex Comfortline Autom\u00e1tico 2026<\/a> (005525-5)<\/li>\n<li><a href=\"https:\/\/carro.blog.br\/volkswagen-nivus-highline-1-0-tsi-2026-preco-ficha-tecnica-consumo-equipamentos-e-fotos-bom-para-viajar-mas-limitado-para-cinco-ocupantes.html\">Volkswagen Nivus 1.0 200 TSI Total Flex Highline Autom\u00e1tico 2026<\/a> (005526-3)<\/li>\n<li><a href=\"https:\/\/carro.blog.br\/volkswagen-nivus-gts-1-4-tsi-2026-preco-ficha-tecnica-consumo-equipamentos-e-fotos-design-esportivo-mas-espaco-traseiro-limitado.html\">Volkswagen Nivus 1.4 250 TSI Total Flex GTS Autom\u00e1tico 2026<\/a> (005553-0)<\/li>\n<\/ul>\n<h2>Volkswagen Nivus 2026: o que oferecem as vers\u00f5es Sense, Comfortline, Highline e GTS<\/h2>\n<figure id=\"attachment_177705\" aria-describedby=\"caption-attachment-177705\" style=\"width: 900px\" class=\"wp-caption aligncenter\"><img loading=\"lazy\" decoding=\"async\" src=\"https:\/\/carro.blog.br\/wp-content\/uploads\/2025\/09\/Volkswagen-Nivus-GTS-1.4-TSi-2026-12-900x556.webp\" alt=\"As vers\u00f5es Sense, Comfortline e Highline equilibram praticidade, conforto e tecnologia, enquanto a GTS foca na esportividade. Todas servem para uso urbano e viagens.\" width=\"900\" height=\"556\" class=\"size-thumbnail wp-image-177705\" \/><figcaption id=\"caption-attachment-177705\" class=\"wp-caption-text\">As vers\u00f5es Sense, Comfortline e Highline equilibram praticidade, conforto e tecnologia, enquanto a GTS foca na esportividade. Todas servem para uso urbano e viagens.<\/figcaption><\/figure>\n<p>O Volkswagen Nivus \u00e9 um crossover compacto que se consolidou como uma alternativa pr\u00e1tica para quem busca versatilidade no tr\u00e2nsito urbano e em viagens curtas. Com motores turbo flex e c\u00e2mbio autom\u00e1tico, o modelo combina efici\u00eancia, bom desempenho e um estilo marcante que agrada diferentes perfis de consumidores.<\/p>\n<p>A gama de vers\u00f5es inclui op\u00e7\u00f5es que v\u00e3o do essencial ao mais sofisticado. O Nivus Sense entrega o b\u00e1sico para o dia a dia, o Comfortline acrescenta recursos de conforto e conectividade, enquanto o Highline oferece acabamento superior e tecnologias mais avan\u00e7adas. J\u00e1 a vers\u00e3o GTS, com motor mais potente, atende quem procura esportividade e resposta r\u00e1pida ao volante.<\/p>\n<p>No mercado de autom\u00f3veis no Brasil, o Nivus ocupa uma posi\u00e7\u00e3o estrat\u00e9gica entre hatches premium e SUVs compactos, conquistando espa\u00e7o em um segmento competitivo. Sua proposta atende consumidores que valorizam economia de combust\u00edvel, conectividade embarcada e design moderno, sem abrir m\u00e3o de praticidade e bom custo-benef\u00edcio dentro da categoria.<\/p>\n","protected":false},"excerpt":{"rendered":"<p>Volkswagen Nivus 1.0 200 TSI Total Flex Sense Autom\u00e1tico 2026 (005548-4) Volkswagen Nivus 1.0 200 TSI Total Flex Comfortline Autom\u00e1tico 2026 (005525-5) Volkswagen Nivus 1.0 200 TSI Total Flex Highline Autom\u00e1tico 2026 (005526-3) Volkswagen Nivus 1.4 250 TSI Total Flex GTS Autom\u00e1tico 2026 (005553-0) Volkswagen Nivus 2026: o que oferecem as vers\u00f5es Sense, Comfortline, Highline [&hellip;]<\/p>\n","protected":false},"author":1,"featured_media":0,"parent":862,"menu_order":0,"comment_status":"closed","ping_status":"closed","template":"","meta":{"footnotes":""},"class_list":["post-870","page","type-page","status-publish","hentry"],"_links":{"self":[{"href":"https:\/\/carro.blog.br\/ficha-tecnica\/wp-json\/wp\/v2\/pages\/870","targetHints":{"allow":["GET"]}}],"collection":[{"href":"https:\/\/carro.blog.br\/ficha-tecnica\/wp-json\/wp\/v2\/pages"}],"about":[{"href":"https:\/\/carro.blog.br\/ficha-tecnica\/wp-json\/wp\/v2\/types\/page"}],"author":[{"embeddable":true,"href":"https:\/\/carro.blog.br\/ficha-tecnica\/wp-json\/wp\/v2\/users\/1"}],"replies":[{"embeddable":true,"href":"https:\/\/carro.blog.br\/ficha-tecnica\/wp-json\/wp\/v2\/comments?post=870"}],"version-history":[{"count":1,"href":"https:\/\/carro.blog.br\/ficha-tecnica\/wp-json\/wp\/v2\/pages\/870\/revisions"}],"predecessor-version":[{"id":872,"href":"https:\/\/carro.blog.br\/ficha-tecnica\/wp-json\/wp\/v2\/pages\/870\/revisions\/872"}],"up":[{"embeddable":true,"href":"https:\/\/carro.blog.br\/ficha-tecnica\/wp-json\/wp\/v2\/pages\/862"}],"wp:attachment":[{"href":"https:\/\/carro.blog.br\/ficha-tecnica\/wp-json\/wp\/v2\/media?parent=870"}],"curies":[{"name":"wp","href":"https:\/\/api.w.org\/{rel}","templated":true}]}}