{"id":877,"date":"2025-11-10T08:30:19","date_gmt":"2025-11-10T11:30:19","guid":{"rendered":"https:\/\/carro.blog.br\/ficha-tecnica\/?page_id=877"},"modified":"2025-11-23T14:36:56","modified_gmt":"2025-11-23T17:36:56","slug":"toyota-corolla-2012","status":"publish","type":"page","link":"https:\/\/carro.blog.br\/ficha-tecnica\/toyota\/toyota-corolla\/toyota-corolla-2012","title":{"rendered":"Toyota Corolla 2012"},"content":{"rendered":"<ul>\n<li>Toyota Corolla XLi 1.8\/1.8 Flex 16v Mec. 2012 (002027-3)<\/li>\n<li><a href=\"https:\/\/carro.blog.br\/ficha-tecnica\/toyota\/toyota-corolla\/toyota-corolla-2012\/toyota-corolla-gli-1-8-2012-preco-ficha-tecnica-consumo-equipamentos-e-fotos\">Toyota Corolla GLi 1.8 Flex 16v Mec. 2012<\/a> (002108-3)<\/li>\n<li><a href=\"https:\/\/carro.blog.br\/ficha-tecnica\/toyota\/toyota-corolla\/toyota-corolla-2012\/toyota-corolla-xli-1-8-at-2012-preco-ficha-tecnica-consumo-equipamentos-e-fotos\">Toyota Corolla XLi 1.8\/1.8 Flex 16v Aut. 2012<\/a> (002062-1)<\/li>\n<li><a href=\"https:\/\/carro.blog.br\/comprar-um-corolla-gli-2012-automatico-usado-ainda-e-uma-escolha-segura-confira-ficha-tecnica-preco-e-fotos.html\">Toyota Corolla GLi 1.8 Flex 16v Aut. 2012<\/a> (002109-1)<\/li>\n<li><a href=\"https:\/\/carro.blog.br\/ficha-tecnica-do-toyota-corolla-xei-2-0-2012-o-que-saber-antes-de-comprar-um-usado-confiavel-veja-preco-e-fotos.html\">Toyota Corolla XEi 2.0 Flex 16v Aut. 2012<\/a> (002111-3)<\/li>\n<li><a href=\"https:\/\/carro.blog.br\/ficha-tecnica\/toyota\/toyota-corolla\/toyota-corolla-2012\/toyota-corolla-altis-2-0-2012-ficha-tecnica-preco-consumo-e-fotos-sedan-confortavel-para-viagens\">Toyota Corolla Altis\/A.Premium 2.0 Flex 16v Aut. 2012<\/a> (002112-1)<\/li>\n<\/ul>\n<h2>Toyota Corolla 2012: confiabilidade e equil\u00edbrio entre desempenho e conforto<\/h2>\n<figure id=\"attachment_878\" aria-describedby=\"caption-attachment-878\" style=\"width: 900px\" class=\"wp-caption aligncenter\"><img loading=\"lazy\" decoding=\"async\" src=\"https:\/\/carro.blog.br\/ficha-tecnica\/wp-content\/uploads\/2025\/11\/Toyota-Corolla-GLi-2012-13-900x598.webp\" alt=\"Vers\u00f5es XLi e GLi 1.8 focam na economia, XEi 2.0 oferece mais desempenho e Altis 2.0 traz conforto e requinte, todas marcadas pela confiabilidade Toyota.\" width=\"900\" height=\"598\" class=\"size-thumbnail wp-image-878\" srcset=\"https:\/\/carro.blog.br\/ficha-tecnica\/wp-content\/uploads\/2025\/11\/Toyota-Corolla-GLi-2012-13-350x233.webp 350w, https:\/\/carro.blog.br\/ficha-tecnica\/wp-content\/uploads\/2025\/11\/Toyota-Corolla-GLi-2012-13-150x100.webp 150w\" sizes=\"auto, (max-width: 900px) 100vw, 900px\" \/><figcaption id=\"caption-attachment-878\" class=\"wp-caption-text\">Vers\u00f5es XLi e GLi 1.8 focam na economia, XEi 2.0 oferece mais desempenho e Altis 2.0 traz conforto e requinte, todas marcadas pela confiabilidade Toyota.<\/figcaption><\/figure>\n<p>O Toyota Corolla 2012 consolidou sua reputa\u00e7\u00e3o como um dos sed\u00e3s m\u00e9dios mais confi\u00e1veis e equilibrados do mercado brasileiro. Com design discreto e mec\u00e2nica robusta, mant\u00e9m alto valor de revenda e baixo custo de manuten\u00e7\u00e3o, atributos que o tornam presen\u00e7a constante nas garagens de quem busca durabilidade e conforto no dia a dia. O motor Flex, aliado \u00e0 tra\u00e7\u00e3o dianteira e \u00e0 boa dirigibilidade, garante desempenho satisfat\u00f3rio tanto na cidade quanto na estrada.<\/p>\n<p>O modelo oferecia diferentes vers\u00f5es para atender perfis variados de motoristas. A XLi e GLi 1.8 podiam ser equipadas com c\u00e2mbio manual ou autom\u00e1tico, priorizando economia e simplicidade. J\u00e1 a XEi 2.0 trazia desempenho superior e mais itens de conforto, enquanto a Altis 2.0 assumia o papel de topo de linha, oferecendo acabamento refinado e tecnologias de conveni\u00eancia que mant\u00eam seu apelo mesmo anos depois. Todas as vers\u00f5es compartilham o mesmo DNA de confiabilidade, t\u00edpico da Toyota.<\/p>\n<p>No mercado de usados, o Corolla 2012 segue sendo uma das op\u00e7\u00f5es mais seguras para quem busca um sed\u00e3 confi\u00e1vel e confort\u00e1vel sem surpresas na manuten\u00e7\u00e3o. Seu conjunto mec\u00e2nico testado e a ampla rede de assist\u00eancia fazem dele uma escolha racional, especialmente entre frotistas, motoristas de aplicativo e fam\u00edlias que valorizam estabilidade e conforto ao volante.<\/p>\n","protected":false},"excerpt":{"rendered":"<p>Toyota Corolla XLi 1.8\/1.8 Flex 16v Mec. 2012 (002027-3) Toyota Corolla GLi 1.8 Flex 16v Mec. 2012 (002108-3) Toyota Corolla XLi 1.8\/1.8 Flex 16v Aut. 2012 (002062-1) Toyota Corolla GLi 1.8 Flex 16v Aut. 2012 (002109-1) Toyota Corolla XEi 2.0 Flex 16v Aut. 2012 (002111-3) Toyota Corolla Altis\/A.Premium 2.0 Flex 16v Aut. 2012 (002112-1) Toyota [&hellip;]<\/p>\n","protected":false},"author":1,"featured_media":0,"parent":539,"menu_order":0,"comment_status":"closed","ping_status":"closed","template":"","meta":{"footnotes":""},"class_list":["post-877","page","type-page","status-publish","hentry"],"_links":{"self":[{"href":"https:\/\/carro.blog.br\/ficha-tecnica\/wp-json\/wp\/v2\/pages\/877","targetHints":{"allow":["GET"]}}],"collection":[{"href":"https:\/\/carro.blog.br\/ficha-tecnica\/wp-json\/wp\/v2\/pages"}],"about":[{"href":"https:\/\/carro.blog.br\/ficha-tecnica\/wp-json\/wp\/v2\/types\/page"}],"author":[{"embeddable":true,"href":"https:\/\/carro.blog.br\/ficha-tecnica\/wp-json\/wp\/v2\/users\/1"}],"replies":[{"embeddable":true,"href":"https:\/\/carro.blog.br\/ficha-tecnica\/wp-json\/wp\/v2\/comments?post=877"}],"version-history":[{"count":4,"href":"https:\/\/carro.blog.br\/ficha-tecnica\/wp-json\/wp\/v2\/pages\/877\/revisions"}],"predecessor-version":[{"id":1979,"href":"https:\/\/carro.blog.br\/ficha-tecnica\/wp-json\/wp\/v2\/pages\/877\/revisions\/1979"}],"up":[{"embeddable":true,"href":"https:\/\/carro.blog.br\/ficha-tecnica\/wp-json\/wp\/v2\/pages\/539"}],"wp:attachment":[{"href":"https:\/\/carro.blog.br\/ficha-tecnica\/wp-json\/wp\/v2\/media?parent=877"}],"curies":[{"name":"wp","href":"https:\/\/api.w.org\/{rel}","templated":true}]}}